{"id":79,"date":"2014-11-13T14:24:57","date_gmt":"2014-11-13T14:24:57","guid":{"rendered":"http:\/\/lacvertplage.fr\/?page_id=79"},"modified":"2025-07-03T14:35:51","modified_gmt":"2025-07-03T14:35:51","slug":"activites-aux-alentours","status":"publish","type":"page","link":"https:\/\/lacvertplage.fr\/nl_nl\/activites-aux-alentours\/","title":{"rendered":"Activiteiten in de omgeving"},"content":{"rendered":"<h1 class=\"wp-block-heading\"><a href=\"https:\/\/www.maison-du-miel.fr\/\">Huis van honing en bijen<\/a>.<\/h1>\r\n<p>Ga op de fiets of met de auto naar Aincreville om samen met je kinderen de fascinerende wereld van de bijen te ontdekken in het <a title=\"honing en bijen huis maas\" href=\"https:\/\/www.maison-du-miel.fr\/\" target=\"_blank\" rel=\"noopener noreferrer\">huis van honing en bijen.<\/a><\/p>\r\n\r\n<p>&nbsp;<\/p>\r\n\r\n\r\n\r\n<p style=\"text-align: justify;\">\u00a0<\/p><!-- \/wp:heading -->\r\n\r\n<!-- wp:heading {\"level\":3} -->\r\n\r\n<!-- wp:heading -->\r\n\r\n<!-- wp:heading {\"level\":3} --><!-- \/wp:heading -->\r\n\r\n<!-- wp:image {\"id\":135,\"sizeSlug\":\"large\",\"linkDestination\":\"media\"} --><!-- \/wp:image -->\r\n\r\n<!-- wp:heading {\"level\":3} -->\r\n<h1><a href=\"https:\/\/www.maison-du-miel.fr\/\">Huis van honing en bijen<\/a>.<\/h1>\r\n<p>Ga op de fiets of met de auto naar Aincreville om samen met je kinderen de fascinerende wereld van de bijen te ontdekken in het <a title=\"honing en bijen huis maas\" href=\"https:\/\/www.maison-du-miel.fr\/\" target=\"_blank\" rel=\"noopener noreferrer\">huis van honing en bijen.<\/a><\/p>\r\n<!-- \/wp:heading -->\r\n<p>&nbsp;<\/p>\r\n<!-- wp:heading -->\r\n\r\n<!-- wp:heading {\"level\":3} --><!-- \/wp:heading -->\r\n<p style=\"text-align: justify;\">\u00a0<\/p><!-- \/wp:post-content --><!-- \/wp:heading --><!-- wp:post-content --><!-- wp:heading -->\r\n<h1>Een paar idee\u00ebn voor uitstapjes rond het recreatiecentrum Lac Vert!<\/h1>\r\n<h2>Een beetje sport!<\/h2>\r\n<h1><a href=\"https:\/\/www.foretvasion.com\/\">For\u00eat'Vasion park in Sivry-sur-Meuse<\/a><\/h1>\r\n<p>Ga met de auto op slechts 10 minuten van Lac Vert op avontuur in het <a style=\"text-align: justify; font-size: 16px;\" title=\"vasion bospark\" href=\"http:\/\/www.foretvasion.com\/\" target=\"_blank\" rel=\"noopener noreferrer\">Het park van For\u00eat'Vasion<\/a><span style=\"text-align: justify; font-size: 16px;\">.<\/span><\/p>\r\n<p><strong style=\"text-align: justify; font-size: 16px;\">Acrobatische cursussen<\/strong><span style=\"text-align: justify; font-size: 16px;\"> 9 acrobatische cursussen, meer dan 125 doorlopende lifeline workshops. Cursussen voor alle leeftijden en niveaus...<\/span><\/p>\r\n<p><strong style=\"text-align: justify; font-size: 16px;\">Snelle sprong :<\/strong><span style=\"text-align: justify; font-size: 16px;\"> Durf jij jezelf van het 12 meter hoge platform te gooien?<\/span><\/p>\r\n<p><strong style=\"text-align: justify; font-size: 16px;\">Laserwoud :<\/strong><span style=\"text-align: justify; font-size: 16px;\"> Uitgerust met laserpistolen kun je het als team opnemen tegen je vrienden op een terrein vol obstakels. Precisie, uithoudingsvermogen en camouflage aanbevolen.<\/span><\/p>\r\n<p><strong style=\"text-align: justify; font-size: 16px;\">Ontsnappen :<\/strong><span style=\"text-align: justify; font-size: 16px;\"> \"L'\u00e9cole des sorciers of Piratas<\/span><\/p>\r\n<p><strong style=\"text-align: justify; font-size: 16px;\">Blote voeten en zintuigenpad<\/strong><span style=\"text-align: justify; font-size: 16px;\"> Zintuigenpad op blote voeten. Een wandeling in het bos waar je je 5 zintuigen opnieuw kunt ontdekken.<\/span><\/p>\r\n<h1><a href=\"https:\/\/www.lameuse.fr\/je-visite\/activites-et-visites\/activites\/p\/meuse-velo-rail-forges-sur-meuse\">Trappen, trappen... op een velorail<\/a><\/h1>\r\n<p>Op 15 minuten rijden van Lac Vert, vlakbij het voormalige treinstation Consenvoye-Forges, maak je een ritje per v\u00e9lorail. Ontdek het bos dat bezaaid is met kazematten uit de 1e Wereldoorlog.<sup style=\"text-align: justify;\">tijdperk<\/sup><span style=\"text-align: justify; font-size: 16px;\"> Wereldoorlog.<\/span><\/p>\r\n<h1><a href=\"https:\/\/museedelabiere.com\/\">Bier Museum<\/a>\u00a0<\/h1>\r\n<p>Het Mus\u00e9e de la Bi\u00e8re (Biermuseum) in Stenay vertelt de geschiedenis van de kunst en de traditie van het brouwen, van de oorsprong (12.000 jaar geleden) tot nu, met meer dan 2.500 m\u00b2 tentoonstellingsruimte.<\/p>\r\n<!-- \/wp:heading -->\r\n\r\n<!-- wp:heading {\"level\":3} -->\r\n\r\n<!-- wp:heading -->\r\n\r\n<!-- wp:heading {\"level\":3} --><!-- \/wp:heading -->\r\n\r\n<!-- wp:image {\"id\":135,\"sizeSlug\":\"large\",\"linkDestination\":\"media\"} --><!-- \/wp:image -->\r\n\r\n<!-- wp:heading {\"level\":3} -->\r\n<h1><a href=\"https:\/\/www.maison-du-miel.fr\/\">Huis van honing en bijen<\/a>.<\/h1>\r\n<p>Ga op de fiets of met de auto naar Aincreville om samen met je kinderen de fascinerende wereld van de bijen te ontdekken in het <a title=\"honing en bijen huis maas\" href=\"https:\/\/www.maison-du-miel.fr\/\" target=\"_blank\" rel=\"noopener noreferrer\">huis van honing en bijen.<\/a><\/p>\r\n<!-- \/wp:heading -->\r\n<p>&nbsp;<\/p>\r\n<!-- wp:heading -->\r\n\r\n<!-- wp:heading {\"level\":3} --><!-- \/wp:heading -->\r\n<p style=\"text-align: justify;\">\u00a0<\/p><!-- \/wp:post-content -->","protected":false},"excerpt":{"rendered":"<p>Huis van honing en bijen. Ga op de fiets of met de auto naar Aincreville om samen met je kinderen de fascinerende wereld van de bijen te ontdekken in het Honinghuis. <a class=\"more-link\" href=\"https:\/\/lacvertplage.fr\/nl_nl\/activites-aux-alentours\/\">Lees meer \u2192<\/a><\/p>","protected":false},"author":1,"featured_media":0,"parent":0,"menu_order":0,"comment_status":"closed","ping_status":"closed","template":"","meta":{"_monsterinsights_skip_tracking":false,"_monsterinsights_sitenote_active":false,"_monsterinsights_sitenote_note":"","_monsterinsights_sitenote_category":0,"_uf_show_specific_survey":0,"_uf_disable_surveys":false,"footnotes":""},"class_list":["post-79","page","type-page","status-publish","hentry","semantictags-acro-branches","semantictags-base-de-loisirs","semantictags-base-de-loisirs-du-lac-vert-dun-sur-meuse","semantictags-base-de-loisirs-lac-vert-plage-55","semantictags-doulcon","semantictags-dun-sur-meuse","semantictags-grande-guerre","semantictags-guerre-1418","semantictags-ipousteguy","semantictags-lac-vert","semantictags-maison-du-miel-et-des-abeilles","semantictags-meuse-nautic","semantictags-meuse-nautic-dun-sur-meuse-balade-en-bateau","semantictags-miel","semantictags-office-de-tourisme","semantictags-vacances-au-lac-vert","semantictags-vacances-en-camping","semantictags-vacances-en-famille","semantictags-vacances-en-lorraine","semantictags-val-dunois","semantictags-velo-rail"],"aioseo_notices":[],"yoast_head":"<!-- This site is optimized with the Yoast SEO plugin v27.5 - https:\/\/yoast.com\/product\/yoast-seo-wordpress\/ -->\n<title>Activit\u00e9s en famille autour du Lac Vert proche de Verdun - Meuse<\/title>\n<meta name=\"description\" content=\"Activit\u00e9s pour toute la famille ou entre amis aux alentours de la base de loisirs du Lac Vert \u00e0 Doulcon \/ Dun-sur-Meuse pr\u00e8s de Stenay et Verdun.\" \/>\n<meta name=\"robots\" content=\"index, follow, max-snippet:-1, max-image-preview:large, max-video-preview:-1\" \/>\n<link rel=\"canonical\" href=\"https:\/\/lacvertplage.fr\/nl_nl\/activites-aux-alentours\/\" \/>\n<meta property=\"og:locale\" content=\"nl_NL\" \/>\n<meta property=\"og:type\" content=\"article\" \/>\n<meta property=\"og:title\" content=\"Activit\u00e9s en famille autour du Lac Vert proche de Verdun - Meuse\" \/>\n<meta property=\"og:description\" content=\"Activit\u00e9s pour toute la famille ou entre amis aux alentours de la base de loisirs du Lac Vert \u00e0 Doulcon \/ Dun-sur-Meuse pr\u00e8s de Stenay et Verdun.\" \/>\n<meta property=\"og:url\" content=\"https:\/\/lacvertplage.fr\/nl_nl\/activites-aux-alentours\/\" \/>\n<meta property=\"og:site_name\" content=\"Base de Loisirs du Lac Vert Plage\" \/>\n<meta property=\"article:modified_time\" content=\"2025-07-03T14:35:51+00:00\" \/>\n<meta name=\"twitter:label1\" content=\"Geschatte leestijd\" \/>\n\t<meta name=\"twitter:data1\" content=\"2 minuten\" \/>\n<script type=\"application\/ld+json\" class=\"yoast-schema-graph\">{\"@context\":\"https:\\\/\\\/schema.org\",\"@graph\":[{\"@type\":\"WebPage\",\"@id\":\"https:\\\/\\\/lacvertplage.fr\\\/activites-aux-alentours\\\/\",\"url\":\"https:\\\/\\\/lacvertplage.fr\\\/activites-aux-alentours\\\/\",\"name\":\"Activit\u00e9s en famille autour du Lac Vert proche de Verdun - Meuse\",\"isPartOf\":{\"@id\":\"https:\\\/\\\/lacvertplage.fr\\\/#website\"},\"datePublished\":\"2014-11-13T14:24:57+00:00\",\"dateModified\":\"2025-07-03T14:35:51+00:00\",\"description\":\"Activit\u00e9s pour toute la famille ou entre amis aux alentours de la base de loisirs du Lac Vert \u00e0 Doulcon \\\/ Dun-sur-Meuse pr\u00e8s de Stenay et Verdun.\",\"breadcrumb\":{\"@id\":\"https:\\\/\\\/lacvertplage.fr\\\/activites-aux-alentours\\\/#breadcrumb\"},\"inLanguage\":\"nl-NL\",\"potentialAction\":[{\"@type\":\"ReadAction\",\"target\":[\"https:\\\/\\\/lacvertplage.fr\\\/activites-aux-alentours\\\/\"]}]},{\"@type\":\"BreadcrumbList\",\"@id\":\"https:\\\/\\\/lacvertplage.fr\\\/activites-aux-alentours\\\/#breadcrumb\",\"itemListElement\":[{\"@type\":\"ListItem\",\"position\":1,\"name\":\"Accueil\",\"item\":\"https:\\\/\\\/lacvertplage.fr\\\/\"},{\"@type\":\"ListItem\",\"position\":2,\"name\":\"Activit\u00e9s aux alentours\"}]},{\"@type\":\"WebSite\",\"@id\":\"https:\\\/\\\/lacvertplage.fr\\\/#website\",\"url\":\"https:\\\/\\\/lacvertplage.fr\\\/\",\"name\":\"Base de Loisirs du Lac Vert Plage\",\"description\":\"\u00e0 Doulcon dans le Val Dunois en Meuse Lorraine\",\"potentialAction\":[{\"@type\":\"SearchAction\",\"target\":{\"@type\":\"EntryPoint\",\"urlTemplate\":\"https:\\\/\\\/lacvertplage.fr\\\/?s={search_term_string}\"},\"query-input\":{\"@type\":\"PropertyValueSpecification\",\"valueRequired\":true,\"valueName\":\"search_term_string\"}}],\"inLanguage\":\"nl-NL\"}]}<\/script>\n<!-- \/ Yoast SEO plugin. -->","yoast_head_json":{"title":"Gezinsactiviteiten rond Lac Vert bij Verdun - Meuse","description":"Activiteiten voor het hele gezin en vrienden in het recreatiecentrum Lac Vert in Doulcon \/ Dun-sur-Meuse in de buurt van Stenay en Verdun.","robots":{"index":"index","follow":"follow","max-snippet":"max-snippet:-1","max-image-preview":"max-image-preview:large","max-video-preview":"max-video-preview:-1"},"canonical":"https:\/\/lacvertplage.fr\/nl_nl\/activites-aux-alentours\/","og_locale":"nl_NL","og_type":"article","og_title":"Activit\u00e9s en famille autour du Lac Vert proche de Verdun - Meuse","og_description":"Activit\u00e9s pour toute la famille ou entre amis aux alentours de la base de loisirs du Lac Vert \u00e0 Doulcon \/ Dun-sur-Meuse pr\u00e8s de Stenay et Verdun.","og_url":"https:\/\/lacvertplage.fr\/nl_nl\/activites-aux-alentours\/","og_site_name":"Base de Loisirs du Lac Vert Plage","article_modified_time":"2025-07-03T14:35:51+00:00","twitter_misc":{"Geschatte leestijd":"2 minuten"},"schema":{"@context":"https:\/\/schema.org","@graph":[{"@type":"WebPage","@id":"https:\/\/lacvertplage.fr\/activites-aux-alentours\/","url":"https:\/\/lacvertplage.fr\/activites-aux-alentours\/","name":"Gezinsactiviteiten rond Lac Vert bij Verdun - Meuse","isPartOf":{"@id":"https:\/\/lacvertplage.fr\/#website"},"datePublished":"2014-11-13T14:24:57+00:00","dateModified":"2025-07-03T14:35:51+00:00","description":"Activiteiten voor het hele gezin en vrienden in het recreatiecentrum Lac Vert in Doulcon \/ Dun-sur-Meuse in de buurt van Stenay en Verdun.","breadcrumb":{"@id":"https:\/\/lacvertplage.fr\/activites-aux-alentours\/#breadcrumb"},"inLanguage":"nl-NL","potentialAction":[{"@type":"ReadAction","target":["https:\/\/lacvertplage.fr\/activites-aux-alentours\/"]}]},{"@type":"BreadcrumbList","@id":"https:\/\/lacvertplage.fr\/activites-aux-alentours\/#breadcrumb","itemListElement":[{"@type":"ListItem","position":1,"name":"Accueil","item":"https:\/\/lacvertplage.fr\/"},{"@type":"ListItem","position":2,"name":"Activit\u00e9s aux alentours"}]},{"@type":"WebSite","@id":"https:\/\/lacvertplage.fr\/#website","url":"https:\/\/lacvertplage.fr\/","name":"Recreatiebasis Lac Vert Plage","description":"bij Doulcon in de Val Dunois in Maas-Lotharingen","potentialAction":[{"@type":"SearchAction","target":{"@type":"EntryPoint","urlTemplate":"https:\/\/lacvertplage.fr\/?s={search_term_string}"},"query-input":{"@type":"PropertyValueSpecification","valueRequired":true,"valueName":"search_term_string"}}],"inLanguage":"nl-NL"}]}},"_links":{"self":[{"href":"https:\/\/lacvertplage.fr\/nl_nl\/wp-json\/wp\/v2\/pages\/79","targetHints":{"allow":["GET"]}}],"collection":[{"href":"https:\/\/lacvertplage.fr\/nl_nl\/wp-json\/wp\/v2\/pages"}],"about":[{"href":"https:\/\/lacvertplage.fr\/nl_nl\/wp-json\/wp\/v2\/types\/page"}],"author":[{"embeddable":true,"href":"https:\/\/lacvertplage.fr\/nl_nl\/wp-json\/wp\/v2\/users\/1"}],"replies":[{"embeddable":true,"href":"https:\/\/lacvertplage.fr\/nl_nl\/wp-json\/wp\/v2\/comments?post=79"}],"version-history":[{"count":34,"href":"https:\/\/lacvertplage.fr\/nl_nl\/wp-json\/wp\/v2\/pages\/79\/revisions"}],"predecessor-version":[{"id":943,"href":"https:\/\/lacvertplage.fr\/nl_nl\/wp-json\/wp\/v2\/pages\/79\/revisions\/943"}],"wp:attachment":[{"href":"https:\/\/lacvertplage.fr\/nl_nl\/wp-json\/wp\/v2\/media?parent=79"}],"curies":[{"name":"wp","href":"https:\/\/api.w.org\/{rel}","templated":true}]}}