{"id":7,"date":"2014-11-13T09:33:10","date_gmt":"2014-11-13T09:33:10","guid":{"rendered":"http:\/\/lacvertplage.fr\/?page_id=7"},"modified":"2025-07-03T14:11:27","modified_gmt":"2025-07-03T14:11:27","slug":"base-de-loisirs-lac-vert-camping","status":"publish","type":"page","link":"https:\/\/lacvertplage.fr\/nl_nl\/","title":{"rendered":"Recreatiecentrum en camping Lac Vert"},"content":{"rendered":"<p style=\"text-align: justify;\">Niet ver van de <strong>Belgi\u00eb<\/strong> tussen <strong>Sedan<\/strong> en <strong>Verdun<\/strong>in het hart van de <strong>Val Dunois, in Doulcon en Dun sur Meuse in Lotharingen<\/strong>kom en geniet van een verblijf voor 2, met vrienden of familie in het <strong>Vrijetijdscentrum Lac Vert<\/strong> gelabeld\u00a0<a title=\"site met groen resortlabel\" href=\"https:\/\/le-val-dunois.stationverte.com\/fr\/respirez\/le-val-dunois\/aire-de-camping-cars-de-dun-sur-meuse_s2054_t52760_59.html\" target=\"_blank\" rel=\"noopener noreferrer\">Station Verte<\/a>. Het recreatiepark Lac Vert biedt gezinnen een combinatie van natuur en sport. Er is een meer om in te zwemmen en watersporten te beoefenen, groene ruimten voor wandelingen en picknicks, en een heleboel activiteiten gedurende de zomer.<\/p>\n<p style=\"text-align: justify;\">De toegang tot het recreatiecentrum Lac Vert Plage is te voet gratis, <b>Auto's van bezoekers zijn<\/b>\u00a0<strong>verboden op de camping.<\/strong><\/p>\n<p>Picknicken: er zijn een tiental tafels beschikbaar rond het recreatiecentrum Lac Vert Plage, sommige in de schaduw, andere in de zon.<\/p>\n<p>Je kunt ook kiezen voor eenvoud en de voorkeur geven aan\u00a0<strong>picknick op het gras<\/strong>.<\/p>\n<p><strong>Gebruik van barbecues<\/strong>\u00a0(steenkool of gas...) <strong>is bij gemeentelijk besluit verboden in het hele recreatiepark Lac Vert Plage <\/strong>behalve voor mensen die ter plaatse verblijven.<\/p>\n<p>Van <strong>1 april tot 30 september<\/strong>ontdek onze <a title=\"Verblijf in Lac Vert\" href=\"https:\/\/lacvertplage.fr\/nl_nl\/sejournez-au-lac-vert\/\">accommodatie<\/a>onze camping Lac Vert en onze <a title=\"Plezier bij Lac Vert: Bowlen, entertainment\" href=\"https:\/\/lacvertplage.fr\/nl_nl\/activites-lac-vert-bowling-pedalos\/\">vrijetijdsactiviteiten<\/a>.<\/p>\n<p style=\"text-align: justify;\">Het recreatiecentrum Lac Vert, gelegen op de plek van een voormalige ballasti\u00e8re die in de jaren 1930 werd uitgegraven, beslaat 18 hectare rond een meer van 6 hectare. Het terrein, dat sinds 1950 is ontwikkeld met een strand en een camping, wordt sinds 1994 beheerd door de Communaut\u00e9 de Communes du pays de Stenay et du Val Dunois.<\/p>","protected":false},"excerpt":{"rendered":"<p>Niet ver van Belgi\u00eb, tussen Sedan en Verdun, in het hart van de Val Dunois, in Doulcon en Dun sur Meuse in Lotharingen, kom genieten van een verblijf voor 2, met vrienden of familie. <a class=\"more-link\" href=\"https:\/\/lacvertplage.fr\/nl_nl\/\">Lees meer \u2192<\/a><\/p>","protected":false},"author":1,"featured_media":0,"parent":0,"menu_order":0,"comment_status":"closed","ping_status":"closed","template":"","meta":{"_monsterinsights_skip_tracking":false,"_monsterinsights_sitenote_active":false,"_monsterinsights_sitenote_note":"","_monsterinsights_sitenote_category":0,"_uf_show_specific_survey":0,"_uf_disable_surveys":false,"footnotes":""},"class_list":["post-7","page","type-page","status-publish","hentry","semantictags-base-de-loisirs","semantictags-lac-vert-base-de-loisirs","semantictags-lac-vert-dun-sur-meuse","semantictags-lac-vert-meuse","semantictags-lac-vert-plage","semantictags-lac-vert-plage-doulcon","semantictags-lorraine","semantictags-meuse","semantictags-reims","semantictags-sedan","semantictags-station-verte-lac-vert-doulcon-55","semantictags-stenay","semantictags-verdun"],"aioseo_notices":[],"yoast_head":"<!-- This site is optimized with the Yoast SEO plugin v27.5 - https:\/\/yoast.com\/product\/yoast-seo-wordpress\/ -->\n<title>Base de loisirs du Lac Vert \u00e0 Doulcon \/ Dun-sur-Meuse - Meuse - Lorraine<\/title>\n<meta name=\"description\" content=\"La base de loisirs du Lac Vert vous accueille \u00e0 Doulcon entre Sedan et Verdun (Meuse - Lorraine). Camping 2 \u00e9toiles, p\u00eache, plage, sport nautique...\" \/>\n<meta name=\"robots\" content=\"index, follow, max-snippet:-1, max-image-preview:large, max-video-preview:-1\" \/>\n<link rel=\"canonical\" href=\"https:\/\/lacvertplage.fr\/nl_nl\/\" \/>\n<meta property=\"og:locale\" content=\"nl_NL\" \/>\n<meta property=\"og:type\" content=\"article\" \/>\n<meta property=\"og:title\" content=\"Base de loisirs du Lac Vert \u00e0 Doulcon \/ Dun-sur-Meuse - Meuse - Lorraine\" \/>\n<meta property=\"og:description\" content=\"La base de loisirs du Lac Vert vous accueille \u00e0 Doulcon entre Sedan et Verdun (Meuse - Lorraine). Camping 2 \u00e9toiles, p\u00eache, plage, sport nautique...\" \/>\n<meta property=\"og:url\" content=\"https:\/\/lacvertplage.fr\/nl_nl\/\" \/>\n<meta property=\"og:site_name\" content=\"Base de Loisirs du Lac Vert Plage\" \/>\n<meta property=\"article:modified_time\" content=\"2025-07-03T14:11:27+00:00\" \/>\n<meta name=\"twitter:label1\" content=\"Geschatte leestijd\" \/>\n\t<meta name=\"twitter:data1\" content=\"2 minuten\" \/>\n<script type=\"application\/ld+json\" class=\"yoast-schema-graph\">{\"@context\":\"https:\\\/\\\/schema.org\",\"@graph\":[{\"@type\":\"WebPage\",\"@id\":\"https:\\\/\\\/lacvertplage.fr\\\/\",\"url\":\"https:\\\/\\\/lacvertplage.fr\\\/\",\"name\":\"Base de loisirs du Lac Vert \u00e0 Doulcon \\\/ Dun-sur-Meuse - Meuse - Lorraine\",\"isPartOf\":{\"@id\":\"https:\\\/\\\/lacvertplage.fr\\\/#website\"},\"datePublished\":\"2014-11-13T09:33:10+00:00\",\"dateModified\":\"2025-07-03T14:11:27+00:00\",\"description\":\"La base de loisirs du Lac Vert vous accueille \u00e0 Doulcon entre Sedan et Verdun (Meuse - Lorraine). Camping 2 \u00e9toiles, p\u00eache, plage, sport nautique...\",\"breadcrumb\":{\"@id\":\"https:\\\/\\\/lacvertplage.fr\\\/#breadcrumb\"},\"inLanguage\":\"nl-NL\",\"potentialAction\":[{\"@type\":\"ReadAction\",\"target\":[\"https:\\\/\\\/lacvertplage.fr\\\/\"]}]},{\"@type\":\"BreadcrumbList\",\"@id\":\"https:\\\/\\\/lacvertplage.fr\\\/#breadcrumb\",\"itemListElement\":[{\"@type\":\"ListItem\",\"position\":1,\"name\":\"Accueil\",\"item\":\"https:\\\/\\\/lacvertplage.fr\\\/\"},{\"@type\":\"ListItem\",\"position\":2,\"name\":\"Base de loisirs du Lac Vert &#038; son camping\"}]},{\"@type\":\"WebSite\",\"@id\":\"https:\\\/\\\/lacvertplage.fr\\\/#website\",\"url\":\"https:\\\/\\\/lacvertplage.fr\\\/\",\"name\":\"Base de Loisirs du Lac Vert Plage\",\"description\":\"\u00e0 Doulcon dans le Val Dunois en Meuse Lorraine\",\"potentialAction\":[{\"@type\":\"SearchAction\",\"target\":{\"@type\":\"EntryPoint\",\"urlTemplate\":\"https:\\\/\\\/lacvertplage.fr\\\/?s={search_term_string}\"},\"query-input\":{\"@type\":\"PropertyValueSpecification\",\"valueRequired\":true,\"valueName\":\"search_term_string\"}}],\"inLanguage\":\"nl-NL\"}]}<\/script>\n<!-- \/ Yoast SEO plugin. -->","yoast_head_json":{"title":"Recreatiecentrum Lac Vert in Doulcon \/ Dun-sur-Meuse - Maas - Lotharingen","description":"Het recreatiepark Lac Vert verwelkomt je in Doulcon tussen Sedan en Verdun (Maas - Lotharingen). 2 sterren camping, vissen, strand, watersporten...","robots":{"index":"index","follow":"follow","max-snippet":"max-snippet:-1","max-image-preview":"max-image-preview:large","max-video-preview":"max-video-preview:-1"},"canonical":"https:\/\/lacvertplage.fr\/nl_nl\/","og_locale":"nl_NL","og_type":"article","og_title":"Base de loisirs du Lac Vert \u00e0 Doulcon \/ Dun-sur-Meuse - Meuse - Lorraine","og_description":"La base de loisirs du Lac Vert vous accueille \u00e0 Doulcon entre Sedan et Verdun (Meuse - Lorraine). Camping 2 \u00e9toiles, p\u00eache, plage, sport nautique...","og_url":"https:\/\/lacvertplage.fr\/nl_nl\/","og_site_name":"Base de Loisirs du Lac Vert Plage","article_modified_time":"2025-07-03T14:11:27+00:00","twitter_misc":{"Geschatte leestijd":"2 minuten"},"schema":{"@context":"https:\/\/schema.org","@graph":[{"@type":"WebPage","@id":"https:\/\/lacvertplage.fr\/","url":"https:\/\/lacvertplage.fr\/","name":"Recreatiecentrum Lac Vert in Doulcon \/ Dun-sur-Meuse - Maas - Lotharingen","isPartOf":{"@id":"https:\/\/lacvertplage.fr\/#website"},"datePublished":"2014-11-13T09:33:10+00:00","dateModified":"2025-07-03T14:11:27+00:00","description":"Het recreatiepark Lac Vert verwelkomt je in Doulcon tussen Sedan en Verdun (Maas - Lotharingen). 2 sterren camping, vissen, strand, watersporten...","breadcrumb":{"@id":"https:\/\/lacvertplage.fr\/#breadcrumb"},"inLanguage":"nl-NL","potentialAction":[{"@type":"ReadAction","target":["https:\/\/lacvertplage.fr\/"]}]},{"@type":"BreadcrumbList","@id":"https:\/\/lacvertplage.fr\/#breadcrumb","itemListElement":[{"@type":"ListItem","position":1,"name":"Accueil","item":"https:\/\/lacvertplage.fr\/"},{"@type":"ListItem","position":2,"name":"Base de loisirs du Lac Vert &#038; son camping"}]},{"@type":"WebSite","@id":"https:\/\/lacvertplage.fr\/#website","url":"https:\/\/lacvertplage.fr\/","name":"Recreatiebasis Lac Vert Plage","description":"bij Doulcon in de Val Dunois in Maas-Lotharingen","potentialAction":[{"@type":"SearchAction","target":{"@type":"EntryPoint","urlTemplate":"https:\/\/lacvertplage.fr\/?s={search_term_string}"},"query-input":{"@type":"PropertyValueSpecification","valueRequired":true,"valueName":"search_term_string"}}],"inLanguage":"nl-NL"}]}},"_links":{"self":[{"href":"https:\/\/lacvertplage.fr\/nl_nl\/wp-json\/wp\/v2\/pages\/7","targetHints":{"allow":["GET"]}}],"collection":[{"href":"https:\/\/lacvertplage.fr\/nl_nl\/wp-json\/wp\/v2\/pages"}],"about":[{"href":"https:\/\/lacvertplage.fr\/nl_nl\/wp-json\/wp\/v2\/types\/page"}],"author":[{"embeddable":true,"href":"https:\/\/lacvertplage.fr\/nl_nl\/wp-json\/wp\/v2\/users\/1"}],"replies":[{"embeddable":true,"href":"https:\/\/lacvertplage.fr\/nl_nl\/wp-json\/wp\/v2\/comments?post=7"}],"version-history":[{"count":22,"href":"https:\/\/lacvertplage.fr\/nl_nl\/wp-json\/wp\/v2\/pages\/7\/revisions"}],"predecessor-version":[{"id":942,"href":"https:\/\/lacvertplage.fr\/nl_nl\/wp-json\/wp\/v2\/pages\/7\/revisions\/942"}],"wp:attachment":[{"href":"https:\/\/lacvertplage.fr\/nl_nl\/wp-json\/wp\/v2\/media?parent=7"}],"curies":[{"name":"wp","href":"https:\/\/api.w.org\/{rel}","templated":true}]}}