{"id":613,"date":"2023-04-14T15:54:19","date_gmt":"2023-04-14T15:54:19","guid":{"rendered":"https:\/\/lacvertplage.fr\/?page_id=613"},"modified":"2025-03-24T10:10:09","modified_gmt":"2025-03-24T10:10:09","slug":"camping-les-terrasses-de-brieulles-en-val-dunois","status":"publish","type":"page","link":"https:\/\/lacvertplage.fr\/nl_nl\/camping-les-terrasses-de-brieulles-en-val-dunois\/","title":{"rendered":"Camping de Brieulles"},"content":{"rendered":"<p>De 3-sterrencamping Terrasses de Brieulles kijkt uit over de Maasvallei en dankzij de terrasvormige indeling heeft elk van de 50 residenti\u00eble standplaatsen met afvoer een ononderbroken uitzicht op de Maas. De ideale camping voor vissers!<\/p>\n<p>De camping heeft faciliteiten zoals een kinderspeelplaats en een petanqueterrein.<\/p>\n<p>Internettoegang op de hele camping.<\/p>\n<p>Er is een kruidenierswinkel in het hart van het dorp.<\/p>\n<p>Onze kampeerplaatsen van 120 m\u00b2 zijn allemaal voorzien van 10A elektriciteit en een vuilwateraansluiting.<\/p>\n<p>We hebben staanplaatsen en sanitaire voorzieningen voor mensen met beperkte mobiliteit.<\/p>\n<p>&nbsp;<\/p>\n<p><a href=\"https:\/\/lacvertplage.fr\/wp-content\/uploads\/2023\/04\/IMG_1589-scaled.jpg\" data-rel=\"lightbox-gallery-n7uuwDTb\" data-rl_title=\"IMG_1589\" data-rl_caption=\"IMG_1589\" title=\"IMG_1589\"><img loading=\"lazy\" decoding=\"async\" class=\"wp-image-623 aligncenter\" src=\"https:\/\/lacvertplage.fr\/wp-content\/uploads\/2023\/04\/IMG_1589-300x200.jpg\" alt=\"\" width=\"336\" height=\"224\" srcset=\"https:\/\/lacvertplage.fr\/wp-content\/uploads\/2023\/04\/IMG_1589-300x200.jpg 300w, https:\/\/lacvertplage.fr\/wp-content\/uploads\/2023\/04\/IMG_1589-1024x683.jpg 1024w, https:\/\/lacvertplage.fr\/wp-content\/uploads\/2023\/04\/IMG_1589-768x512.jpg 768w, https:\/\/lacvertplage.fr\/wp-content\/uploads\/2023\/04\/IMG_1589-1536x1024.jpg 1536w, https:\/\/lacvertplage.fr\/wp-content\/uploads\/2023\/04\/IMG_1589-2048x1365.jpg 2048w, https:\/\/lacvertplage.fr\/wp-content\/uploads\/2023\/04\/IMG_1589-750x499.jpg 750w, https:\/\/lacvertplage.fr\/wp-content\/uploads\/2023\/04\/IMG_1589-360x240.jpg 360w\" sizes=\"auto, (max-width: 336px) 100vw, 336px\" \/><\/a> <a href=\"https:\/\/lacvertplage.fr\/wp-content\/uploads\/2023\/04\/telecharger.jpg\" data-rel=\"lightbox-gallery-n7uuwDTb\" data-rl_title=\"t\u00e9l\u00e9charger\" data-rl_caption=\"t\u00e9l\u00e9charger\" title=\"downloaden\"><img loading=\"lazy\" decoding=\"async\" class=\"size-medium wp-image-626 aligncenter\" src=\"https:\/\/lacvertplage.fr\/wp-content\/uploads\/2023\/04\/telecharger-300x225.jpg\" alt=\"\" width=\"300\" height=\"225\" srcset=\"https:\/\/lacvertplage.fr\/wp-content\/uploads\/2023\/04\/telecharger-300x225.jpg 300w, https:\/\/lacvertplage.fr\/wp-content\/uploads\/2023\/04\/telecharger-1024x768.jpg 1024w, https:\/\/lacvertplage.fr\/wp-content\/uploads\/2023\/04\/telecharger-768x576.jpg 768w, https:\/\/lacvertplage.fr\/wp-content\/uploads\/2023\/04\/telecharger.jpg 1280w\" sizes=\"auto, (max-width: 300px) 100vw, 300px\" \/><\/a><\/p>\n<p>Het tarief voor het seizoen 2025 is \u20ac1240,00 (inclusief elektriciteit, voertuig, staanplaats en personen).<\/p>\n<p>Toeslag :<\/p>\n<p>Bijdrage voor de recycling van huishoudelijk afval - \u20ac50 per persoon ouder dan 18 jaar<\/p>\n<p>Toeristenbelasting 7,84 \u20ac per persoon ouder dan 18 jaar<\/p>\n<p><em> <a href=\"https:\/\/lacvertplage.fr\/wp-content\/uploads\/2023\/04\/IMG_1586-scaled.jpg\" data-rel=\"lightbox-gallery-n7uuwDTb\" data-rl_title=\"IMG_1586\" data-rl_caption=\"IMG_1586\" title=\"IMG_1586\"><img loading=\"lazy\" decoding=\"async\" class=\"alignnone size-medium wp-image-622\" src=\"https:\/\/lacvertplage.fr\/wp-content\/uploads\/2023\/04\/IMG_1586-300x200.jpg\" alt=\"\" width=\"300\" height=\"200\" srcset=\"https:\/\/lacvertplage.fr\/wp-content\/uploads\/2023\/04\/IMG_1586-300x200.jpg 300w, https:\/\/lacvertplage.fr\/wp-content\/uploads\/2023\/04\/IMG_1586-1024x683.jpg 1024w, https:\/\/lacvertplage.fr\/wp-content\/uploads\/2023\/04\/IMG_1586-768x512.jpg 768w, https:\/\/lacvertplage.fr\/wp-content\/uploads\/2023\/04\/IMG_1586-1536x1024.jpg 1536w, https:\/\/lacvertplage.fr\/wp-content\/uploads\/2023\/04\/IMG_1586-2048x1365.jpg 2048w, https:\/\/lacvertplage.fr\/wp-content\/uploads\/2023\/04\/IMG_1586-750x499.jpg 750w, https:\/\/lacvertplage.fr\/wp-content\/uploads\/2023\/04\/IMG_1586-360x240.jpg 360w\" sizes=\"auto, (max-width: 300px) 100vw, 300px\" \/><\/a><\/em><\/p>\n<p><strong>Camping Les Terrasses de Brieulles<\/strong><\/p>\n<p>Route de Dun sur Meuse<\/p>\n<p>55110 Brieulles aan de Maas<\/p>\n<p><strong><u>\u00a0<\/u><\/strong><\/p>\n<p><strong><u>Neem contact op met\u00a0<\/u><\/strong>Camping Lac Vert Plage<\/p>\n<p>55110 DOULCON<\/p>\n<p>Tel: 03.29.80.90.38<\/p>\n<p>E Mail : <u>bienvenue@<\/u><a href=\"mailto:lacvertplage@wanadoo.fr\">lacvertplage.fr<\/a><\/p>","protected":false},"excerpt":{"rendered":"<p>De 3-sterren camping Terrasses de Brieulles kijkt uit over de Maasvallei en dankzij de terrasvormige indeling heeft elk van de 50 residenti\u00eble staanplaatsen met afvoer een eigen zwembad. <a class=\"more-link\" href=\"https:\/\/lacvertplage.fr\/nl_nl\/camping-les-terrasses-de-brieulles-en-val-dunois\/\">Lees meer \u2192<\/a><\/p>","protected":false},"author":1,"featured_media":0,"parent":0,"menu_order":0,"comment_status":"closed","ping_status":"closed","template":"","meta":{"_monsterinsights_skip_tracking":false,"_monsterinsights_sitenote_active":false,"_monsterinsights_sitenote_note":"","_monsterinsights_sitenote_category":0,"_uf_show_specific_survey":0,"_uf_disable_surveys":false,"footnotes":""},"class_list":["post-613","page","type-page","status-publish","hentry"],"aioseo_notices":[],"yoast_head":"<!-- This site is optimized with the Yoast SEO plugin v27.3 - https:\/\/yoast.com\/product\/yoast-seo-wordpress\/ -->\n<title>Camping de Brieulles - Base de Loisirs du Lac Vert Plage<\/title>\n<meta name=\"description\" content=\"Le Camping Brieulles surplombe la vall\u00e9e de la Meuse le site est en terrasses chaque emplacement a une vue imprenable sur la Meuse id\u00e9al pour les p\u00eacheurs\" \/>\n<meta name=\"robots\" content=\"index, follow, max-snippet:-1, max-image-preview:large, max-video-preview:-1\" \/>\n<link rel=\"canonical\" href=\"https:\/\/lacvertplage.fr\/nl_nl\/camping-les-terrasses-de-brieulles-en-val-dunois\/\" \/>\n<meta property=\"og:locale\" content=\"nl_NL\" \/>\n<meta property=\"og:type\" content=\"article\" \/>\n<meta property=\"og:title\" content=\"Camping de Brieulles - Base de Loisirs du Lac Vert Plage\" \/>\n<meta property=\"og:description\" content=\"Le Camping Brieulles surplombe la vall\u00e9e de la Meuse le site est en terrasses chaque emplacement a une vue imprenable sur la Meuse id\u00e9al pour les p\u00eacheurs\" \/>\n<meta property=\"og:url\" content=\"https:\/\/lacvertplage.fr\/nl_nl\/camping-les-terrasses-de-brieulles-en-val-dunois\/\" \/>\n<meta property=\"og:site_name\" content=\"Base de Loisirs du Lac Vert Plage\" \/>\n<meta property=\"article:modified_time\" content=\"2025-03-24T10:10:09+00:00\" \/>\n<meta property=\"og:image\" content=\"https:\/\/lacvertplage.fr\/wp-content\/uploads\/2023\/04\/IMG_1589-scaled.jpg\" \/>\n\t<meta property=\"og:image:width\" content=\"2560\" \/>\n\t<meta property=\"og:image:height\" content=\"1707\" \/>\n\t<meta property=\"og:image:type\" content=\"image\/jpeg\" \/>\n<meta name=\"twitter:label1\" content=\"Geschatte leestijd\" \/>\n\t<meta name=\"twitter:data1\" content=\"2 minuten\" \/>\n<script type=\"application\/ld+json\" class=\"yoast-schema-graph\">{\"@context\":\"https:\\\/\\\/schema.org\",\"@graph\":[{\"@type\":\"WebPage\",\"@id\":\"https:\\\/\\\/lacvertplage.fr\\\/camping-les-terrasses-de-brieulles-en-val-dunois\\\/\",\"url\":\"https:\\\/\\\/lacvertplage.fr\\\/camping-les-terrasses-de-brieulles-en-val-dunois\\\/\",\"name\":\"Camping de Brieulles - Base de Loisirs du Lac Vert Plage\",\"isPartOf\":{\"@id\":\"https:\\\/\\\/lacvertplage.fr\\\/#website\"},\"primaryImageOfPage\":{\"@id\":\"https:\\\/\\\/lacvertplage.fr\\\/camping-les-terrasses-de-brieulles-en-val-dunois\\\/#primaryimage\"},\"image\":{\"@id\":\"https:\\\/\\\/lacvertplage.fr\\\/camping-les-terrasses-de-brieulles-en-val-dunois\\\/#primaryimage\"},\"thumbnailUrl\":\"https:\\\/\\\/lacvertplage.fr\\\/wp-content\\\/uploads\\\/2023\\\/04\\\/IMG_1589-300x200.jpg\",\"datePublished\":\"2023-04-14T15:54:19+00:00\",\"dateModified\":\"2025-03-24T10:10:09+00:00\",\"description\":\"Le Camping Brieulles surplombe la vall\u00e9e de la Meuse le site est en terrasses chaque emplacement a une vue imprenable sur la Meuse id\u00e9al pour les p\u00eacheurs\",\"breadcrumb\":{\"@id\":\"https:\\\/\\\/lacvertplage.fr\\\/camping-les-terrasses-de-brieulles-en-val-dunois\\\/#breadcrumb\"},\"inLanguage\":\"nl-NL\",\"potentialAction\":[{\"@type\":\"ReadAction\",\"target\":[\"https:\\\/\\\/lacvertplage.fr\\\/camping-les-terrasses-de-brieulles-en-val-dunois\\\/\"]}]},{\"@type\":\"ImageObject\",\"inLanguage\":\"nl-NL\",\"@id\":\"https:\\\/\\\/lacvertplage.fr\\\/camping-les-terrasses-de-brieulles-en-val-dunois\\\/#primaryimage\",\"url\":\"https:\\\/\\\/lacvertplage.fr\\\/wp-content\\\/uploads\\\/2023\\\/04\\\/IMG_1589-300x200.jpg\",\"contentUrl\":\"https:\\\/\\\/lacvertplage.fr\\\/wp-content\\\/uploads\\\/2023\\\/04\\\/IMG_1589-300x200.jpg\"},{\"@type\":\"BreadcrumbList\",\"@id\":\"https:\\\/\\\/lacvertplage.fr\\\/camping-les-terrasses-de-brieulles-en-val-dunois\\\/#breadcrumb\",\"itemListElement\":[{\"@type\":\"ListItem\",\"position\":1,\"name\":\"Accueil\",\"item\":\"https:\\\/\\\/lacvertplage.fr\\\/\"},{\"@type\":\"ListItem\",\"position\":2,\"name\":\"Camping de Brieulles\"}]},{\"@type\":\"WebSite\",\"@id\":\"https:\\\/\\\/lacvertplage.fr\\\/#website\",\"url\":\"https:\\\/\\\/lacvertplage.fr\\\/\",\"name\":\"Base de Loisirs du Lac Vert Plage\",\"description\":\"\u00e0 Doulcon dans le Val Dunois en Meuse Lorraine\",\"potentialAction\":[{\"@type\":\"SearchAction\",\"target\":{\"@type\":\"EntryPoint\",\"urlTemplate\":\"https:\\\/\\\/lacvertplage.fr\\\/?s={search_term_string}\"},\"query-input\":{\"@type\":\"PropertyValueSpecification\",\"valueRequired\":true,\"valueName\":\"search_term_string\"}}],\"inLanguage\":\"nl-NL\"}]}<\/script>\n<!-- \/ Yoast SEO plugin. -->","yoast_head_json":{"title":"Camping de Brieulles - Base de Loisirs du Lac Vert Plage","description":"Le Camping Brieulles surplombe la vall\u00e9e de la Meuse le site est en terrasses chaque emplacement a une vue imprenable sur la Meuse id\u00e9al pour les p\u00eacheurs","robots":{"index":"index","follow":"follow","max-snippet":"max-snippet:-1","max-image-preview":"max-image-preview:large","max-video-preview":"max-video-preview:-1"},"canonical":"https:\/\/lacvertplage.fr\/nl_nl\/camping-les-terrasses-de-brieulles-en-val-dunois\/","og_locale":"nl_NL","og_type":"article","og_title":"Camping de Brieulles - Base de Loisirs du Lac Vert Plage","og_description":"Le Camping Brieulles surplombe la vall\u00e9e de la Meuse le site est en terrasses chaque emplacement a une vue imprenable sur la Meuse id\u00e9al pour les p\u00eacheurs","og_url":"https:\/\/lacvertplage.fr\/nl_nl\/camping-les-terrasses-de-brieulles-en-val-dunois\/","og_site_name":"Base de Loisirs du Lac Vert Plage","article_modified_time":"2025-03-24T10:10:09+00:00","og_image":[{"width":2560,"height":1707,"url":"https:\/\/lacvertplage.fr\/wp-content\/uploads\/2023\/04\/IMG_1589-scaled.jpg","type":"image\/jpeg"}],"twitter_misc":{"Geschatte leestijd":"2 minuten"},"schema":{"@context":"https:\/\/schema.org","@graph":[{"@type":"WebPage","@id":"https:\/\/lacvertplage.fr\/camping-les-terrasses-de-brieulles-en-val-dunois\/","url":"https:\/\/lacvertplage.fr\/camping-les-terrasses-de-brieulles-en-val-dunois\/","name":"Camping de Brieulles - Base de Loisirs du Lac Vert Plage","isPartOf":{"@id":"https:\/\/lacvertplage.fr\/#website"},"primaryImageOfPage":{"@id":"https:\/\/lacvertplage.fr\/camping-les-terrasses-de-brieulles-en-val-dunois\/#primaryimage"},"image":{"@id":"https:\/\/lacvertplage.fr\/camping-les-terrasses-de-brieulles-en-val-dunois\/#primaryimage"},"thumbnailUrl":"https:\/\/lacvertplage.fr\/wp-content\/uploads\/2023\/04\/IMG_1589-300x200.jpg","datePublished":"2023-04-14T15:54:19+00:00","dateModified":"2025-03-24T10:10:09+00:00","description":"Le Camping Brieulles surplombe la vall\u00e9e de la Meuse le site est en terrasses chaque emplacement a une vue imprenable sur la Meuse id\u00e9al pour les p\u00eacheurs","breadcrumb":{"@id":"https:\/\/lacvertplage.fr\/camping-les-terrasses-de-brieulles-en-val-dunois\/#breadcrumb"},"inLanguage":"nl-NL","potentialAction":[{"@type":"ReadAction","target":["https:\/\/lacvertplage.fr\/camping-les-terrasses-de-brieulles-en-val-dunois\/"]}]},{"@type":"ImageObject","inLanguage":"nl-NL","@id":"https:\/\/lacvertplage.fr\/camping-les-terrasses-de-brieulles-en-val-dunois\/#primaryimage","url":"https:\/\/lacvertplage.fr\/wp-content\/uploads\/2023\/04\/IMG_1589-300x200.jpg","contentUrl":"https:\/\/lacvertplage.fr\/wp-content\/uploads\/2023\/04\/IMG_1589-300x200.jpg"},{"@type":"BreadcrumbList","@id":"https:\/\/lacvertplage.fr\/camping-les-terrasses-de-brieulles-en-val-dunois\/#breadcrumb","itemListElement":[{"@type":"ListItem","position":1,"name":"Accueil","item":"https:\/\/lacvertplage.fr\/"},{"@type":"ListItem","position":2,"name":"Camping de Brieulles"}]},{"@type":"WebSite","@id":"https:\/\/lacvertplage.fr\/#website","url":"https:\/\/lacvertplage.fr\/","name":"Recreatiebasis Lac Vert Plage","description":"bij Doulcon in de Val Dunois in Maas-Lotharingen","potentialAction":[{"@type":"SearchAction","target":{"@type":"EntryPoint","urlTemplate":"https:\/\/lacvertplage.fr\/?s={search_term_string}"},"query-input":{"@type":"PropertyValueSpecification","valueRequired":true,"valueName":"search_term_string"}}],"inLanguage":"nl-NL"}]}},"_links":{"self":[{"href":"https:\/\/lacvertplage.fr\/nl_nl\/wp-json\/wp\/v2\/pages\/613","targetHints":{"allow":["GET"]}}],"collection":[{"href":"https:\/\/lacvertplage.fr\/nl_nl\/wp-json\/wp\/v2\/pages"}],"about":[{"href":"https:\/\/lacvertplage.fr\/nl_nl\/wp-json\/wp\/v2\/types\/page"}],"author":[{"embeddable":true,"href":"https:\/\/lacvertplage.fr\/nl_nl\/wp-json\/wp\/v2\/users\/1"}],"replies":[{"embeddable":true,"href":"https:\/\/lacvertplage.fr\/nl_nl\/wp-json\/wp\/v2\/comments?post=613"}],"version-history":[{"count":9,"href":"https:\/\/lacvertplage.fr\/nl_nl\/wp-json\/wp\/v2\/pages\/613\/revisions"}],"predecessor-version":[{"id":934,"href":"https:\/\/lacvertplage.fr\/nl_nl\/wp-json\/wp\/v2\/pages\/613\/revisions\/934"}],"wp:attachment":[{"href":"https:\/\/lacvertplage.fr\/nl_nl\/wp-json\/wp\/v2\/media?parent=613"}],"curies":[{"name":"wp","href":"https:\/\/api.w.org\/{rel}","templated":true}]}}