{"id":278,"date":"2015-06-04T09:10:05","date_gmt":"2015-06-04T09:10:05","guid":{"rendered":"http:\/\/lacvertplage.fr\/?page_id=278"},"modified":"2024-06-22T14:01:09","modified_gmt":"2024-06-22T14:01:09","slug":"mentions-legales","status":"publish","type":"page","link":"https:\/\/lacvertplage.fr\/nl_nl\/mentions-legales\/","title":{"rendered":"Juridische informatie"},"content":{"rendered":"<h2 class=\"wp-block-heading\">Copyright<\/h2>\r\n\r\n\r\n\r\n<p>De website https:\/\/lacvertplage.fr\/est is eigendom van de heer Mater, beheerder van de Base de Loisirs du Lac Vert en zijn camping in Doulcon in Maas-Lotharingen.<\/p>\r\n\r\n\r\n\r\n<h2 class=\"wp-block-heading\">Hyperlinks<\/h2>\r\n\r\n\r\n\r\n<p>Wij aanvaarden geen verantwoordelijkheid voor websites die toegankelijk zijn vanaf onze eigen site.<\/p>\r\n\r\n\r\n\r\n<h2 class=\"wp-block-heading\">Credits<\/h2>\r\n\r\n\r\n\r\n<p>Foto's: Artipair, Foto's Libres, CDT de la Meuse, Guillaume Ramon, Michel Petit, OT du Val Dunois, Lac Vert, Codecom Val Dunois<\/p>\r\n\r\n\r\n\r\n<h2 class=\"wp-block-heading\">Hosting<\/h2>\r\n\r\n\r\n\r\n<p>Onze site wordt gehost door OVH<\/p>\r\n<p>Maatschappelijke zetel: 2 rue Kellermann - 59100 Roubaix - Frankrijk.<\/p>\r\n<p>Publicatiemanager: mevrouw Collet<\/p>\r\n\r\n\r\n\r\n<h2 class=\"wp-block-heading\">Website maken<\/h2>\r\n\r\n\r\n\r\n<p>De site is gemaakt met de gratis en open source software WordPress en het gratis thema Catch Kathmandu.<\/p>\r\n<p>Het werd geproduceerd met de hulp en steun van Anne Sophie Bastien, verantwoordelijk voor e-toerisme bij het Comit\u00e9 D\u00e9partemental du Tourisme de la Meuse.<\/p>","protected":false},"excerpt":{"rendered":"<p>Copyright De website https:\/\/lacvertplage.fr\/est is eigendom van de heer Mater, beheerder van de Base de Loisirs du Lac Vert en de camping in Doulcon in Meuse Lorraine Links <a class=\"more-link\" href=\"https:\/\/lacvertplage.fr\/nl_nl\/mentions-legales\/\">Lees meer \u2192<\/a><\/p>","protected":false},"author":1,"featured_media":0,"parent":0,"menu_order":0,"comment_status":"closed","ping_status":"closed","template":"","meta":{"_monsterinsights_skip_tracking":false,"_monsterinsights_sitenote_active":false,"_monsterinsights_sitenote_note":"","_monsterinsights_sitenote_category":0,"_uf_show_specific_survey":0,"_uf_disable_surveys":false,"footnotes":""},"class_list":["post-278","page","type-page","status-publish","hentry"],"aioseo_notices":[],"yoast_head":"<!-- This site is optimized with the Yoast SEO plugin v27.5 - https:\/\/yoast.com\/product\/yoast-seo-wordpress\/ -->\n<title>Mentions L\u00e9gales - Base de Loisirs du Lac Vert Plage<\/title>\n<meta name=\"robots\" content=\"index, nofollow, max-snippet:-1, max-image-preview:large, max-video-preview:-1\" \/>\n<link rel=\"canonical\" href=\"https:\/\/lacvertplage.fr\/nl_nl\/fr\/mentions-legales\/\" \/>\n<meta property=\"og:locale\" content=\"nl_NL\" \/>\n<meta property=\"og:type\" content=\"article\" \/>\n<meta property=\"og:title\" content=\"Mentions L\u00e9gales - Base de Loisirs du Lac Vert Plage\" \/>\n<meta property=\"og:description\" content=\"Droits d&rsquo;auteur Le site internet https:\/\/lacvertplage.fr\/est la propri\u00e9t\u00e9 de M. Mater g\u00e9rant de la Base de Loisirs du Lac Vert et de son camping \u00e0 Doulcon en Meuse Lorraine Liens Lire la suite \u2192\" \/>\n<meta property=\"og:url\" content=\"https:\/\/lacvertplage.fr\/nl_nl\/fr\/mentions-legales\/\" \/>\n<meta property=\"og:site_name\" content=\"Base de Loisirs du Lac Vert Plage\" \/>\n<meta property=\"article:modified_time\" content=\"2024-06-22T14:01:09+00:00\" \/>\n<meta name=\"twitter:label1\" content=\"Geschatte leestijd\" \/>\n\t<meta name=\"twitter:data1\" content=\"1 minuut\" \/>\n<script type=\"application\/ld+json\" class=\"yoast-schema-graph\">{\"@context\":\"https:\\\/\\\/schema.org\",\"@graph\":[{\"@type\":\"WebPage\",\"@id\":\"https:\\\/\\\/lacvertplage.fr\\\/fr\\\/mentions-legales\\\/\",\"url\":\"https:\\\/\\\/lacvertplage.fr\\\/fr\\\/mentions-legales\\\/\",\"name\":\"Mentions L\u00e9gales - Base de Loisirs du Lac Vert Plage\",\"isPartOf\":{\"@id\":\"https:\\\/\\\/lacvertplage.fr\\\/#website\"},\"datePublished\":\"2015-06-04T09:10:05+00:00\",\"dateModified\":\"2024-06-22T14:01:09+00:00\",\"breadcrumb\":{\"@id\":\"https:\\\/\\\/lacvertplage.fr\\\/fr\\\/mentions-legales\\\/#breadcrumb\"},\"inLanguage\":\"nl-NL\",\"potentialAction\":[{\"@type\":\"ReadAction\",\"target\":[\"https:\\\/\\\/lacvertplage.fr\\\/fr\\\/mentions-legales\\\/\"]}]},{\"@type\":\"BreadcrumbList\",\"@id\":\"https:\\\/\\\/lacvertplage.fr\\\/fr\\\/mentions-legales\\\/#breadcrumb\",\"itemListElement\":[{\"@type\":\"ListItem\",\"position\":1,\"name\":\"Accueil\",\"item\":\"https:\\\/\\\/lacvertplage.fr\\\/\"},{\"@type\":\"ListItem\",\"position\":2,\"name\":\"Mentions L\u00e9gales\"}]},{\"@type\":\"WebSite\",\"@id\":\"https:\\\/\\\/lacvertplage.fr\\\/#website\",\"url\":\"https:\\\/\\\/lacvertplage.fr\\\/\",\"name\":\"Base de Loisirs du Lac Vert Plage\",\"description\":\"\u00e0 Doulcon dans le Val Dunois en Meuse Lorraine\",\"potentialAction\":[{\"@type\":\"SearchAction\",\"target\":{\"@type\":\"EntryPoint\",\"urlTemplate\":\"https:\\\/\\\/lacvertplage.fr\\\/?s={search_term_string}\"},\"query-input\":{\"@type\":\"PropertyValueSpecification\",\"valueRequired\":true,\"valueName\":\"search_term_string\"}}],\"inLanguage\":\"nl-NL\"}]}<\/script>\n<!-- \/ Yoast SEO plugin. -->","yoast_head_json":{"title":"Wettelijke kennisgeving - Recreatiebasis Lac Vert Plage","robots":{"index":"index","follow":"nofollow","max-snippet":"max-snippet:-1","max-image-preview":"max-image-preview:large","max-video-preview":"max-video-preview:-1"},"canonical":"https:\/\/lacvertplage.fr\/nl_nl\/fr\/mentions-legales\/","og_locale":"nl_NL","og_type":"article","og_title":"Mentions L\u00e9gales - Base de Loisirs du Lac Vert Plage","og_description":"Droits d&rsquo;auteur Le site internet https:\/\/lacvertplage.fr\/est la propri\u00e9t\u00e9 de M. Mater g\u00e9rant de la Base de Loisirs du Lac Vert et de son camping \u00e0 Doulcon en Meuse Lorraine Liens Lire la suite \u2192","og_url":"https:\/\/lacvertplage.fr\/nl_nl\/fr\/mentions-legales\/","og_site_name":"Base de Loisirs du Lac Vert Plage","article_modified_time":"2024-06-22T14:01:09+00:00","twitter_misc":{"Geschatte leestijd":"1 minuut"},"schema":{"@context":"https:\/\/schema.org","@graph":[{"@type":"WebPage","@id":"https:\/\/lacvertplage.fr\/fr\/mentions-legales\/","url":"https:\/\/lacvertplage.fr\/fr\/mentions-legales\/","name":"Wettelijke kennisgeving - Recreatiebasis Lac Vert Plage","isPartOf":{"@id":"https:\/\/lacvertplage.fr\/#website"},"datePublished":"2015-06-04T09:10:05+00:00","dateModified":"2024-06-22T14:01:09+00:00","breadcrumb":{"@id":"https:\/\/lacvertplage.fr\/fr\/mentions-legales\/#breadcrumb"},"inLanguage":"nl-NL","potentialAction":[{"@type":"ReadAction","target":["https:\/\/lacvertplage.fr\/fr\/mentions-legales\/"]}]},{"@type":"BreadcrumbList","@id":"https:\/\/lacvertplage.fr\/fr\/mentions-legales\/#breadcrumb","itemListElement":[{"@type":"ListItem","position":1,"name":"Accueil","item":"https:\/\/lacvertplage.fr\/"},{"@type":"ListItem","position":2,"name":"Mentions L\u00e9gales"}]},{"@type":"WebSite","@id":"https:\/\/lacvertplage.fr\/#website","url":"https:\/\/lacvertplage.fr\/","name":"Recreatiebasis Lac Vert Plage","description":"bij Doulcon in de Val Dunois in Maas-Lotharingen","potentialAction":[{"@type":"SearchAction","target":{"@type":"EntryPoint","urlTemplate":"https:\/\/lacvertplage.fr\/?s={search_term_string}"},"query-input":{"@type":"PropertyValueSpecification","valueRequired":true,"valueName":"search_term_string"}}],"inLanguage":"nl-NL"}]}},"_links":{"self":[{"href":"https:\/\/lacvertplage.fr\/nl_nl\/wp-json\/wp\/v2\/pages\/278","targetHints":{"allow":["GET"]}}],"collection":[{"href":"https:\/\/lacvertplage.fr\/nl_nl\/wp-json\/wp\/v2\/pages"}],"about":[{"href":"https:\/\/lacvertplage.fr\/nl_nl\/wp-json\/wp\/v2\/types\/page"}],"author":[{"embeddable":true,"href":"https:\/\/lacvertplage.fr\/nl_nl\/wp-json\/wp\/v2\/users\/1"}],"replies":[{"embeddable":true,"href":"https:\/\/lacvertplage.fr\/nl_nl\/wp-json\/wp\/v2\/comments?post=278"}],"version-history":[{"count":3,"href":"https:\/\/lacvertplage.fr\/nl_nl\/wp-json\/wp\/v2\/pages\/278\/revisions"}],"predecessor-version":[{"id":514,"href":"https:\/\/lacvertplage.fr\/nl_nl\/wp-json\/wp\/v2\/pages\/278\/revisions\/514"}],"wp:attachment":[{"href":"https:\/\/lacvertplage.fr\/nl_nl\/wp-json\/wp\/v2\/media?parent=278"}],"curies":[{"name":"wp","href":"https:\/\/api.w.org\/{rel}","templated":true}]}}