{"id":79,"date":"2014-11-13T14:24:57","date_gmt":"2014-11-13T14:24:57","guid":{"rendered":"http:\/\/lacvertplage.fr\/?page_id=79"},"modified":"2025-07-03T14:35:51","modified_gmt":"2025-07-03T14:35:51","slug":"activites-aux-alentours","status":"publish","type":"page","link":"https:\/\/lacvertplage.fr\/en\/activites-aux-alentours\/","title":{"rendered":"Activities in the area"},"content":{"rendered":"<h1 class=\"wp-block-heading\"><a href=\"https:\/\/www.maison-du-miel.fr\/\">House of Honey and Bees<\/a>.<\/h1>\r\n<p>By bike or by car, head for Aincreville to discover the fascinating world of bees with your children at the <a title=\"honey and bees house meuse\" href=\"https:\/\/www.maison-du-miel.fr\/\" target=\"_blank\" rel=\"noopener noreferrer\">home of Honey and Bees.<\/a><\/p>\r\n\r\n<p>&nbsp;<\/p>\r\n\r\n\r\n\r\n<p style=\"text-align: justify;\">\u00a0<\/p><!-- \/wp:heading -->\r\n\r\n<!-- wp:heading {\"level\":3} -->\r\n\r\n<!-- wp:heading -->\r\n\r\n<!-- wp:heading {\"level\":3} --><!-- \/wp:heading -->\r\n\r\n<!-- wp:image {\"id\":135,\"sizeSlug\":\"large\",\"linkDestination\":\"media\"} --><!-- \/wp:image -->\r\n\r\n<!-- wp:heading {\"level\":3} -->\r\n<h1><a href=\"https:\/\/www.maison-du-miel.fr\/\">House of Honey and Bees<\/a>.<\/h1>\r\n<p>By bike or by car, head for Aincreville to discover the fascinating world of bees with your children at the <a title=\"honey and bees house meuse\" href=\"https:\/\/www.maison-du-miel.fr\/\" target=\"_blank\" rel=\"noopener noreferrer\">home of Honey and Bees.<\/a><\/p>\r\n<!-- \/wp:heading -->\r\n<p>&nbsp;<\/p>\r\n<!-- wp:heading -->\r\n\r\n<!-- wp:heading {\"level\":3} --><!-- \/wp:heading -->\r\n<p style=\"text-align: justify;\">\u00a0<\/p><!-- \/wp:post-content --><!-- \/wp:heading --><!-- wp:post-content --><!-- wp:heading -->\r\n<h1>A few ideas for outings around the Lac Vert leisure centre!<\/h1>\r\n<h2>A bit of sport!<\/h2>\r\n<h1><a href=\"https:\/\/www.foretvasion.com\/\">For\u00eat'Vasion park at Sivry-sur-Meuse<\/a><\/h1>\r\n<p>Just 10 minutes from Lac Vert by car, set off on an adventure at the <a style=\"text-align: justify; font-size: 16px;\" title=\"vasion forest park\" href=\"http:\/\/www.foretvasion.com\/\" target=\"_blank\" rel=\"noopener noreferrer\">For\u00eat'Vasion park<\/a><span style=\"text-align: justify; font-size: 16px;\">.<\/span><\/p>\r\n<p><strong style=\"text-align: justify; font-size: 16px;\">Acrobatic courses<\/strong><span style=\"text-align: justify; font-size: 16px;\"> 9 acrobatic courses, over 125 continuous lifeline workshops. Courses for all ages and levels...<\/span><\/p>\r\n<p><strong style=\"text-align: justify; font-size: 16px;\">Quickflight jump :<\/strong><span style=\"text-align: justify; font-size: 16px;\"> Will you dare to throw yourself off the 12-metre-high platform?<\/span><\/p>\r\n<p><strong style=\"text-align: justify; font-size: 16px;\">Laser Forest :<\/strong><span style=\"text-align: justify; font-size: 16px;\"> Equipped with laser pistols, you can take on your friends as a team on a terrain dotted with obstacles. Precision, stamina and camouflage recommended.<\/span><\/p>\r\n<p><strong style=\"text-align: justify; font-size: 16px;\">Escape game :<\/strong><span style=\"text-align: justify; font-size: 16px;\"> \"L'\u00e9cole des sorciers or Piratas<\/span><\/p>\r\n<p><strong style=\"text-align: justify; font-size: 16px;\">Barefoot and sensory trail<\/strong><span style=\"text-align: justify; font-size: 16px;\"> Barefoot sensory trail. A walk in the forest where you can rediscover your 5 senses.<\/span><\/p>\r\n<h1><a href=\"https:\/\/www.lameuse.fr\/je-visite\/activites-et-visites\/activites\/p\/meuse-velo-rail-forges-sur-meuse\">Pedal, pedal... on a velorail<\/a><\/h1>\r\n<p>A 15-minute drive from Lac Vert, near the former Consenvoye-Forges railway station, takes you on a v\u00e9lorail ride. Discover the forest dotted with casemates dating from the 1st World War.<sup style=\"text-align: justify;\">era<\/sup><span style=\"text-align: justify; font-size: 16px;\"> World War.<\/span><\/p>\r\n<h1><a href=\"https:\/\/museedelabiere.com\/\">Beer Museum<\/a>\u00a0<\/h1>\r\n<p>the Mus\u00e9e de la Bi\u00e8re (Beer Museum) in Stenay retraces the history of the art and tradition of brewing, from its origins (12,000 years ago) to the present day, with over 2,500 m\u00b2 of exhibition space.<\/p>\r\n<!-- \/wp:heading -->\r\n\r\n<!-- wp:heading {\"level\":3} -->\r\n\r\n<!-- wp:heading -->\r\n\r\n<!-- wp:heading {\"level\":3} --><!-- \/wp:heading -->\r\n\r\n<!-- wp:image {\"id\":135,\"sizeSlug\":\"large\",\"linkDestination\":\"media\"} --><!-- \/wp:image -->\r\n\r\n<!-- wp:heading {\"level\":3} -->\r\n<h1><a href=\"https:\/\/www.maison-du-miel.fr\/\">House of Honey and Bees<\/a>.<\/h1>\r\n<p>By bike or by car, head for Aincreville to discover the fascinating world of bees with your children at the <a title=\"honey and bees house meuse\" href=\"https:\/\/www.maison-du-miel.fr\/\" target=\"_blank\" rel=\"noopener noreferrer\">home of Honey and Bees.<\/a><\/p>\r\n<!-- \/wp:heading -->\r\n<p>&nbsp;<\/p>\r\n<!-- wp:heading -->\r\n\r\n<!-- wp:heading {\"level\":3} --><!-- \/wp:heading -->\r\n<p style=\"text-align: justify;\">\u00a0<\/p><!-- \/wp:post-content -->","protected":false},"excerpt":{"rendered":"<p>House of Honey and Bees. By bike or by car, head for Aincreville to discover the fascinating world of bees with your children at the Honey House. <a class=\"more-link\" href=\"https:\/\/lacvertplage.fr\/en\/activites-aux-alentours\/\">Read more \u2192<\/a><\/p>","protected":false},"author":1,"featured_media":0,"parent":0,"menu_order":0,"comment_status":"closed","ping_status":"closed","template":"","meta":{"_monsterinsights_skip_tracking":false,"_monsterinsights_sitenote_active":false,"_monsterinsights_sitenote_note":"","_monsterinsights_sitenote_category":0,"_uf_show_specific_survey":0,"_uf_disable_surveys":false,"footnotes":""},"class_list":["post-79","page","type-page","status-publish","hentry","semantictags-acro-branches","semantictags-base-de-loisirs","semantictags-base-de-loisirs-du-lac-vert-dun-sur-meuse","semantictags-base-de-loisirs-lac-vert-plage-55","semantictags-doulcon","semantictags-dun-sur-meuse","semantictags-grande-guerre","semantictags-guerre-1418","semantictags-ipousteguy","semantictags-lac-vert","semantictags-maison-du-miel-et-des-abeilles","semantictags-meuse-nautic","semantictags-meuse-nautic-dun-sur-meuse-balade-en-bateau","semantictags-miel","semantictags-office-de-tourisme","semantictags-vacances-au-lac-vert","semantictags-vacances-en-camping","semantictags-vacances-en-famille","semantictags-vacances-en-lorraine","semantictags-val-dunois","semantictags-velo-rail"],"aioseo_notices":[],"yoast_head":"<!-- This site is optimized with the Yoast SEO plugin v27.5 - https:\/\/yoast.com\/product\/yoast-seo-wordpress\/ -->\n<title>Activit\u00e9s en famille autour du Lac Vert proche de Verdun - Meuse<\/title>\n<meta name=\"description\" content=\"Activit\u00e9s pour toute la famille ou entre amis aux alentours de la base de loisirs du Lac Vert \u00e0 Doulcon \/ Dun-sur-Meuse pr\u00e8s de Stenay et Verdun.\" \/>\n<meta name=\"robots\" content=\"index, follow, max-snippet:-1, max-image-preview:large, max-video-preview:-1\" \/>\n<link rel=\"canonical\" href=\"https:\/\/lacvertplage.fr\/en\/activites-aux-alentours\/\" \/>\n<meta property=\"og:locale\" content=\"en_GB\" \/>\n<meta property=\"og:type\" content=\"article\" \/>\n<meta property=\"og:title\" content=\"Activit\u00e9s en famille autour du Lac Vert proche de Verdun - Meuse\" \/>\n<meta property=\"og:description\" content=\"Activit\u00e9s pour toute la famille ou entre amis aux alentours de la base de loisirs du Lac Vert \u00e0 Doulcon \/ Dun-sur-Meuse pr\u00e8s de Stenay et Verdun.\" \/>\n<meta property=\"og:url\" content=\"https:\/\/lacvertplage.fr\/en\/activites-aux-alentours\/\" \/>\n<meta property=\"og:site_name\" content=\"Base de Loisirs du Lac Vert Plage\" \/>\n<meta property=\"article:modified_time\" content=\"2025-07-03T14:35:51+00:00\" \/>\n<meta name=\"twitter:label1\" content=\"Estimated reading time\" \/>\n\t<meta name=\"twitter:data1\" content=\"2 minutes\" \/>\n<script type=\"application\/ld+json\" class=\"yoast-schema-graph\">{\"@context\":\"https:\\\/\\\/schema.org\",\"@graph\":[{\"@type\":\"WebPage\",\"@id\":\"https:\\\/\\\/lacvertplage.fr\\\/activites-aux-alentours\\\/\",\"url\":\"https:\\\/\\\/lacvertplage.fr\\\/activites-aux-alentours\\\/\",\"name\":\"Activit\u00e9s en famille autour du Lac Vert proche de Verdun - Meuse\",\"isPartOf\":{\"@id\":\"https:\\\/\\\/lacvertplage.fr\\\/#website\"},\"datePublished\":\"2014-11-13T14:24:57+00:00\",\"dateModified\":\"2025-07-03T14:35:51+00:00\",\"description\":\"Activit\u00e9s pour toute la famille ou entre amis aux alentours de la base de loisirs du Lac Vert \u00e0 Doulcon \\\/ Dun-sur-Meuse pr\u00e8s de Stenay et Verdun.\",\"breadcrumb\":{\"@id\":\"https:\\\/\\\/lacvertplage.fr\\\/activites-aux-alentours\\\/#breadcrumb\"},\"inLanguage\":\"en-GB\",\"potentialAction\":[{\"@type\":\"ReadAction\",\"target\":[\"https:\\\/\\\/lacvertplage.fr\\\/activites-aux-alentours\\\/\"]}]},{\"@type\":\"BreadcrumbList\",\"@id\":\"https:\\\/\\\/lacvertplage.fr\\\/activites-aux-alentours\\\/#breadcrumb\",\"itemListElement\":[{\"@type\":\"ListItem\",\"position\":1,\"name\":\"Accueil\",\"item\":\"https:\\\/\\\/lacvertplage.fr\\\/\"},{\"@type\":\"ListItem\",\"position\":2,\"name\":\"Activit\u00e9s aux alentours\"}]},{\"@type\":\"WebSite\",\"@id\":\"https:\\\/\\\/lacvertplage.fr\\\/#website\",\"url\":\"https:\\\/\\\/lacvertplage.fr\\\/\",\"name\":\"Base de Loisirs du Lac Vert Plage\",\"description\":\"\u00e0 Doulcon dans le Val Dunois en Meuse Lorraine\",\"potentialAction\":[{\"@type\":\"SearchAction\",\"target\":{\"@type\":\"EntryPoint\",\"urlTemplate\":\"https:\\\/\\\/lacvertplage.fr\\\/?s={search_term_string}\"},\"query-input\":{\"@type\":\"PropertyValueSpecification\",\"valueRequired\":true,\"valueName\":\"search_term_string\"}}],\"inLanguage\":\"en-GB\"}]}<\/script>\n<!-- \/ Yoast SEO plugin. -->","yoast_head_json":{"title":"Activit\u00e9s en famille autour du Lac Vert proche de Verdun - Meuse","description":"Activit\u00e9s pour toute la famille ou entre amis aux alentours de la base de loisirs du Lac Vert \u00e0 Doulcon \/ Dun-sur-Meuse pr\u00e8s de Stenay et Verdun.","robots":{"index":"index","follow":"follow","max-snippet":"max-snippet:-1","max-image-preview":"max-image-preview:large","max-video-preview":"max-video-preview:-1"},"canonical":"https:\/\/lacvertplage.fr\/en\/activites-aux-alentours\/","og_locale":"en_GB","og_type":"article","og_title":"Activit\u00e9s en famille autour du Lac Vert proche de Verdun - Meuse","og_description":"Activit\u00e9s pour toute la famille ou entre amis aux alentours de la base de loisirs du Lac Vert \u00e0 Doulcon \/ Dun-sur-Meuse pr\u00e8s de Stenay et Verdun.","og_url":"https:\/\/lacvertplage.fr\/en\/activites-aux-alentours\/","og_site_name":"Base de Loisirs du Lac Vert Plage","article_modified_time":"2025-07-03T14:35:51+00:00","twitter_misc":{"Estimated reading time":"2 minutes"},"schema":{"@context":"https:\/\/schema.org","@graph":[{"@type":"WebPage","@id":"https:\/\/lacvertplage.fr\/activites-aux-alentours\/","url":"https:\/\/lacvertplage.fr\/activites-aux-alentours\/","name":"Activit\u00e9s en famille autour du Lac Vert proche de Verdun - Meuse","isPartOf":{"@id":"https:\/\/lacvertplage.fr\/#website"},"datePublished":"2014-11-13T14:24:57+00:00","dateModified":"2025-07-03T14:35:51+00:00","description":"Activit\u00e9s pour toute la famille ou entre amis aux alentours de la base de loisirs du Lac Vert \u00e0 Doulcon \/ Dun-sur-Meuse pr\u00e8s de Stenay et Verdun.","breadcrumb":{"@id":"https:\/\/lacvertplage.fr\/activites-aux-alentours\/#breadcrumb"},"inLanguage":"en-GB","potentialAction":[{"@type":"ReadAction","target":["https:\/\/lacvertplage.fr\/activites-aux-alentours\/"]}]},{"@type":"BreadcrumbList","@id":"https:\/\/lacvertplage.fr\/activites-aux-alentours\/#breadcrumb","itemListElement":[{"@type":"ListItem","position":1,"name":"Accueil","item":"https:\/\/lacvertplage.fr\/"},{"@type":"ListItem","position":2,"name":"Activit\u00e9s aux alentours"}]},{"@type":"WebSite","@id":"https:\/\/lacvertplage.fr\/#website","url":"https:\/\/lacvertplage.fr\/","name":"Base de Loisirs du Lac Vert Plage","description":"at Doulcon in the Val Dunois in Meuse Lorraine","potentialAction":[{"@type":"SearchAction","target":{"@type":"EntryPoint","urlTemplate":"https:\/\/lacvertplage.fr\/?s={search_term_string}"},"query-input":{"@type":"PropertyValueSpecification","valueRequired":true,"valueName":"search_term_string"}}],"inLanguage":"en-GB"}]}},"_links":{"self":[{"href":"https:\/\/lacvertplage.fr\/en\/wp-json\/wp\/v2\/pages\/79","targetHints":{"allow":["GET"]}}],"collection":[{"href":"https:\/\/lacvertplage.fr\/en\/wp-json\/wp\/v2\/pages"}],"about":[{"href":"https:\/\/lacvertplage.fr\/en\/wp-json\/wp\/v2\/types\/page"}],"author":[{"embeddable":true,"href":"https:\/\/lacvertplage.fr\/en\/wp-json\/wp\/v2\/users\/1"}],"replies":[{"embeddable":true,"href":"https:\/\/lacvertplage.fr\/en\/wp-json\/wp\/v2\/comments?post=79"}],"version-history":[{"count":34,"href":"https:\/\/lacvertplage.fr\/en\/wp-json\/wp\/v2\/pages\/79\/revisions"}],"predecessor-version":[{"id":943,"href":"https:\/\/lacvertplage.fr\/en\/wp-json\/wp\/v2\/pages\/79\/revisions\/943"}],"wp:attachment":[{"href":"https:\/\/lacvertplage.fr\/en\/wp-json\/wp\/v2\/media?parent=79"}],"curies":[{"name":"wp","href":"https:\/\/api.w.org\/{rel}","templated":true}]}}