{"id":38,"date":"2014-11-13T10:43:33","date_gmt":"2014-11-13T10:43:33","guid":{"rendered":"http:\/\/lacvertplage.fr\/?page_id=38"},"modified":"2024-06-22T14:02:31","modified_gmt":"2024-06-22T14:02:31","slug":"camping-car-au-lac-vert","status":"publish","type":"page","link":"https:\/\/lacvertplage.fr\/en\/sejournez-au-lac-vert\/camping-car-au-lac-vert\/","title":{"rendered":"Camping Car au Lac Vert"},"content":{"rendered":"<h2 class=\"wp-block-heading\">For motorhome tourists on holiday:<\/h2>\r\n\r\n<p style=\"text-align: justify;\">For motorhome owners who want to stay a few days at Lac Vert, we offer a 40 m<sup>2<\/sup> for 2 people, with or without electricity (6A) <a title=\"Our rates\" href=\"http:\/\/lacvertplage.fr\/en\/sejournez-au-lac-vert\/tarifs\/\">from \u20ac10.50 \/night<\/a>.<\/p>\r\n<p style=\"text-align: justify;\">You will have :<\/p>\r\n<ul>\r\n<li style=\"text-align: justify;\">1 pitch of around 40 m<sup>2 <\/sup><\/li>\r\n<li style=\"text-align: justify;\">drinking water<\/li>\r\n<li style=\"text-align: justify;\">the possibility of carrying out your oil changes<\/li>\r\n<li style=\"text-align: justify;\">access to campsite services (toilet block, laundry, wifi, snack bar, etc.)<\/li>\r\n<\/ul>\r\n\r\n<figure class=\"wp-block-gallery has-nested-images columns-default is-cropped wp-block-gallery-1 is-layout-flex wp-block-gallery-is-layout-flex\">\r\n<figure class=\"wp-block-image size-large\"><a href=\"https:\/\/lacvertplage.fr\/wp-content\/uploads\/2014\/11\/P7270079-1024x768-site-web.jpg\" data-rel=\"lightbox-gallery-WUueFyeZ\" data-rl_title=\"Camping car au Lac Vert \u00e0 Doulcon\" data-rl_caption=\"Camping car au Lac Vert \u00e0 Doulcon\" title=\"Camping car at Lac Vert in Doulcon\"><img loading=\"lazy\" decoding=\"async\" width=\"1022\" height=\"766\" data-id=\"226\" class=\"wp-image-226\" src=\"https:\/\/lacvertplage.fr\/wp-content\/uploads\/2014\/11\/P7270079-1024x768-site-web.jpg\" alt=\"Camping car au Lac Vert \u00e0 Doulcon\" srcset=\"https:\/\/lacvertplage.fr\/wp-content\/uploads\/2014\/11\/P7270079-1024x768-site-web.jpg 1022w, https:\/\/lacvertplage.fr\/wp-content\/uploads\/2014\/11\/P7270079-1024x768-site-web-300x225.jpg 300w\" sizes=\"auto, (max-width: 1022px) 100vw, 1022px\" \/><\/a><\/figure>\r\n\r\n\r\n\r\n<figure class=\"wp-block-image size-large\"><a href=\"https:\/\/lacvertplage.fr\/wp-content\/uploads\/2014\/11\/camping-car-14-04-2012-6-1024x768-site-web.jpg\" data-rel=\"lightbox-gallery-WUueFyeZ\" data-rl_title=\"Accueil camping car Lac Vert Meuse\" data-rl_caption=\"Accueil camping car Lac Vert Meuse\" title=\"Motorhome reception Lac Vert Meuse\"><img loading=\"lazy\" decoding=\"async\" width=\"1022\" height=\"766\" data-id=\"225\" class=\"wp-image-225\" src=\"https:\/\/lacvertplage.fr\/wp-content\/uploads\/2014\/11\/camping-car-14-04-2012-6-1024x768-site-web.jpg\" alt=\"Accueil camping car Lac Vert Meuse\" srcset=\"https:\/\/lacvertplage.fr\/wp-content\/uploads\/2014\/11\/camping-car-14-04-2012-6-1024x768-site-web.jpg 1022w, https:\/\/lacvertplage.fr\/wp-content\/uploads\/2014\/11\/camping-car-14-04-2012-6-1024x768-site-web-300x225.jpg 300w\" sizes=\"auto, (max-width: 1022px) 100vw, 1022px\" \/><\/a><\/figure>\r\n<\/figure>","protected":false},"excerpt":{"rendered":"<p>For motorhomers on holiday: For motorhomers who want to stay a few days at Lac Vert, we offer a 40 m2 pitch for 2 people, with or without <a class=\"more-link\" href=\"https:\/\/lacvertplage.fr\/en\/sejournez-au-lac-vert\/camping-car-au-lac-vert\/\">Read more \u2192<\/a><\/p>","protected":false},"author":1,"featured_media":0,"parent":18,"menu_order":0,"comment_status":"closed","ping_status":"closed","template":"","meta":{"_monsterinsights_skip_tracking":false,"_monsterinsights_sitenote_active":false,"_monsterinsights_sitenote_note":"","_monsterinsights_sitenote_category":0,"_uf_show_specific_survey":0,"_uf_disable_surveys":false,"footnotes":""},"class_list":["post-38","page","type-page","status-publish","hentry","semantictags-camping-2-etoiles","semantictags-camping-car","semantictags-camping-car-au-lac-vert","semantictags-camping-car-meuse","semantictags-camping-cariste","semantictags-dun-sur-meuse","semantictags-emplacement-camping-car","semantictags-emplacement-doulcon-camping-car","semantictags-emplacement-dun-sur-meuse-camping-car","semantictags-formule-camping-cariste-lac-vert-55","semantictags-formule-camping-caristes-lac-vert","semantictags-meuse","semantictags-sejour","semantictags-sejour-en-camping-car-lac-vert-doulcon"],"aioseo_notices":[],"yoast_head":"<!-- This site is optimized with the Yoast SEO plugin v27.3 - https:\/\/yoast.com\/product\/yoast-seo-wordpress\/ -->\n<title>Camping avec emplacement de camping-car - Lac Vert - Meuse<\/title>\n<meta name=\"description\" content=\"Emplacement pour camping-car au camping du lac vert entre Montm\u00e9dy et Verdun en Meuse. 40 m\u00b2 avec \u00e9l\u00e9ctricit\u00e9, eau potable et possibilit\u00e9 de vidange.\" \/>\n<meta name=\"robots\" content=\"index, follow, max-snippet:-1, max-image-preview:large, max-video-preview:-1\" \/>\n<link rel=\"canonical\" href=\"https:\/\/lacvertplage.fr\/en\/fr\/sejournez-au-lac-vert\/camping-car-au-lac-vert\/\" \/>\n<meta property=\"og:locale\" content=\"en_GB\" \/>\n<meta property=\"og:type\" content=\"article\" \/>\n<meta property=\"og:title\" content=\"Camping avec emplacement de camping-car - Lac Vert - Meuse\" \/>\n<meta property=\"og:description\" content=\"Emplacement pour camping-car au camping du lac vert entre Montm\u00e9dy et Verdun en Meuse. 40 m\u00b2 avec \u00e9l\u00e9ctricit\u00e9, eau potable et possibilit\u00e9 de vidange.\" \/>\n<meta property=\"og:url\" content=\"https:\/\/lacvertplage.fr\/en\/fr\/sejournez-au-lac-vert\/camping-car-au-lac-vert\/\" \/>\n<meta property=\"og:site_name\" content=\"Base de Loisirs du Lac Vert Plage\" \/>\n<meta property=\"article:modified_time\" content=\"2024-06-22T14:02:31+00:00\" \/>\n<meta property=\"og:image\" content=\"https:\/\/lacvertplage.fr\/wp-content\/uploads\/2014\/11\/P7270079-1024x768-site-web.jpg\" \/>\n<meta name=\"twitter:label1\" content=\"Estimated reading time\" \/>\n\t<meta name=\"twitter:data1\" content=\"1 minute\" \/>\n<script type=\"application\/ld+json\" class=\"yoast-schema-graph\">{\"@context\":\"https:\\\/\\\/schema.org\",\"@graph\":[{\"@type\":\"WebPage\",\"@id\":\"https:\\\/\\\/lacvertplage.fr\\\/fr\\\/sejournez-au-lac-vert\\\/camping-car-au-lac-vert\\\/\",\"url\":\"https:\\\/\\\/lacvertplage.fr\\\/fr\\\/sejournez-au-lac-vert\\\/camping-car-au-lac-vert\\\/\",\"name\":\"Camping avec emplacement de camping-car - Lac Vert - Meuse\",\"isPartOf\":{\"@id\":\"https:\\\/\\\/lacvertplage.fr\\\/#website\"},\"primaryImageOfPage\":{\"@id\":\"https:\\\/\\\/lacvertplage.fr\\\/fr\\\/sejournez-au-lac-vert\\\/camping-car-au-lac-vert\\\/#primaryimage\"},\"image\":{\"@id\":\"https:\\\/\\\/lacvertplage.fr\\\/fr\\\/sejournez-au-lac-vert\\\/camping-car-au-lac-vert\\\/#primaryimage\"},\"thumbnailUrl\":\"https:\\\/\\\/lacvertplage.fr\\\/wp-content\\\/uploads\\\/2014\\\/11\\\/P7270079-1024x768-site-web.jpg\",\"datePublished\":\"2014-11-13T10:43:33+00:00\",\"dateModified\":\"2024-06-22T14:02:31+00:00\",\"description\":\"Emplacement pour camping-car au camping du lac vert entre Montm\u00e9dy et Verdun en Meuse. 40 m\u00b2 avec \u00e9l\u00e9ctricit\u00e9, eau potable et possibilit\u00e9 de vidange.\",\"breadcrumb\":{\"@id\":\"https:\\\/\\\/lacvertplage.fr\\\/fr\\\/sejournez-au-lac-vert\\\/camping-car-au-lac-vert\\\/#breadcrumb\"},\"inLanguage\":\"en-GB\",\"potentialAction\":[{\"@type\":\"ReadAction\",\"target\":[\"https:\\\/\\\/lacvertplage.fr\\\/fr\\\/sejournez-au-lac-vert\\\/camping-car-au-lac-vert\\\/\"]}]},{\"@type\":\"ImageObject\",\"inLanguage\":\"en-GB\",\"@id\":\"https:\\\/\\\/lacvertplage.fr\\\/fr\\\/sejournez-au-lac-vert\\\/camping-car-au-lac-vert\\\/#primaryimage\",\"url\":\"https:\\\/\\\/lacvertplage.fr\\\/wp-content\\\/uploads\\\/2014\\\/11\\\/P7270079-1024x768-site-web.jpg\",\"contentUrl\":\"https:\\\/\\\/lacvertplage.fr\\\/wp-content\\\/uploads\\\/2014\\\/11\\\/P7270079-1024x768-site-web.jpg\"},{\"@type\":\"BreadcrumbList\",\"@id\":\"https:\\\/\\\/lacvertplage.fr\\\/fr\\\/sejournez-au-lac-vert\\\/camping-car-au-lac-vert\\\/#breadcrumb\",\"itemListElement\":[{\"@type\":\"ListItem\",\"position\":1,\"name\":\"Accueil\",\"item\":\"https:\\\/\\\/lacvertplage.fr\\\/\"},{\"@type\":\"ListItem\",\"position\":2,\"name\":\"S\u00e9journez au Lac Vert\",\"item\":\"https:\\\/\\\/lacvertplage.fr\\\/fr\\\/sejournez-au-lac-vert\\\/\"},{\"@type\":\"ListItem\",\"position\":3,\"name\":\"Camping Car au Lac Vert\"}]},{\"@type\":\"WebSite\",\"@id\":\"https:\\\/\\\/lacvertplage.fr\\\/#website\",\"url\":\"https:\\\/\\\/lacvertplage.fr\\\/\",\"name\":\"Base de Loisirs du Lac Vert Plage\",\"description\":\"\u00e0 Doulcon dans le Val Dunois en Meuse Lorraine\",\"potentialAction\":[{\"@type\":\"SearchAction\",\"target\":{\"@type\":\"EntryPoint\",\"urlTemplate\":\"https:\\\/\\\/lacvertplage.fr\\\/?s={search_term_string}\"},\"query-input\":{\"@type\":\"PropertyValueSpecification\",\"valueRequired\":true,\"valueName\":\"search_term_string\"}}],\"inLanguage\":\"en-GB\"}]}<\/script>\n<!-- \/ Yoast SEO plugin. -->","yoast_head_json":{"title":"Campsite with motorhome pitches - Lac Vert - Meuse","description":"Motorhome pitch at the Lac Vert campsite between Montm\u00e9dy and Verdun in Meuse. 40 m\u00b2 with electricity, drinking water and possibility of emptying.","robots":{"index":"index","follow":"follow","max-snippet":"max-snippet:-1","max-image-preview":"max-image-preview:large","max-video-preview":"max-video-preview:-1"},"canonical":"https:\/\/lacvertplage.fr\/en\/fr\/sejournez-au-lac-vert\/camping-car-au-lac-vert\/","og_locale":"en_GB","og_type":"article","og_title":"Camping avec emplacement de camping-car - Lac Vert - Meuse","og_description":"Emplacement pour camping-car au camping du lac vert entre Montm\u00e9dy et Verdun en Meuse. 40 m\u00b2 avec \u00e9l\u00e9ctricit\u00e9, eau potable et possibilit\u00e9 de vidange.","og_url":"https:\/\/lacvertplage.fr\/en\/fr\/sejournez-au-lac-vert\/camping-car-au-lac-vert\/","og_site_name":"Base de Loisirs du Lac Vert Plage","article_modified_time":"2024-06-22T14:02:31+00:00","og_image":[{"url":"https:\/\/lacvertplage.fr\/wp-content\/uploads\/2014\/11\/P7270079-1024x768-site-web.jpg","type":"","width":"","height":""}],"twitter_misc":{"Estimated reading time":"1 minute"},"schema":{"@context":"https:\/\/schema.org","@graph":[{"@type":"WebPage","@id":"https:\/\/lacvertplage.fr\/fr\/sejournez-au-lac-vert\/camping-car-au-lac-vert\/","url":"https:\/\/lacvertplage.fr\/fr\/sejournez-au-lac-vert\/camping-car-au-lac-vert\/","name":"Campsite with motorhome pitches - Lac Vert - Meuse","isPartOf":{"@id":"https:\/\/lacvertplage.fr\/#website"},"primaryImageOfPage":{"@id":"https:\/\/lacvertplage.fr\/fr\/sejournez-au-lac-vert\/camping-car-au-lac-vert\/#primaryimage"},"image":{"@id":"https:\/\/lacvertplage.fr\/fr\/sejournez-au-lac-vert\/camping-car-au-lac-vert\/#primaryimage"},"thumbnailUrl":"https:\/\/lacvertplage.fr\/wp-content\/uploads\/2014\/11\/P7270079-1024x768-site-web.jpg","datePublished":"2014-11-13T10:43:33+00:00","dateModified":"2024-06-22T14:02:31+00:00","description":"Motorhome pitch at the Lac Vert campsite between Montm\u00e9dy and Verdun in Meuse. 40 m\u00b2 with electricity, drinking water and possibility of emptying.","breadcrumb":{"@id":"https:\/\/lacvertplage.fr\/fr\/sejournez-au-lac-vert\/camping-car-au-lac-vert\/#breadcrumb"},"inLanguage":"en-GB","potentialAction":[{"@type":"ReadAction","target":["https:\/\/lacvertplage.fr\/fr\/sejournez-au-lac-vert\/camping-car-au-lac-vert\/"]}]},{"@type":"ImageObject","inLanguage":"en-GB","@id":"https:\/\/lacvertplage.fr\/fr\/sejournez-au-lac-vert\/camping-car-au-lac-vert\/#primaryimage","url":"https:\/\/lacvertplage.fr\/wp-content\/uploads\/2014\/11\/P7270079-1024x768-site-web.jpg","contentUrl":"https:\/\/lacvertplage.fr\/wp-content\/uploads\/2014\/11\/P7270079-1024x768-site-web.jpg"},{"@type":"BreadcrumbList","@id":"https:\/\/lacvertplage.fr\/fr\/sejournez-au-lac-vert\/camping-car-au-lac-vert\/#breadcrumb","itemListElement":[{"@type":"ListItem","position":1,"name":"Accueil","item":"https:\/\/lacvertplage.fr\/"},{"@type":"ListItem","position":2,"name":"S\u00e9journez au Lac Vert","item":"https:\/\/lacvertplage.fr\/fr\/sejournez-au-lac-vert\/"},{"@type":"ListItem","position":3,"name":"Camping Car au Lac Vert"}]},{"@type":"WebSite","@id":"https:\/\/lacvertplage.fr\/#website","url":"https:\/\/lacvertplage.fr\/","name":"Base de Loisirs du Lac Vert Plage","description":"at Doulcon in the Val Dunois in Meuse Lorraine","potentialAction":[{"@type":"SearchAction","target":{"@type":"EntryPoint","urlTemplate":"https:\/\/lacvertplage.fr\/?s={search_term_string}"},"query-input":{"@type":"PropertyValueSpecification","valueRequired":true,"valueName":"search_term_string"}}],"inLanguage":"en-GB"}]}},"_links":{"self":[{"href":"https:\/\/lacvertplage.fr\/en\/wp-json\/wp\/v2\/pages\/38","targetHints":{"allow":["GET"]}}],"collection":[{"href":"https:\/\/lacvertplage.fr\/en\/wp-json\/wp\/v2\/pages"}],"about":[{"href":"https:\/\/lacvertplage.fr\/en\/wp-json\/wp\/v2\/types\/page"}],"author":[{"embeddable":true,"href":"https:\/\/lacvertplage.fr\/en\/wp-json\/wp\/v2\/users\/1"}],"replies":[{"embeddable":true,"href":"https:\/\/lacvertplage.fr\/en\/wp-json\/wp\/v2\/comments?post=38"}],"version-history":[{"count":14,"href":"https:\/\/lacvertplage.fr\/en\/wp-json\/wp\/v2\/pages\/38\/revisions"}],"predecessor-version":[{"id":889,"href":"https:\/\/lacvertplage.fr\/en\/wp-json\/wp\/v2\/pages\/38\/revisions\/889"}],"up":[{"embeddable":true,"href":"https:\/\/lacvertplage.fr\/en\/wp-json\/wp\/v2\/pages\/18"}],"wp:attachment":[{"href":"https:\/\/lacvertplage.fr\/en\/wp-json\/wp\/v2\/media?parent=38"}],"curies":[{"name":"wp","href":"https:\/\/api.w.org\/{rel}","templated":true}]}}