{"id":23,"date":"2014-11-13T10:11:20","date_gmt":"2014-11-13T10:11:20","guid":{"rendered":"http:\/\/lacvertplage.fr\/?page_id=23"},"modified":"2024-07-25T16:13:19","modified_gmt":"2024-07-25T16:13:19","slug":"camping-lac-vert-doulcon","status":"publish","type":"page","link":"https:\/\/lacvertplage.fr\/en\/sejournez-au-lac-vert\/camping-lac-vert-doulcon\/","title":{"rendered":"Camping du Lac Vert"},"content":{"rendered":"<h2 class=\"wp-block-heading\">Our Locations :<\/h2>\r\n\r\n\r\n\r\n<div class=\"wp-block-columns is-layout-flex wp-container-core-columns-is-layout-9d6595d7 wp-block-columns-is-layout-flex\">\r\n<div class=\"wp-block-column is-layout-flow wp-block-column-is-layout-flow\" style=\"flex-basis: 33.33%;\">\r\n<figure class=\"wp-block-image size-large\"><a href=\"https:\/\/lacvertplage.fr\/wp-content\/uploads\/2014\/11\/campings.jpg\" data-rel=\"lightbox-gallery-X8XBJ0sr\" data-rl_title=\"Camping lac vert plage meuse\" data-rl_caption=\"Camping lac vert plage meuse\" title=\"Camping lac vert plage meuse\"><img loading=\"lazy\" decoding=\"async\" width=\"300\" height=\"225\" class=\"wp-image-53\" src=\"https:\/\/lacvertplage.fr\/wp-content\/uploads\/2014\/11\/campings.jpg\" alt=\"Camping 2 \u00e9toiles dun sur meuse\" \/><\/a><\/figure>\r\n<\/div>\r\n\r\n\r\n\r\n<div class=\"wp-block-column is-layout-flow wp-block-column-is-layout-flow\" style=\"flex-basis: 66.66%;\">\r\n<p style=\"text-align: justify;\">We offer 431 pitches ranging from 70 to 150 m<sup>2<\/sup>\u00a0<\/p>\r\n<p style=\"text-align: justify;\">131 Leisure 292 Tourism<\/p>\r\n<p style=\"text-align: justify;\">The 431 pitches are broken down as follows: 372 pitches without sanitation 51 pitches with sanitation, including 18 rental pitches. We also have 8 pitches for camper vans.\u00a0\u00a0<\/p>\r\n<p style=\"text-align: justify;\">from <a title=\"Our rates\" href=\"http:\/\/lacvertplage.fr\/en\/sejournez-au-lac-vert\/tarifs\/\">11.50 per night<\/a>. Whether with your tent or your caravan, wake up in the heart of the gentle Val Dunois on a restful site. In the morning, in the small town of Dun-sur-Meuse, you can pick up warm croissants and fresh bread from the bakery just a few steps from the campsite.<\/p>\r\n<\/div>\r\n<\/div>\r\n\r\n\r\n\r\n<h2 class=\"wp-block-heading\">The Campers :<\/h2>\r\n\r\n<p style=\"text-align: justify;\">Choose the location that suits you best. Families with young children may prefer the centre of the site, close to the fully-equipped sanitary facilities and play area. Others may prefer the far end of the site, with easy access to the lake for a spot of fishing, a walk around the lake or simply a moment's rest observing nature.<\/p>\r\n<p style=\"text-align: justify;\">Each pitch can accommodate a maximum of 6 people.<\/p>\r\n<p style=\"text-align: justify;\">Our pitches are all equipped with electricity (10 Amp). Remember to bring an extension lead and a European plug. We have pitches and sanitary facilities for people with reduced mobility.<\/p>\r\n<p><a href=\"https:\/\/lacvertplage.fr\/wp-content\/uploads\/2024\/07\/raccordement-electrique-pour-le-camping.jpg\" data-rel=\"lightbox-gallery-X8XBJ0sr\" data-rl_title=\"raccordement-electrique-pour-le-camping\" data-rl_caption=\"raccordement-electrique-pour-le-camping\" title=\"electrical-connection-for-camping\"><img loading=\"lazy\" decoding=\"async\" class=\"alignnone  wp-image-906\" src=\"https:\/\/lacvertplage.fr\/wp-content\/uploads\/2024\/07\/raccordement-electrique-pour-le-camping-300x300.jpg\" alt=\"\" width=\"131\" height=\"131\" srcset=\"https:\/\/lacvertplage.fr\/wp-content\/uploads\/2024\/07\/raccordement-electrique-pour-le-camping-300x300.jpg 300w, https:\/\/lacvertplage.fr\/wp-content\/uploads\/2024\/07\/raccordement-electrique-pour-le-camping-150x150.jpg 150w, https:\/\/lacvertplage.fr\/wp-content\/uploads\/2024\/07\/raccordement-electrique-pour-le-camping-768x768.jpg 768w, https:\/\/lacvertplage.fr\/wp-content\/uploads\/2024\/07\/raccordement-electrique-pour-le-camping-12x12.jpg 12w, https:\/\/lacvertplage.fr\/wp-content\/uploads\/2024\/07\/raccordement-electrique-pour-le-camping.jpg 969w\" sizes=\"auto, (max-width: 131px) 100vw, 131px\" \/><\/a><\/p>\r\n<p style=\"text-align: justify;\">Minors may not book or stay on the campsite alone. They must be accompanied by their parents throughout their stay.<\/p>\r\n<p style=\"text-align: justify;\">Proof of identity is compulsory for anyone wishing to stay at the Lac Vert Plage campsite.<\/p>\r\n<p style=\"text-align: justify;\">It is best to book a camping pitch either by telephone on 03 29 80 90 38 or on the <a href=\"https:\/\/lacvertplage.fr\/en\/sejournez-au-lac-vert\/pre-reservation-en-ligne\/\">pre-booking<\/a>.<\/p>\r\n\r\n<h2 class=\"wp-block-heading\">Residential or long-term campers:<\/h2>\r\n\r\n<p style=\"text-align: justify;\">Are you a fan of the great outdoors and want to stay for 3 months, 6 months or the whole time the campsite is open? Together, we'll find the package and pitch to suit you.<\/p>\r\n<p style=\"text-align: justify;\"><a title=\"Contact us\" href=\"https:\/\/lacvertplage.fr\/en\/contactez\/\">Contact us now!<\/a><\/p>\r\n\r\n<h2 class=\"wp-block-heading\">Our services :<\/h2>\r\n\r\n<ul>\r\n<li style=\"text-align: justify;\">Our campsite is equipped with 6 toilet blocks with washbasins, showers and WCs, as well as toilets for people with reduced mobility, which are cleaned once a day.<\/li>\r\n<li style=\"text-align: justify;\">Our laundry facilities, tumble dryer and washing machine are at your disposal.<\/li>\r\n<li style=\"text-align: justify;\">At the entrance to the campsite you'll find a launderette with 1 x 16kg and 2 x 8kg washing machines and a 16kg tumble dryer.<\/li>\r\n<li style=\"text-align: justify;\">For a bite to eat, there's a nearby snack bar with a 60-seater terrace and an exceptional view over Lac Vert, where we welcome you at weekends and from Monday to Sunday from July to the end of August.<\/li>\r\n<li style=\"text-align: justify;\">You can also explore the town's partner restaurants.<\/li>\r\n<li style=\"text-align: justify;\">Our campsite is equipped with free, secure Wi-Fi access.<\/li>\r\n<\/ul>\r\n\r\n<h2 class=\"wp-block-heading\">Looking for a grocery shop?<\/h2>\r\n\r\n\r\n\r\n<div class=\"wp-block-columns is-layout-flex wp-container-core-columns-is-layout-9d6595d7 wp-block-columns-is-layout-flex\">\r\n<div class=\"wp-block-column is-layout-flow wp-block-column-is-layout-flow\" style=\"flex-basis: 66.66%;\">\r\n<p style=\"text-align: justify;\">Within walking distance, the Coccinelle supermarket is open Monday and Sunday mornings from 8am to 7pm, and the Intermarch\u00e9 outlet is open Monday to Saturday. They have everything you need for your stay.<\/p>\r\n<\/div>\r\n\r\n\r\n\r\n<div class=\"wp-block-column is-layout-flow wp-block-column-is-layout-flow\" style=\"flex-basis: 33.33%;\">\r\n<figure class=\"wp-block-image size-large\"><a href=\"https:\/\/lacvertplage.fr\/wp-content\/uploads\/2014\/11\/stationverte_logo_144px.jpg\" data-rel=\"lightbox-gallery-X8XBJ0sr\" data-rl_title=\"station_verte_logo_144px\" data-rl_caption=\"station_verte_logo_144px\" title=\"station_verte_logo_144px\"><img loading=\"lazy\" decoding=\"async\" width=\"144\" height=\"144\" class=\"wp-image-13\" src=\"https:\/\/lacvertplage.fr\/wp-content\/uploads\/2014\/11\/stationverte_logo_144px.jpg\" alt=\"logo lac vert doulcon station verte\" \/><\/a><\/figure>\r\n<\/div>\r\n<\/div>","protected":false},"excerpt":{"rendered":"<p>Our pitches : We offer 431 pitches ranging from 70 to 150 m2 131 Leisure 292 Tourism The 431 pitches are broken down as follows: 372 pitches without drainage 51 pitches with drainage <a class=\"more-link\" href=\"https:\/\/lacvertplage.fr\/en\/sejournez-au-lac-vert\/camping-lac-vert-doulcon\/\">Read more \u2192<\/a><\/p>","protected":false},"author":1,"featured_media":0,"parent":18,"menu_order":0,"comment_status":"closed","ping_status":"closed","template":"","meta":{"_monsterinsights_skip_tracking":false,"_monsterinsights_sitenote_active":false,"_monsterinsights_sitenote_note":"","_monsterinsights_sitenote_category":0,"_uf_show_specific_survey":0,"_uf_disable_surveys":false,"footnotes":""},"class_list":["post-23","page","type-page","status-publish","hentry","semantictags-bas-e-de-loisirs-lac-vert-55","semantictags-campeurs","semantictags-camping","semantictags-camping-2-etoiles-doulcon","semantictags-camping-2-etoiles-lorraine","semantictags-camping-2-etoiles-meuse","semantictags-camping-2etoiles","semantictags-camping-doulcon","semantictags-camping-dun-sur-meuse","semantictags-camping-famille","semantictags-camping-lorraine","semantictags-camping-meuse","semantictags-camping-stenay","semantictags-lac-vert","semantictags-lac-vert-doulcon","semantictags-location-emplacement-camping-2-etoiles","semantictags-location-emplacement-camping-lac-vert","semantictags-location-emplacement-camping-lac-vert-plage","semantictags-station-verte-lac-vert-doulcon-55","semantictags-toile-de-tente"],"aioseo_notices":[],"yoast_head":"<!-- This site is optimized with the Yoast SEO plugin v27.3 - https:\/\/yoast.com\/product\/yoast-seo-wordpress\/ -->\n<title>Camping du Lac Vert pr\u00e8s de Dun-sur-Meuse - Lorraine<\/title>\n<meta name=\"description\" content=\"Le camping du Lac Vert est situ\u00e9 pr\u00e8s de Dun-sur-Meuse en Lorraine. Plus de 400 emplacements pour tentes, caravanes ou camping-cars. Class\u00e9 2 \u00e9toiles.\" \/>\n<meta name=\"robots\" content=\"index, follow, max-snippet:-1, max-image-preview:large, max-video-preview:-1\" \/>\n<link rel=\"canonical\" href=\"https:\/\/lacvertplage.fr\/en\/sejournez-au-lac-vert\/camping-lac-vert-doulcon\/\" \/>\n<meta property=\"og:locale\" content=\"en_GB\" \/>\n<meta property=\"og:type\" content=\"article\" \/>\n<meta property=\"og:title\" content=\"Camping du Lac Vert pr\u00e8s de Dun-sur-Meuse - Lorraine\" \/>\n<meta property=\"og:description\" content=\"Le camping du Lac Vert est situ\u00e9 pr\u00e8s de Dun-sur-Meuse en Lorraine. Plus de 400 emplacements pour tentes, caravanes ou camping-cars. Class\u00e9 2 \u00e9toiles.\" \/>\n<meta property=\"og:url\" content=\"https:\/\/lacvertplage.fr\/en\/sejournez-au-lac-vert\/camping-lac-vert-doulcon\/\" \/>\n<meta property=\"og:site_name\" content=\"Base de Loisirs du Lac Vert Plage\" \/>\n<meta property=\"article:modified_time\" content=\"2024-07-25T16:13:19+00:00\" \/>\n<meta property=\"og:image\" content=\"https:\/\/lacvertplage.fr\/wp-content\/uploads\/2014\/11\/campings.jpg\" \/>\n<meta name=\"twitter:label1\" content=\"Estimated reading time\" \/>\n\t<meta name=\"twitter:data1\" content=\"4 minutes\" \/>\n<script type=\"application\/ld+json\" class=\"yoast-schema-graph\">{\"@context\":\"https:\\\/\\\/schema.org\",\"@graph\":[{\"@type\":\"WebPage\",\"@id\":\"https:\\\/\\\/lacvertplage.fr\\\/sejournez-au-lac-vert\\\/camping-lac-vert-doulcon\\\/\",\"url\":\"https:\\\/\\\/lacvertplage.fr\\\/sejournez-au-lac-vert\\\/camping-lac-vert-doulcon\\\/\",\"name\":\"Camping du Lac Vert pr\u00e8s de Dun-sur-Meuse - Lorraine\",\"isPartOf\":{\"@id\":\"https:\\\/\\\/lacvertplage.fr\\\/#website\"},\"primaryImageOfPage\":{\"@id\":\"https:\\\/\\\/lacvertplage.fr\\\/sejournez-au-lac-vert\\\/camping-lac-vert-doulcon\\\/#primaryimage\"},\"image\":{\"@id\":\"https:\\\/\\\/lacvertplage.fr\\\/sejournez-au-lac-vert\\\/camping-lac-vert-doulcon\\\/#primaryimage\"},\"thumbnailUrl\":\"https:\\\/\\\/lacvertplage.fr\\\/wp-content\\\/uploads\\\/2014\\\/11\\\/campings.jpg\",\"datePublished\":\"2014-11-13T10:11:20+00:00\",\"dateModified\":\"2024-07-25T16:13:19+00:00\",\"description\":\"Le camping du Lac Vert est situ\u00e9 pr\u00e8s de Dun-sur-Meuse en Lorraine. Plus de 400 emplacements pour tentes, caravanes ou camping-cars. Class\u00e9 2 \u00e9toiles.\",\"breadcrumb\":{\"@id\":\"https:\\\/\\\/lacvertplage.fr\\\/sejournez-au-lac-vert\\\/camping-lac-vert-doulcon\\\/#breadcrumb\"},\"inLanguage\":\"en-GB\",\"potentialAction\":[{\"@type\":\"ReadAction\",\"target\":[\"https:\\\/\\\/lacvertplage.fr\\\/sejournez-au-lac-vert\\\/camping-lac-vert-doulcon\\\/\"]}]},{\"@type\":\"ImageObject\",\"inLanguage\":\"en-GB\",\"@id\":\"https:\\\/\\\/lacvertplage.fr\\\/sejournez-au-lac-vert\\\/camping-lac-vert-doulcon\\\/#primaryimage\",\"url\":\"https:\\\/\\\/lacvertplage.fr\\\/wp-content\\\/uploads\\\/2014\\\/11\\\/campings.jpg\",\"contentUrl\":\"https:\\\/\\\/lacvertplage.fr\\\/wp-content\\\/uploads\\\/2014\\\/11\\\/campings.jpg\"},{\"@type\":\"BreadcrumbList\",\"@id\":\"https:\\\/\\\/lacvertplage.fr\\\/sejournez-au-lac-vert\\\/camping-lac-vert-doulcon\\\/#breadcrumb\",\"itemListElement\":[{\"@type\":\"ListItem\",\"position\":1,\"name\":\"Accueil\",\"item\":\"https:\\\/\\\/lacvertplage.fr\\\/\"},{\"@type\":\"ListItem\",\"position\":2,\"name\":\"S\u00e9journez au Lac Vert\",\"item\":\"https:\\\/\\\/lacvertplage.fr\\\/fr\\\/sejournez-au-lac-vert\\\/\"},{\"@type\":\"ListItem\",\"position\":3,\"name\":\"Camping du Lac Vert\"}]},{\"@type\":\"WebSite\",\"@id\":\"https:\\\/\\\/lacvertplage.fr\\\/#website\",\"url\":\"https:\\\/\\\/lacvertplage.fr\\\/\",\"name\":\"Base de Loisirs du Lac Vert Plage\",\"description\":\"\u00e0 Doulcon dans le Val Dunois en Meuse Lorraine\",\"potentialAction\":[{\"@type\":\"SearchAction\",\"target\":{\"@type\":\"EntryPoint\",\"urlTemplate\":\"https:\\\/\\\/lacvertplage.fr\\\/?s={search_term_string}\"},\"query-input\":{\"@type\":\"PropertyValueSpecification\",\"valueRequired\":true,\"valueName\":\"search_term_string\"}}],\"inLanguage\":\"en-GB\"}]}<\/script>\n<!-- \/ Yoast SEO plugin. -->","yoast_head_json":{"title":"Camping du Lac Vert near Dun-sur-Meuse - Lorraine","description":"The Lac Vert campsite is located near Dun-sur-Meuse in Lorraine. Over 400 pitches for tents, caravans or motorhomes. Rated 2 stars.","robots":{"index":"index","follow":"follow","max-snippet":"max-snippet:-1","max-image-preview":"max-image-preview:large","max-video-preview":"max-video-preview:-1"},"canonical":"https:\/\/lacvertplage.fr\/en\/sejournez-au-lac-vert\/camping-lac-vert-doulcon\/","og_locale":"en_GB","og_type":"article","og_title":"Camping du Lac Vert pr\u00e8s de Dun-sur-Meuse - Lorraine","og_description":"Le camping du Lac Vert est situ\u00e9 pr\u00e8s de Dun-sur-Meuse en Lorraine. Plus de 400 emplacements pour tentes, caravanes ou camping-cars. Class\u00e9 2 \u00e9toiles.","og_url":"https:\/\/lacvertplage.fr\/en\/sejournez-au-lac-vert\/camping-lac-vert-doulcon\/","og_site_name":"Base de Loisirs du Lac Vert Plage","article_modified_time":"2024-07-25T16:13:19+00:00","og_image":[{"url":"https:\/\/lacvertplage.fr\/wp-content\/uploads\/2014\/11\/campings.jpg","type":"","width":"","height":""}],"twitter_misc":{"Estimated reading time":"4 minutes"},"schema":{"@context":"https:\/\/schema.org","@graph":[{"@type":"WebPage","@id":"https:\/\/lacvertplage.fr\/sejournez-au-lac-vert\/camping-lac-vert-doulcon\/","url":"https:\/\/lacvertplage.fr\/sejournez-au-lac-vert\/camping-lac-vert-doulcon\/","name":"Camping du Lac Vert near Dun-sur-Meuse - Lorraine","isPartOf":{"@id":"https:\/\/lacvertplage.fr\/#website"},"primaryImageOfPage":{"@id":"https:\/\/lacvertplage.fr\/sejournez-au-lac-vert\/camping-lac-vert-doulcon\/#primaryimage"},"image":{"@id":"https:\/\/lacvertplage.fr\/sejournez-au-lac-vert\/camping-lac-vert-doulcon\/#primaryimage"},"thumbnailUrl":"https:\/\/lacvertplage.fr\/wp-content\/uploads\/2014\/11\/campings.jpg","datePublished":"2014-11-13T10:11:20+00:00","dateModified":"2024-07-25T16:13:19+00:00","description":"The Lac Vert campsite is located near Dun-sur-Meuse in Lorraine. Over 400 pitches for tents, caravans or motorhomes. Rated 2 stars.","breadcrumb":{"@id":"https:\/\/lacvertplage.fr\/sejournez-au-lac-vert\/camping-lac-vert-doulcon\/#breadcrumb"},"inLanguage":"en-GB","potentialAction":[{"@type":"ReadAction","target":["https:\/\/lacvertplage.fr\/sejournez-au-lac-vert\/camping-lac-vert-doulcon\/"]}]},{"@type":"ImageObject","inLanguage":"en-GB","@id":"https:\/\/lacvertplage.fr\/sejournez-au-lac-vert\/camping-lac-vert-doulcon\/#primaryimage","url":"https:\/\/lacvertplage.fr\/wp-content\/uploads\/2014\/11\/campings.jpg","contentUrl":"https:\/\/lacvertplage.fr\/wp-content\/uploads\/2014\/11\/campings.jpg"},{"@type":"BreadcrumbList","@id":"https:\/\/lacvertplage.fr\/sejournez-au-lac-vert\/camping-lac-vert-doulcon\/#breadcrumb","itemListElement":[{"@type":"ListItem","position":1,"name":"Accueil","item":"https:\/\/lacvertplage.fr\/"},{"@type":"ListItem","position":2,"name":"S\u00e9journez au Lac Vert","item":"https:\/\/lacvertplage.fr\/fr\/sejournez-au-lac-vert\/"},{"@type":"ListItem","position":3,"name":"Camping du Lac Vert"}]},{"@type":"WebSite","@id":"https:\/\/lacvertplage.fr\/#website","url":"https:\/\/lacvertplage.fr\/","name":"Base de Loisirs du Lac Vert Plage","description":"at Doulcon in the Val Dunois in Meuse Lorraine","potentialAction":[{"@type":"SearchAction","target":{"@type":"EntryPoint","urlTemplate":"https:\/\/lacvertplage.fr\/?s={search_term_string}"},"query-input":{"@type":"PropertyValueSpecification","valueRequired":true,"valueName":"search_term_string"}}],"inLanguage":"en-GB"}]}},"_links":{"self":[{"href":"https:\/\/lacvertplage.fr\/en\/wp-json\/wp\/v2\/pages\/23","targetHints":{"allow":["GET"]}}],"collection":[{"href":"https:\/\/lacvertplage.fr\/en\/wp-json\/wp\/v2\/pages"}],"about":[{"href":"https:\/\/lacvertplage.fr\/en\/wp-json\/wp\/v2\/types\/page"}],"author":[{"embeddable":true,"href":"https:\/\/lacvertplage.fr\/en\/wp-json\/wp\/v2\/users\/1"}],"replies":[{"embeddable":true,"href":"https:\/\/lacvertplage.fr\/en\/wp-json\/wp\/v2\/comments?post=23"}],"version-history":[{"count":35,"href":"https:\/\/lacvertplage.fr\/en\/wp-json\/wp\/v2\/pages\/23\/revisions"}],"predecessor-version":[{"id":907,"href":"https:\/\/lacvertplage.fr\/en\/wp-json\/wp\/v2\/pages\/23\/revisions\/907"}],"up":[{"embeddable":true,"href":"https:\/\/lacvertplage.fr\/en\/wp-json\/wp\/v2\/pages\/18"}],"wp:attachment":[{"href":"https:\/\/lacvertplage.fr\/en\/wp-json\/wp\/v2\/media?parent=23"}],"curies":[{"name":"wp","href":"https:\/\/api.w.org\/{rel}","templated":true}]}}