{"id":108,"date":"2014-11-13T16:24:50","date_gmt":"2014-11-13T16:24:50","guid":{"rendered":"http:\/\/lacvertplage.fr\/?page_id=108"},"modified":"2025-07-17T12:04:50","modified_gmt":"2025-07-17T12:04:50","slug":"activites-lac-vert-bowling-pedalos","status":"publish","type":"page","link":"https:\/\/lacvertplage.fr\/en\/activites-lac-vert-bowling-pedalos\/","title":{"rendered":"Our activities at Lac Vert Plage"},"content":{"rendered":"<h2 class=\"wp-block-heading\">Our water activities in 2025<\/h2>\r\n\r\n\r\n\r\n<p style=\"text-align: justify;\">Visit <strong>Lac Vert at Doulcon\/Dun-sur-Meuse,<\/strong> at approximately <strong>30 min from Verdun and Sedan<\/strong>,\u00a0<\/p>\r\n<p style=\"text-align: justify;\">For<strong> for young and old alike<\/strong>Discover our 48-metre long waterslide which arrives in a reception pool.\u00a0<\/p>\r\n\r\n<blockquote>\r\n<h3>Good to know:<\/h3>\r\n<ul>\r\n<li>The bathing area is unsupervised and will be banned in 2025 for lack of supervision.<\/li>\r\n<li>Entrance to the Lac Vert Plage leisure centre is free on foot,\u00a0<b>Visitor vehicles are<\/b>\u00a0prohibited from entering the\u00a0<b>camping.<\/b><\/li>\r\n<li>Barbecues are not permitted.<\/li>\r\n<\/ul>\r\n<\/blockquote>\r\n\r\n<figure class=\"wp-block-gallery has-nested-images columns-default is-cropped wp-block-gallery-1 is-layout-flex wp-block-gallery-is-layout-flex\">\r\n\r\n\r\n<figure class=\"wp-block-image size-large\"><a href=\"https:\/\/lacvertplage.fr\/wp-content\/uploads\/2014\/11\/bandeau-lac-vert2.jpg\" data-rel=\"lightbox-gallery-5XVSxZzk\" data-rl_title=\"bandeau lac vert2\" data-rl_caption=\"bandeau lac vert2\" title=\"bandeau lac vert2\"><img loading=\"lazy\" decoding=\"async\" width=\"1024\" height=\"440\" data-id=\"67\" class=\"wp-image-67\" src=\"https:\/\/lacvertplage.fr\/wp-content\/uploads\/2014\/11\/bandeau-lac-vert2-1024x440.jpg\" alt=\"Camping p\u00e9dalo 2 \u00e9toiles \u00e0 Dun-sur-Meuse, vall\u00e9e Meusienne, entre Stenay et Verdun\" srcset=\"https:\/\/lacvertplage.fr\/wp-content\/uploads\/2014\/11\/bandeau-lac-vert2-1024x440.jpg 1024w, https:\/\/lacvertplage.fr\/wp-content\/uploads\/2014\/11\/bandeau-lac-vert2-300x129.jpg 300w, https:\/\/lacvertplage.fr\/wp-content\/uploads\/2014\/11\/bandeau-lac-vert2.jpg 1280w\" sizes=\"auto, (max-width: 1024px) 100vw, 1024px\" \/><\/a><\/figure>\r\n<\/figure>\r\n\r\n\r\n\r\n<h2 class=\"wp-block-heading\">Our activities on the water<\/h2>\r\n\r\n\r\n\r\n<h3 class=\"wp-block-heading\">A trip around the lake in a pedalo?<\/h3>\r\n\r\n<p style=\"text-align: justify;\">Visit<strong> snack bar,<\/strong> you can hire a pedalo for<strong> 5 or 6 people for \u20ac8 per half-hour or \u20ac15 per hour.<\/strong> Come aboard and discover the lake environment.<\/p>\r\n<p style=\"text-align: justify;\">You'll be sailing on the lake, accompanied only by splashing ducks and a few friendly dragonflies. It will take you around 1\/2 hour to circumnavigate Lac Vert. To spice up the end of your pedalo excursion, how about entering a race with a duck heading inland? The first to reach the pontoon wins...<\/p>\r\n\r\n<h2 class=\"wp-block-heading\">Equipment and conditions :<\/h2>\r\n\r\n<ul>\r\n<li>Come in basketball<\/li>\r\n<li>Lifejackets for each passenger compulsory<\/li>\r\n<li>Children accompanied by an adult<\/li>\r\n<li>Open from May to September<\/li>\r\n<\/ul>\r\n\r\n<figure class=\"wp-block-gallery has-nested-images columns-default is-cropped wp-block-gallery-2 is-layout-flex wp-block-gallery-is-layout-flex\">\r\n<figure class=\"wp-block-image size-large\"><a href=\"https:\/\/lacvertplage.fr\/wp-content\/uploads\/2014\/11\/bandeau_lavert1.jpg\" data-rel=\"lightbox-gallery-5XVSxZzk\" data-rl_title=\"camping lac vert plage base de loisirs\" data-rl_caption=\"camping lac vert plage base de loisirs\" title=\"camping lac vert plage base de loisirs\"><img loading=\"lazy\" decoding=\"async\" width=\"1024\" height=\"442\" data-id=\"68\" class=\"wp-image-68\" src=\"https:\/\/lacvertplage.fr\/wp-content\/uploads\/2014\/11\/bandeau_lavert1-1024x442.jpg\" alt=\"Camping lac vert plage doulcon Meuse Lorraine\" srcset=\"https:\/\/lacvertplage.fr\/wp-content\/uploads\/2014\/11\/bandeau_lavert1-1024x442.jpg 1024w, https:\/\/lacvertplage.fr\/wp-content\/uploads\/2014\/11\/bandeau_lavert1-300x129.jpg 300w, https:\/\/lacvertplage.fr\/wp-content\/uploads\/2014\/11\/bandeau_lavert1.jpg 1280w\" sizes=\"auto, (max-width: 1024px) 100vw, 1024px\" \/><\/a><\/figure>\r\n\r\n\r\n\r\n<figure class=\"wp-block-image size-large\"><a href=\"https:\/\/lacvertplage.fr\/wp-content\/uploads\/2014\/11\/LacVert1_Codecom-Val-Dunois1260-e1415888396550.jpg\" data-rel=\"lightbox-gallery-5XVSxZzk\" data-rl_title=\"Lac Vert Val Dunois en Meuse lorraine\" data-rl_caption=\"Lac Vert Val Dunois en Meuse lorraine\" title=\"Lac Vert Val Dunois in Meuse Lorraine\"><img loading=\"lazy\" decoding=\"async\" width=\"1024\" height=\"768\" data-id=\"77\" class=\"wp-image-77\" src=\"https:\/\/lacvertplage.fr\/wp-content\/uploads\/2014\/11\/LacVert1_Codecom-Val-Dunois1260-1024x768.jpg\" alt=\"base de loisirs lac vert plage \u00e0 Doulcon en Meuse Lorraine pr\u00e8s de Verdun\" \/><\/a><\/figure>\r\n\r\n\r\n\r\n<figure class=\"wp-block-image size-large\"><a href=\"https:\/\/lacvertplage.fr\/wp-content\/uploads\/2014\/11\/Dun-sur-Meuse-depuis-Meuse-clich\u00e9-OT-Val-Dunois-S-Provost-e1425551915595.jpg\" data-rel=\"lightbox-gallery-5XVSxZzk\" data-rl_title=\"Dun-sur-Meuse depuis Meuse &#8211; clich\u00e9 OT Val Dunois &#8211; S Provost\" data-rl_caption=\"Dun-sur-Meuse depuis Meuse &#8211; clich\u00e9 OT Val Dunois &#8211; S Provost\" title=\"Dun-sur-Meuse from the Meuse - photo OT Val Dunois - S Provost\"><img loading=\"lazy\" decoding=\"async\" width=\"1024\" height=\"768\" data-id=\"92\" class=\"wp-image-92\" src=\"https:\/\/lacvertplage.fr\/wp-content\/uploads\/2014\/11\/Dun-sur-Meuse-depuis-Meuse-clich\u00e9-OT-Val-Dunois-S-Provost-1024x768.jpg\" alt=\"Village station verte Dun sur Meuse Lac Vert plage Lorraine\" \/><\/a><\/figure>\r\n<\/figure>\r\n\r\n\r\n\r\n<h2 class=\"wp-block-heading\">Fishing activities<\/h2>\r\n\r\n<p style=\"text-align: justify;\">Our Lac Vert Plage combines all the pleasures of green tourism and fishing. Pike, pike-perch, perch and carp await you in the various fishing spots: the lake, the river Meuse or the ballasti\u00e8res, owned by the fishing association.<\/p>\r\n<blockquote>\r\n<h3 style=\"text-align: justify;\">Good to know<\/h3>\r\n<ul>\r\n<li style=\"text-align: justify;\">You can buy a fishing card at the lock caf\u00e9 or at the tobacconist's.<\/li>\r\n<li style=\"text-align: justify;\">Fishing stations at Lac Vert: at Lac Vert, you can fish at a number of stations in a calm and favourable setting. For your convenience, picnic tables are available just a few metres away.<\/li>\r\n<\/ul>\r\n<\/blockquote>\r\n<p style=\"text-align: justify;\">For your accommodation, you can choose between\u00a0<a href=\"http:\/\/lacvertplage.fr\/en\/sejournez-au-lac-vert\/\">the campsite<\/a> or<a href=\"http:\/\/lacvertplage.fr\/en\/sejournez-au-lac-vert\/locations-de-chalets-lac-vert\/\"> chalets<\/a>.<\/p>\r\n<p style=\"text-align: justify;\">Lac Vert Plage is a lively leisure centre with a wide range of activities. <strong>a wide range of on-site activities<\/strong>while respecting the tranquillity of the site. We also have many tourist partners in the Val Dunois.<\/p>","protected":false},"excerpt":{"rendered":"<p>Our activities in the water in 2025 At Lac Vert in Doulcon\/Dun-sur-Meuse, about 30 minutes from Verdun and Sedan, for young and old alike, discover our <a class=\"more-link\" href=\"https:\/\/lacvertplage.fr\/en\/activites-lac-vert-bowling-pedalos\/\">Read more \u2192<\/a><\/p>","protected":false},"author":1,"featured_media":0,"parent":0,"menu_order":0,"comment_status":"closed","ping_status":"closed","template":"","meta":{"_monsterinsights_skip_tracking":false,"_monsterinsights_sitenote_active":false,"_monsterinsights_sitenote_note":"","_monsterinsights_sitenote_category":0,"_uf_show_specific_survey":0,"_uf_disable_surveys":false,"footnotes":""},"class_list":["post-108","page","type-page","status-publish","hentry","semantictags-activites-au-lac-vert-a-doulcon","semantictags-activites-avec-les-enfants","semantictags-activites-en-famille","semantictags-bar","semantictags-dun-sur-meuse","semantictags-lac-vert-doulcon","semantictags-lac-vert-dun-sur-meuse","semantictags-lac-vert-plage","semantictags-soiree-au-lac","semantictags-soiree-au-lac-vert","semantictags-soiree-lac-vert-doulcon","semantictags-st-nicolas-au-lac-vert","semantictags-vacances-en-famille"],"aioseo_notices":[],"yoast_head":"<!-- This site is optimized with the Yoast SEO plugin v27.5 - https:\/\/yoast.com\/product\/yoast-seo-wordpress\/ -->\n<title>Activit\u00e9s pour s&#039;amuser au Lac Vert Plage : p\u00e9dalos, plage, p\u00eache, soir\u00e9es<\/title>\n<meta name=\"description\" content=\"Amusez-vous en famille ou entre amis gr\u00e2ce aux activit\u00e9s du Lac Vert Plage \u00e0 Dun-sur-Meuse \u00e0 30 min de Verdun : plage, p\u00e9dalos, animations, soir\u00e9es\u2026\" \/>\n<meta name=\"robots\" content=\"index, follow, max-snippet:-1, max-image-preview:large, max-video-preview:-1\" \/>\n<link rel=\"canonical\" href=\"https:\/\/lacvertplage.fr\/en\/activites-lac-vert-bowling-pedalos\/\" \/>\n<meta property=\"og:locale\" content=\"en_GB\" \/>\n<meta property=\"og:type\" content=\"article\" \/>\n<meta property=\"og:title\" content=\"Activit\u00e9s pour s&#039;amuser au Lac Vert Plage : p\u00e9dalos, plage, p\u00eache, soir\u00e9es\" \/>\n<meta property=\"og:description\" content=\"Amusez-vous en famille ou entre amis gr\u00e2ce aux activit\u00e9s du Lac Vert Plage \u00e0 Dun-sur-Meuse \u00e0 30 min de Verdun : plage, p\u00e9dalos, animations, soir\u00e9es\u2026\" \/>\n<meta property=\"og:url\" content=\"https:\/\/lacvertplage.fr\/en\/activites-lac-vert-bowling-pedalos\/\" \/>\n<meta property=\"og:site_name\" content=\"Base de Loisirs du Lac Vert Plage\" \/>\n<meta property=\"article:modified_time\" content=\"2025-07-17T12:04:50+00:00\" \/>\n<meta property=\"og:image\" content=\"https:\/\/lacvertplage.fr\/wp-content\/uploads\/2014\/11\/bandeau-lac-vert2.jpg\" \/>\n\t<meta property=\"og:image:width\" content=\"1280\" \/>\n\t<meta property=\"og:image:height\" content=\"551\" \/>\n\t<meta property=\"og:image:type\" content=\"image\/jpeg\" \/>\n<meta name=\"twitter:label1\" content=\"Estimated reading time\" \/>\n\t<meta name=\"twitter:data1\" content=\"3 minutes\" \/>\n<script type=\"application\/ld+json\" class=\"yoast-schema-graph\">{\"@context\":\"https:\\\/\\\/schema.org\",\"@graph\":[{\"@type\":\"WebPage\",\"@id\":\"https:\\\/\\\/lacvertplage.fr\\\/activites-lac-vert-bowling-pedalos\\\/\",\"url\":\"https:\\\/\\\/lacvertplage.fr\\\/activites-lac-vert-bowling-pedalos\\\/\",\"name\":\"Activit\u00e9s pour s'amuser au Lac Vert Plage : p\u00e9dalos, plage, p\u00eache, soir\u00e9es\",\"isPartOf\":{\"@id\":\"https:\\\/\\\/lacvertplage.fr\\\/#website\"},\"primaryImageOfPage\":{\"@id\":\"https:\\\/\\\/lacvertplage.fr\\\/activites-lac-vert-bowling-pedalos\\\/#primaryimage\"},\"image\":{\"@id\":\"https:\\\/\\\/lacvertplage.fr\\\/activites-lac-vert-bowling-pedalos\\\/#primaryimage\"},\"thumbnailUrl\":\"https:\\\/\\\/lacvertplage.fr\\\/wp-content\\\/uploads\\\/2014\\\/11\\\/bandeau-lac-vert2-1024x440.jpg\",\"datePublished\":\"2014-11-13T16:24:50+00:00\",\"dateModified\":\"2025-07-17T12:04:50+00:00\",\"description\":\"Amusez-vous en famille ou entre amis gr\u00e2ce aux activit\u00e9s du Lac Vert Plage \u00e0 Dun-sur-Meuse \u00e0 30 min de Verdun : plage, p\u00e9dalos, animations, soir\u00e9es\u2026\",\"breadcrumb\":{\"@id\":\"https:\\\/\\\/lacvertplage.fr\\\/activites-lac-vert-bowling-pedalos\\\/#breadcrumb\"},\"inLanguage\":\"en-GB\",\"potentialAction\":[{\"@type\":\"ReadAction\",\"target\":[\"https:\\\/\\\/lacvertplage.fr\\\/activites-lac-vert-bowling-pedalos\\\/\"]}]},{\"@type\":\"ImageObject\",\"inLanguage\":\"en-GB\",\"@id\":\"https:\\\/\\\/lacvertplage.fr\\\/activites-lac-vert-bowling-pedalos\\\/#primaryimage\",\"url\":\"https:\\\/\\\/lacvertplage.fr\\\/wp-content\\\/uploads\\\/2014\\\/11\\\/bandeau-lac-vert2-1024x440.jpg\",\"contentUrl\":\"https:\\\/\\\/lacvertplage.fr\\\/wp-content\\\/uploads\\\/2014\\\/11\\\/bandeau-lac-vert2-1024x440.jpg\"},{\"@type\":\"BreadcrumbList\",\"@id\":\"https:\\\/\\\/lacvertplage.fr\\\/activites-lac-vert-bowling-pedalos\\\/#breadcrumb\",\"itemListElement\":[{\"@type\":\"ListItem\",\"position\":1,\"name\":\"Accueil\",\"item\":\"https:\\\/\\\/lacvertplage.fr\\\/\"},{\"@type\":\"ListItem\",\"position\":2,\"name\":\"Nos activit\u00e9s au lac Vert Plage\"}]},{\"@type\":\"WebSite\",\"@id\":\"https:\\\/\\\/lacvertplage.fr\\\/#website\",\"url\":\"https:\\\/\\\/lacvertplage.fr\\\/\",\"name\":\"Base de Loisirs du Lac Vert Plage\",\"description\":\"\u00e0 Doulcon dans le Val Dunois en Meuse Lorraine\",\"potentialAction\":[{\"@type\":\"SearchAction\",\"target\":{\"@type\":\"EntryPoint\",\"urlTemplate\":\"https:\\\/\\\/lacvertplage.fr\\\/?s={search_term_string}\"},\"query-input\":{\"@type\":\"PropertyValueSpecification\",\"valueRequired\":true,\"valueName\":\"search_term_string\"}}],\"inLanguage\":\"en-GB\"}]}<\/script>\n<!-- \/ Yoast SEO plugin. -->","yoast_head_json":{"title":"Fun activities at Lac Vert Plage: pedalos, beach, fishing, parties","description":"Have fun with family and friends at Lac Vert Plage in Dun-sur-Meuse, 30 minutes from Verdun: beach, pedalos, entertainment, parties...","robots":{"index":"index","follow":"follow","max-snippet":"max-snippet:-1","max-image-preview":"max-image-preview:large","max-video-preview":"max-video-preview:-1"},"canonical":"https:\/\/lacvertplage.fr\/en\/activites-lac-vert-bowling-pedalos\/","og_locale":"en_GB","og_type":"article","og_title":"Activit\u00e9s pour s'amuser au Lac Vert Plage : p\u00e9dalos, plage, p\u00eache, soir\u00e9es","og_description":"Amusez-vous en famille ou entre amis gr\u00e2ce aux activit\u00e9s du Lac Vert Plage \u00e0 Dun-sur-Meuse \u00e0 30 min de Verdun : plage, p\u00e9dalos, animations, soir\u00e9es\u2026","og_url":"https:\/\/lacvertplage.fr\/en\/activites-lac-vert-bowling-pedalos\/","og_site_name":"Base de Loisirs du Lac Vert Plage","article_modified_time":"2025-07-17T12:04:50+00:00","og_image":[{"width":1280,"height":551,"url":"https:\/\/lacvertplage.fr\/wp-content\/uploads\/2014\/11\/bandeau-lac-vert2.jpg","type":"image\/jpeg"}],"twitter_misc":{"Estimated reading time":"3 minutes"},"schema":{"@context":"https:\/\/schema.org","@graph":[{"@type":"WebPage","@id":"https:\/\/lacvertplage.fr\/activites-lac-vert-bowling-pedalos\/","url":"https:\/\/lacvertplage.fr\/activites-lac-vert-bowling-pedalos\/","name":"Fun activities at Lac Vert Plage: pedalos, beach, fishing, parties","isPartOf":{"@id":"https:\/\/lacvertplage.fr\/#website"},"primaryImageOfPage":{"@id":"https:\/\/lacvertplage.fr\/activites-lac-vert-bowling-pedalos\/#primaryimage"},"image":{"@id":"https:\/\/lacvertplage.fr\/activites-lac-vert-bowling-pedalos\/#primaryimage"},"thumbnailUrl":"https:\/\/lacvertplage.fr\/wp-content\/uploads\/2014\/11\/bandeau-lac-vert2-1024x440.jpg","datePublished":"2014-11-13T16:24:50+00:00","dateModified":"2025-07-17T12:04:50+00:00","description":"Have fun with family and friends at Lac Vert Plage in Dun-sur-Meuse, 30 minutes from Verdun: beach, pedalos, entertainment, parties...","breadcrumb":{"@id":"https:\/\/lacvertplage.fr\/activites-lac-vert-bowling-pedalos\/#breadcrumb"},"inLanguage":"en-GB","potentialAction":[{"@type":"ReadAction","target":["https:\/\/lacvertplage.fr\/activites-lac-vert-bowling-pedalos\/"]}]},{"@type":"ImageObject","inLanguage":"en-GB","@id":"https:\/\/lacvertplage.fr\/activites-lac-vert-bowling-pedalos\/#primaryimage","url":"https:\/\/lacvertplage.fr\/wp-content\/uploads\/2014\/11\/bandeau-lac-vert2-1024x440.jpg","contentUrl":"https:\/\/lacvertplage.fr\/wp-content\/uploads\/2014\/11\/bandeau-lac-vert2-1024x440.jpg"},{"@type":"BreadcrumbList","@id":"https:\/\/lacvertplage.fr\/activites-lac-vert-bowling-pedalos\/#breadcrumb","itemListElement":[{"@type":"ListItem","position":1,"name":"Accueil","item":"https:\/\/lacvertplage.fr\/"},{"@type":"ListItem","position":2,"name":"Nos activit\u00e9s au lac Vert Plage"}]},{"@type":"WebSite","@id":"https:\/\/lacvertplage.fr\/#website","url":"https:\/\/lacvertplage.fr\/","name":"Base de Loisirs du Lac Vert Plage","description":"at Doulcon in the Val Dunois in Meuse Lorraine","potentialAction":[{"@type":"SearchAction","target":{"@type":"EntryPoint","urlTemplate":"https:\/\/lacvertplage.fr\/?s={search_term_string}"},"query-input":{"@type":"PropertyValueSpecification","valueRequired":true,"valueName":"search_term_string"}}],"inLanguage":"en-GB"}]}},"_links":{"self":[{"href":"https:\/\/lacvertplage.fr\/en\/wp-json\/wp\/v2\/pages\/108","targetHints":{"allow":["GET"]}}],"collection":[{"href":"https:\/\/lacvertplage.fr\/en\/wp-json\/wp\/v2\/pages"}],"about":[{"href":"https:\/\/lacvertplage.fr\/en\/wp-json\/wp\/v2\/types\/page"}],"author":[{"embeddable":true,"href":"https:\/\/lacvertplage.fr\/en\/wp-json\/wp\/v2\/users\/1"}],"replies":[{"embeddable":true,"href":"https:\/\/lacvertplage.fr\/en\/wp-json\/wp\/v2\/comments?post=108"}],"version-history":[{"count":26,"href":"https:\/\/lacvertplage.fr\/en\/wp-json\/wp\/v2\/pages\/108\/revisions"}],"predecessor-version":[{"id":946,"href":"https:\/\/lacvertplage.fr\/en\/wp-json\/wp\/v2\/pages\/108\/revisions\/946"}],"wp:attachment":[{"href":"https:\/\/lacvertplage.fr\/en\/wp-json\/wp\/v2\/media?parent=108"}],"curies":[{"name":"wp","href":"https:\/\/api.w.org\/{rel}","templated":true}]}}