{"id":843,"date":"2023-06-23T14:14:12","date_gmt":"2023-06-23T14:14:12","guid":{"rendered":"https:\/\/lacvertplage.fr\/?page_id=843"},"modified":"2025-07-02T15:42:17","modified_gmt":"2025-07-02T15:42:17","slug":"base-de-loisirs-du-lac-vert-plage","status":"publish","type":"page","link":"https:\/\/lacvertplage.fr\/de\/base-de-loisirs-du-lac-vert-plage\/","title":{"rendered":"Freizeitzentrum Lac Vert Plage"},"content":{"rendered":"<p style=\"text-align: justify;\">Die Freizeitanlage Lac Vert bietet Familien ein Konzentrat aus Natur und Sport.<\/p>\n<p style=\"text-align: justify;\">Wasserfl\u00e4che zum Baden und f\u00fcr Wassersport, Gr\u00fcnfl\u00e4chen f\u00fcr Spazierg\u00e4nge und Picknicks und eine Vielzahl von Veranstaltungen w\u00e4hrend des Sommers.<\/p>\n<p style=\"text-align: justify;\">Der Eintritt in das Freizeitzentrum Lac Vert Plage ist zu Fu\u00df kostenlos, <b><span style=\"color: red;\">Die Fahrzeuge der Besucher sind<\/span><\/b><span style=\"color: red;\"> verboten, das Gel\u00e4nde von <b>camping.<\/b><\/span><\/p>\n<p>Grillen ist verboten.<\/p>\n<p>F\u00fcr<strong> f\u00fcr die Kleinen wie f\u00fcr die Gro\u00dfen<\/strong>Entdecken Sie unsere 48 Meter lange Wasserrutsche, die in ein Auffangbecken f\u00fchrt. Sie k\u00f6nnen in sauberem, nat\u00fcrlichem, von der Sonne erw\u00e4rmtem Wasser mit einer Wassertemperatur im Sommer zwischen 19 und 23 Grad baden.<\/p>\n<h2><strong>Gut zu wissen:<\/strong><\/h2>\n<ul>\n<li>Das Baden wird in der Saison 2025 nicht \u00fcberwacht (bitte achten Sie auf Ihre Kinder).<\/li>\n<li>Der Strand ist von 10:00 bis 19:00 Uhr f\u00fcr alle ge\u00f6ffnet (nach 19:00 Uhr verlassen Sie bitte das Gel\u00e4nde des Campingplatzes).<\/li>\n<li>Der Zugang ist zu Fu\u00df kostenlos (Besucherfahrzeuge sind auf dem Campingplatz strengstens verboten).<\/li>\n<\/ul>","protected":false},"excerpt":{"rendered":"<p>Die Freizeitanlage Lac Vert bietet Familien ein Konzentrat aus Natur und Sport. Wasserfl\u00e4che zum Baden und f\u00fcr Wassersport, Gr\u00fcnfl\u00e4chen f\u00fcr die <a class=\"more-link\" href=\"https:\/\/lacvertplage.fr\/de\/base-de-loisirs-du-lac-vert-plage\/\">Weiterlesen \u2192.<\/a><\/p>","protected":false},"author":1,"featured_media":0,"parent":0,"menu_order":0,"comment_status":"closed","ping_status":"closed","template":"","meta":{"_monsterinsights_skip_tracking":false,"_monsterinsights_sitenote_active":false,"_monsterinsights_sitenote_note":"","_monsterinsights_sitenote_category":0,"_uf_show_specific_survey":0,"_uf_disable_surveys":false,"footnotes":""},"class_list":["post-843","page","type-page","status-publish","hentry"],"aioseo_notices":[],"yoast_head":"<!-- This site is optimized with the Yoast SEO plugin v27.3 - https:\/\/yoast.com\/product\/yoast-seo-wordpress\/ -->\n<title>Base de loisirs du Lac Vert Plage - Base de Loisirs du Lac Vert Plage<\/title>\n<meta name=\"robots\" content=\"index, follow, max-snippet:-1, max-image-preview:large, max-video-preview:-1\" \/>\n<link rel=\"canonical\" href=\"https:\/\/lacvertplage.fr\/de\/base-de-loisirs-du-lac-vert-plage\/\" \/>\n<meta property=\"og:locale\" content=\"de_DE\" \/>\n<meta property=\"og:type\" content=\"article\" \/>\n<meta property=\"og:title\" content=\"Base de loisirs du Lac Vert Plage - Base de Loisirs du Lac Vert Plage\" \/>\n<meta property=\"og:description\" content=\"La base de loisirs du Lac Vert offre aux familles un concentr\u00e9 de nature et de sport. Plan d&rsquo;eau pour la baignade et les sports nautiques, espaces verts pour la Lire la suite \u2192\" \/>\n<meta property=\"og:url\" content=\"https:\/\/lacvertplage.fr\/de\/base-de-loisirs-du-lac-vert-plage\/\" \/>\n<meta property=\"og:site_name\" content=\"Base de Loisirs du Lac Vert Plage\" \/>\n<meta property=\"article:modified_time\" content=\"2025-07-02T15:42:17+00:00\" \/>\n<meta name=\"twitter:label1\" content=\"Gesch\u00e4tzte Lesezeit\" \/>\n\t<meta name=\"twitter:data1\" content=\"1\u00a0Minute\" \/>\n<script type=\"application\/ld+json\" class=\"yoast-schema-graph\">{\"@context\":\"https:\\\/\\\/schema.org\",\"@graph\":[{\"@type\":\"WebPage\",\"@id\":\"https:\\\/\\\/lacvertplage.fr\\\/base-de-loisirs-du-lac-vert-plage\\\/\",\"url\":\"https:\\\/\\\/lacvertplage.fr\\\/base-de-loisirs-du-lac-vert-plage\\\/\",\"name\":\"Base de loisirs du Lac Vert Plage - Base de Loisirs du Lac Vert Plage\",\"isPartOf\":{\"@id\":\"https:\\\/\\\/lacvertplage.fr\\\/#website\"},\"datePublished\":\"2023-06-23T14:14:12+00:00\",\"dateModified\":\"2025-07-02T15:42:17+00:00\",\"breadcrumb\":{\"@id\":\"https:\\\/\\\/lacvertplage.fr\\\/base-de-loisirs-du-lac-vert-plage\\\/#breadcrumb\"},\"inLanguage\":\"de\",\"potentialAction\":[{\"@type\":\"ReadAction\",\"target\":[\"https:\\\/\\\/lacvertplage.fr\\\/base-de-loisirs-du-lac-vert-plage\\\/\"]}]},{\"@type\":\"BreadcrumbList\",\"@id\":\"https:\\\/\\\/lacvertplage.fr\\\/base-de-loisirs-du-lac-vert-plage\\\/#breadcrumb\",\"itemListElement\":[{\"@type\":\"ListItem\",\"position\":1,\"name\":\"Accueil\",\"item\":\"https:\\\/\\\/lacvertplage.fr\\\/\"},{\"@type\":\"ListItem\",\"position\":2,\"name\":\"Base de loisirs du Lac Vert Plage\"}]},{\"@type\":\"WebSite\",\"@id\":\"https:\\\/\\\/lacvertplage.fr\\\/#website\",\"url\":\"https:\\\/\\\/lacvertplage.fr\\\/\",\"name\":\"Base de Loisirs du Lac Vert Plage\",\"description\":\"\u00e0 Doulcon dans le Val Dunois en Meuse Lorraine\",\"potentialAction\":[{\"@type\":\"SearchAction\",\"target\":{\"@type\":\"EntryPoint\",\"urlTemplate\":\"https:\\\/\\\/lacvertplage.fr\\\/?s={search_term_string}\"},\"query-input\":{\"@type\":\"PropertyValueSpecification\",\"valueRequired\":true,\"valueName\":\"search_term_string\"}}],\"inLanguage\":\"de\"}]}<\/script>\n<!-- \/ Yoast SEO plugin. -->","yoast_head_json":{"title":"Base de loisirs du Lac Vert Plage - Freizeitzentrum Lac Vert Plage","robots":{"index":"index","follow":"follow","max-snippet":"max-snippet:-1","max-image-preview":"max-image-preview:large","max-video-preview":"max-video-preview:-1"},"canonical":"https:\/\/lacvertplage.fr\/de\/base-de-loisirs-du-lac-vert-plage\/","og_locale":"de_DE","og_type":"article","og_title":"Base de loisirs du Lac Vert Plage - Base de Loisirs du Lac Vert Plage","og_description":"La base de loisirs du Lac Vert offre aux familles un concentr\u00e9 de nature et de sport. Plan d&rsquo;eau pour la baignade et les sports nautiques, espaces verts pour la Lire la suite \u2192","og_url":"https:\/\/lacvertplage.fr\/de\/base-de-loisirs-du-lac-vert-plage\/","og_site_name":"Base de Loisirs du Lac Vert Plage","article_modified_time":"2025-07-02T15:42:17+00:00","twitter_misc":{"Gesch\u00e4tzte Lesezeit":"1\u00a0Minute"},"schema":{"@context":"https:\/\/schema.org","@graph":[{"@type":"WebPage","@id":"https:\/\/lacvertplage.fr\/base-de-loisirs-du-lac-vert-plage\/","url":"https:\/\/lacvertplage.fr\/base-de-loisirs-du-lac-vert-plage\/","name":"Base de loisirs du Lac Vert Plage - Freizeitzentrum Lac Vert Plage","isPartOf":{"@id":"https:\/\/lacvertplage.fr\/#website"},"datePublished":"2023-06-23T14:14:12+00:00","dateModified":"2025-07-02T15:42:17+00:00","breadcrumb":{"@id":"https:\/\/lacvertplage.fr\/base-de-loisirs-du-lac-vert-plage\/#breadcrumb"},"inLanguage":"de","potentialAction":[{"@type":"ReadAction","target":["https:\/\/lacvertplage.fr\/base-de-loisirs-du-lac-vert-plage\/"]}]},{"@type":"BreadcrumbList","@id":"https:\/\/lacvertplage.fr\/base-de-loisirs-du-lac-vert-plage\/#breadcrumb","itemListElement":[{"@type":"ListItem","position":1,"name":"Accueil","item":"https:\/\/lacvertplage.fr\/"},{"@type":"ListItem","position":2,"name":"Base de loisirs du Lac Vert Plage"}]},{"@type":"WebSite","@id":"https:\/\/lacvertplage.fr\/#website","url":"https:\/\/lacvertplage.fr\/","name":"Base de Loisirs du Lac Vert Plage","description":"in Doulcon im Val Dunois in Meuse Lorraine","potentialAction":[{"@type":"SearchAction","target":{"@type":"EntryPoint","urlTemplate":"https:\/\/lacvertplage.fr\/?s={search_term_string}"},"query-input":{"@type":"PropertyValueSpecification","valueRequired":true,"valueName":"search_term_string"}}],"inLanguage":"de"}]}},"_links":{"self":[{"href":"https:\/\/lacvertplage.fr\/de\/wp-json\/wp\/v2\/pages\/843","targetHints":{"allow":["GET"]}}],"collection":[{"href":"https:\/\/lacvertplage.fr\/de\/wp-json\/wp\/v2\/pages"}],"about":[{"href":"https:\/\/lacvertplage.fr\/de\/wp-json\/wp\/v2\/types\/page"}],"author":[{"embeddable":true,"href":"https:\/\/lacvertplage.fr\/de\/wp-json\/wp\/v2\/users\/1"}],"replies":[{"embeddable":true,"href":"https:\/\/lacvertplage.fr\/de\/wp-json\/wp\/v2\/comments?post=843"}],"version-history":[{"count":6,"href":"https:\/\/lacvertplage.fr\/de\/wp-json\/wp\/v2\/pages\/843\/revisions"}],"predecessor-version":[{"id":941,"href":"https:\/\/lacvertplage.fr\/de\/wp-json\/wp\/v2\/pages\/843\/revisions\/941"}],"wp:attachment":[{"href":"https:\/\/lacvertplage.fr\/de\/wp-json\/wp\/v2\/media?parent=843"}],"curies":[{"name":"wp","href":"https:\/\/api.w.org\/{rel}","templated":true}]}}