{"id":79,"date":"2014-11-13T14:24:57","date_gmt":"2014-11-13T14:24:57","guid":{"rendered":"http:\/\/lacvertplage.fr\/?page_id=79"},"modified":"2025-07-03T14:35:51","modified_gmt":"2025-07-03T14:35:51","slug":"activites-aux-alentours","status":"publish","type":"page","link":"https:\/\/lacvertplage.fr\/de\/activites-aux-alentours\/","title":{"rendered":"Aktivit\u00e4ten in der Umgebung"},"content":{"rendered":"<h1 class=\"wp-block-heading\"><a href=\"https:\/\/www.maison-du-miel.fr\/\">Haus des Honigs und der Bienen<\/a>.<\/h1>\r\n<p>Mit dem Fahrrad oder dem Auto fahren Sie in Richtung Aincreville, um mit den Kindern die faszinierende Welt der Bienen in der <a title=\"haus des honigs und der bienen maas\" href=\"https:\/\/www.maison-du-miel.fr\/\" target=\"_blank\" rel=\"noopener noreferrer\">Haus des Honigs und der Bienen.<\/a><\/p>\r\n\r\n<p>&nbsp;<\/p>\r\n\r\n\r\n\r\n<p style=\"text-align: justify;\">\u00a0<\/p><!-- \/wp:heading -->\r\n\r\n<!-- wp:heading {\"level\":3} -->\r\n\r\n<!-- wp:heading -->\r\n\r\n<!-- wp:heading {\"level\":3} --><!-- \/wp:heading -->\r\n\r\n<!-- wp:image {\"id\":135,\"sizeSlug\":\"large\",\"linkDestination\":\"media\"} --><!-- \/wp:image -->\r\n\r\n<!-- wp:heading {\"level\":3} -->\r\n<h1><a href=\"https:\/\/www.maison-du-miel.fr\/\">Haus des Honigs und der Bienen<\/a>.<\/h1>\r\n<p>Mit dem Fahrrad oder dem Auto fahren Sie in Richtung Aincreville, um mit den Kindern die faszinierende Welt der Bienen in der <a title=\"haus des honigs und der bienen maas\" href=\"https:\/\/www.maison-du-miel.fr\/\" target=\"_blank\" rel=\"noopener noreferrer\">Haus des Honigs und der Bienen.<\/a><\/p>\r\n<!-- \/wp:heading -->\r\n<p>&nbsp;<\/p>\r\n<!-- wp:heading -->\r\n\r\n<!-- wp:heading {\"level\":3} --><!-- \/wp:heading -->\r\n<p style=\"text-align: justify;\">\u00a0<\/p><!-- \/wp:post-content --><!-- \/wp:heading --><!-- wp:post-content --><!-- wp:heading -->\r\n<h1>Einige Ideen f\u00fcr Ausfl\u00fcge in die Umgebung der Freizeitanlage Lac Vert!<\/h1>\r\n<h2>Ein bisschen Sport!<\/h2>\r\n<h1><a href=\"https:\/\/www.foretvasion.com\/\">Park For\u00eat'Vasion in Sivry-sur-Meuse<\/a><\/h1>\r\n<p>Etwa 10 Autominuten vom Gr\u00fcnen See entfernt, begeben Sie sich auf ein Abenteuer im <a style=\"text-align: justify; font-size: 16px;\" title=\"park wald vasion\" href=\"http:\/\/www.foretvasion.com\/\" target=\"_blank\" rel=\"noopener noreferrer\">park For\u00eat'Vasion<\/a><span style=\"text-align: justify; font-size: 16px;\">.<\/span><\/p>\r\n<p><strong style=\"text-align: justify; font-size: 16px;\">Akrobatische Parcours<\/strong><span style=\"text-align: justify; font-size: 16px;\"> : 9 Hochseilg\u00e4rten, \u00fcber 125 Workshops in durchgehender Lebenslinie. Parcours f\u00fcr jedes Alter und jedes Niveau ...<\/span><\/p>\r\n<p><strong style=\"text-align: justify; font-size: 16px;\">Quickflight-Sprung :<\/strong><span style=\"text-align: justify; font-size: 16px;\"> trauen Sie sich, sich von der Plattform in 12 Metern H\u00f6he zu st\u00fcrzen?<\/span><\/p>\r\n<p><strong style=\"text-align: justify; font-size: 16px;\">Laser Forest :<\/strong><span style=\"text-align: justify; font-size: 16px;\"> Ausgestattet mit Laserpistolen treten Sie als Team gegen Ihre Freunde auf einem mit Hindernissen gespickten Gel\u00e4nde an. Pr\u00e4zision, Ausdauer, Tarnung empfohlen<\/span><\/p>\r\n<p><strong style=\"text-align: justify; font-size: 16px;\">Escape game outdoor :<\/strong><span style=\"text-align: justify; font-size: 16px;\"> \"Die Schule der Zauberer oder Piratas\".<\/span><\/p>\r\n<p><strong style=\"text-align: justify; font-size: 16px;\">Barfu\u00df- und Sinnespfad<\/strong><span style=\"text-align: justify; font-size: 16px;\"> : Barfu\u00dfpfad der Sinne. Ein Spaziergang im Wald, bei dem Sie Ihre f\u00fcnf Sinne wiederentdecken.<\/span><\/p>\r\n<h1><a href=\"https:\/\/www.lameuse.fr\/je-visite\/activites-et-visites\/activites\/p\/meuse-velo-rail-forges-sur-meuse\">Treten Sie in die Pedale, treten Sie in die Pedale ... auf einer Velorail<\/a><\/h1>\r\n<p>Etwa 15 Autominuten vom Gr\u00fcnen See entfernt, in der N\u00e4he des alten Bahnhofs von Consenvoye-Forges, k\u00f6nnen Sie eine Fahrt mit der Fahrradbahn unternehmen. Entdecken Sie den Wald mit seinen Kasematten aus dem 1.<sup style=\"text-align: justify;\">\u00e4ische Kommission<\/sup><span style=\"text-align: justify; font-size: 16px;\"> Weltkrieg.<\/span><\/p>\r\n<h1><a href=\"https:\/\/museedelabiere.com\/\">Biermuseum<\/a>\u00a0<\/h1>\r\n<p>das Biermuseum in Stenay zeigt auf \u00fcber 2500 m\u00b2 Ausstellungsfl\u00e4che die gesamte Geschichte der Braukunst und -tradition von den Urspr\u00fcngen (-12 000 Jahre) bis heute.<\/p>\r\n<!-- \/wp:heading -->\r\n\r\n<!-- wp:heading {\"level\":3} -->\r\n\r\n<!-- wp:heading -->\r\n\r\n<!-- wp:heading {\"level\":3} --><!-- \/wp:heading -->\r\n\r\n<!-- wp:image {\"id\":135,\"sizeSlug\":\"large\",\"linkDestination\":\"media\"} --><!-- \/wp:image -->\r\n\r\n<!-- wp:heading {\"level\":3} -->\r\n<h1><a href=\"https:\/\/www.maison-du-miel.fr\/\">Haus des Honigs und der Bienen<\/a>.<\/h1>\r\n<p>Mit dem Fahrrad oder dem Auto fahren Sie in Richtung Aincreville, um mit den Kindern die faszinierende Welt der Bienen in der <a title=\"haus des honigs und der bienen maas\" href=\"https:\/\/www.maison-du-miel.fr\/\" target=\"_blank\" rel=\"noopener noreferrer\">Haus des Honigs und der Bienen.<\/a><\/p>\r\n<!-- \/wp:heading -->\r\n<p>&nbsp;<\/p>\r\n<!-- wp:heading -->\r\n\r\n<!-- wp:heading {\"level\":3} --><!-- \/wp:heading -->\r\n<p style=\"text-align: justify;\">\u00a0<\/p><!-- \/wp:post-content -->","protected":false},"excerpt":{"rendered":"<p>Maison du Miel et des Abeilles (Haus des Honigs und der Bienen). Mit dem Fahrrad oder dem Auto fahren Sie in Richtung Aincreville, um im Maison du Miel (Honighaus) mit den Kindern die faszinierende Welt der Bienen zu entdecken. <a class=\"more-link\" href=\"https:\/\/lacvertplage.fr\/de\/activites-aux-alentours\/\">Weiterlesen \u2192.<\/a><\/p>","protected":false},"author":1,"featured_media":0,"parent":0,"menu_order":0,"comment_status":"closed","ping_status":"closed","template":"","meta":{"_monsterinsights_skip_tracking":false,"_monsterinsights_sitenote_active":false,"_monsterinsights_sitenote_note":"","_monsterinsights_sitenote_category":0,"_uf_show_specific_survey":0,"_uf_disable_surveys":false,"footnotes":""},"class_list":["post-79","page","type-page","status-publish","hentry","semantictags-acro-branches","semantictags-base-de-loisirs","semantictags-base-de-loisirs-du-lac-vert-dun-sur-meuse","semantictags-base-de-loisirs-lac-vert-plage-55","semantictags-doulcon","semantictags-dun-sur-meuse","semantictags-grande-guerre","semantictags-guerre-1418","semantictags-ipousteguy","semantictags-lac-vert","semantictags-maison-du-miel-et-des-abeilles","semantictags-meuse-nautic","semantictags-meuse-nautic-dun-sur-meuse-balade-en-bateau","semantictags-miel","semantictags-office-de-tourisme","semantictags-vacances-au-lac-vert","semantictags-vacances-en-camping","semantictags-vacances-en-famille","semantictags-vacances-en-lorraine","semantictags-val-dunois","semantictags-velo-rail"],"aioseo_notices":[],"yoast_head":"<!-- This site is optimized with the Yoast SEO plugin v27.5 - https:\/\/yoast.com\/product\/yoast-seo-wordpress\/ -->\n<title>Activit\u00e9s en famille autour du Lac Vert proche de Verdun - Meuse<\/title>\n<meta name=\"description\" content=\"Activit\u00e9s pour toute la famille ou entre amis aux alentours de la base de loisirs du Lac Vert \u00e0 Doulcon \/ Dun-sur-Meuse pr\u00e8s de Stenay et Verdun.\" \/>\n<meta name=\"robots\" content=\"index, follow, max-snippet:-1, max-image-preview:large, max-video-preview:-1\" \/>\n<link rel=\"canonical\" href=\"https:\/\/lacvertplage.fr\/de\/activites-aux-alentours\/\" \/>\n<meta property=\"og:locale\" content=\"de_DE\" \/>\n<meta property=\"og:type\" content=\"article\" \/>\n<meta property=\"og:title\" content=\"Activit\u00e9s en famille autour du Lac Vert proche de Verdun - Meuse\" \/>\n<meta property=\"og:description\" content=\"Activit\u00e9s pour toute la famille ou entre amis aux alentours de la base de loisirs du Lac Vert \u00e0 Doulcon \/ Dun-sur-Meuse pr\u00e8s de Stenay et Verdun.\" \/>\n<meta property=\"og:url\" content=\"https:\/\/lacvertplage.fr\/de\/activites-aux-alentours\/\" \/>\n<meta property=\"og:site_name\" content=\"Base de Loisirs du Lac Vert Plage\" \/>\n<meta property=\"article:modified_time\" content=\"2025-07-03T14:35:51+00:00\" \/>\n<meta name=\"twitter:label1\" content=\"Gesch\u00e4tzte Lesezeit\" \/>\n\t<meta name=\"twitter:data1\" content=\"2\u00a0Minuten\" \/>\n<script type=\"application\/ld+json\" class=\"yoast-schema-graph\">{\"@context\":\"https:\\\/\\\/schema.org\",\"@graph\":[{\"@type\":\"WebPage\",\"@id\":\"https:\\\/\\\/lacvertplage.fr\\\/activites-aux-alentours\\\/\",\"url\":\"https:\\\/\\\/lacvertplage.fr\\\/activites-aux-alentours\\\/\",\"name\":\"Activit\u00e9s en famille autour du Lac Vert proche de Verdun - Meuse\",\"isPartOf\":{\"@id\":\"https:\\\/\\\/lacvertplage.fr\\\/#website\"},\"datePublished\":\"2014-11-13T14:24:57+00:00\",\"dateModified\":\"2025-07-03T14:35:51+00:00\",\"description\":\"Activit\u00e9s pour toute la famille ou entre amis aux alentours de la base de loisirs du Lac Vert \u00e0 Doulcon \\\/ Dun-sur-Meuse pr\u00e8s de Stenay et Verdun.\",\"breadcrumb\":{\"@id\":\"https:\\\/\\\/lacvertplage.fr\\\/activites-aux-alentours\\\/#breadcrumb\"},\"inLanguage\":\"de\",\"potentialAction\":[{\"@type\":\"ReadAction\",\"target\":[\"https:\\\/\\\/lacvertplage.fr\\\/activites-aux-alentours\\\/\"]}]},{\"@type\":\"BreadcrumbList\",\"@id\":\"https:\\\/\\\/lacvertplage.fr\\\/activites-aux-alentours\\\/#breadcrumb\",\"itemListElement\":[{\"@type\":\"ListItem\",\"position\":1,\"name\":\"Accueil\",\"item\":\"https:\\\/\\\/lacvertplage.fr\\\/\"},{\"@type\":\"ListItem\",\"position\":2,\"name\":\"Activit\u00e9s aux alentours\"}]},{\"@type\":\"WebSite\",\"@id\":\"https:\\\/\\\/lacvertplage.fr\\\/#website\",\"url\":\"https:\\\/\\\/lacvertplage.fr\\\/\",\"name\":\"Base de Loisirs du Lac Vert Plage\",\"description\":\"\u00e0 Doulcon dans le Val Dunois en Meuse Lorraine\",\"potentialAction\":[{\"@type\":\"SearchAction\",\"target\":{\"@type\":\"EntryPoint\",\"urlTemplate\":\"https:\\\/\\\/lacvertplage.fr\\\/?s={search_term_string}\"},\"query-input\":{\"@type\":\"PropertyValueSpecification\",\"valueRequired\":true,\"valueName\":\"search_term_string\"}}],\"inLanguage\":\"de\"}]}<\/script>\n<!-- \/ Yoast SEO plugin. -->","yoast_head_json":{"title":"Familienaktivit\u00e4ten rund um den Lac Vert in der N\u00e4he von Verdun - Meuse","description":"Aktivit\u00e4ten f\u00fcr die ganze Familie oder mit Freunden in der Umgebung des Freizeitzentrums Lac Vert in Doulcon \/ Dun-sur-Meuse in der N\u00e4he von Stenay und Verdun.","robots":{"index":"index","follow":"follow","max-snippet":"max-snippet:-1","max-image-preview":"max-image-preview:large","max-video-preview":"max-video-preview:-1"},"canonical":"https:\/\/lacvertplage.fr\/de\/activites-aux-alentours\/","og_locale":"de_DE","og_type":"article","og_title":"Activit\u00e9s en famille autour du Lac Vert proche de Verdun - Meuse","og_description":"Activit\u00e9s pour toute la famille ou entre amis aux alentours de la base de loisirs du Lac Vert \u00e0 Doulcon \/ Dun-sur-Meuse pr\u00e8s de Stenay et Verdun.","og_url":"https:\/\/lacvertplage.fr\/de\/activites-aux-alentours\/","og_site_name":"Base de Loisirs du Lac Vert Plage","article_modified_time":"2025-07-03T14:35:51+00:00","twitter_misc":{"Gesch\u00e4tzte Lesezeit":"2\u00a0Minuten"},"schema":{"@context":"https:\/\/schema.org","@graph":[{"@type":"WebPage","@id":"https:\/\/lacvertplage.fr\/activites-aux-alentours\/","url":"https:\/\/lacvertplage.fr\/activites-aux-alentours\/","name":"Familienaktivit\u00e4ten rund um den Lac Vert in der N\u00e4he von Verdun - Meuse","isPartOf":{"@id":"https:\/\/lacvertplage.fr\/#website"},"datePublished":"2014-11-13T14:24:57+00:00","dateModified":"2025-07-03T14:35:51+00:00","description":"Aktivit\u00e4ten f\u00fcr die ganze Familie oder mit Freunden in der Umgebung des Freizeitzentrums Lac Vert in Doulcon \/ Dun-sur-Meuse in der N\u00e4he von Stenay und Verdun.","breadcrumb":{"@id":"https:\/\/lacvertplage.fr\/activites-aux-alentours\/#breadcrumb"},"inLanguage":"de","potentialAction":[{"@type":"ReadAction","target":["https:\/\/lacvertplage.fr\/activites-aux-alentours\/"]}]},{"@type":"BreadcrumbList","@id":"https:\/\/lacvertplage.fr\/activites-aux-alentours\/#breadcrumb","itemListElement":[{"@type":"ListItem","position":1,"name":"Accueil","item":"https:\/\/lacvertplage.fr\/"},{"@type":"ListItem","position":2,"name":"Activit\u00e9s aux alentours"}]},{"@type":"WebSite","@id":"https:\/\/lacvertplage.fr\/#website","url":"https:\/\/lacvertplage.fr\/","name":"Base de Loisirs du Lac Vert Plage","description":"in Doulcon im Val Dunois in Meuse Lorraine","potentialAction":[{"@type":"SearchAction","target":{"@type":"EntryPoint","urlTemplate":"https:\/\/lacvertplage.fr\/?s={search_term_string}"},"query-input":{"@type":"PropertyValueSpecification","valueRequired":true,"valueName":"search_term_string"}}],"inLanguage":"de"}]}},"_links":{"self":[{"href":"https:\/\/lacvertplage.fr\/de\/wp-json\/wp\/v2\/pages\/79","targetHints":{"allow":["GET"]}}],"collection":[{"href":"https:\/\/lacvertplage.fr\/de\/wp-json\/wp\/v2\/pages"}],"about":[{"href":"https:\/\/lacvertplage.fr\/de\/wp-json\/wp\/v2\/types\/page"}],"author":[{"embeddable":true,"href":"https:\/\/lacvertplage.fr\/de\/wp-json\/wp\/v2\/users\/1"}],"replies":[{"embeddable":true,"href":"https:\/\/lacvertplage.fr\/de\/wp-json\/wp\/v2\/comments?post=79"}],"version-history":[{"count":34,"href":"https:\/\/lacvertplage.fr\/de\/wp-json\/wp\/v2\/pages\/79\/revisions"}],"predecessor-version":[{"id":943,"href":"https:\/\/lacvertplage.fr\/de\/wp-json\/wp\/v2\/pages\/79\/revisions\/943"}],"wp:attachment":[{"href":"https:\/\/lacvertplage.fr\/de\/wp-json\/wp\/v2\/media?parent=79"}],"curies":[{"name":"wp","href":"https:\/\/api.w.org\/{rel}","templated":true}]}}