{"id":7,"date":"2014-11-13T09:33:10","date_gmt":"2014-11-13T09:33:10","guid":{"rendered":"http:\/\/lacvertplage.fr\/?page_id=7"},"modified":"2025-07-03T14:11:27","modified_gmt":"2025-07-03T14:11:27","slug":"base-de-loisirs-lac-vert-camping","status":"publish","type":"page","link":"https:\/\/lacvertplage.fr\/de\/","title":{"rendered":"Freizeitzentrum Lac Vert &amp; sein Campingplatz"},"content":{"rendered":"<p style=\"text-align: justify;\">Nicht weit von der <strong>Belgien<\/strong> zwischen <strong>Sedan<\/strong> und <strong>Verdun<\/strong>, im Herzen des <strong>Val Dunois, in Doulcon und Dun sur Meuse in Lothringen<\/strong>Wenn Sie sich f\u00fcr einen Aufenthalt zu zweit, mit Freunden oder der Familie entscheiden, kommen Sie in den Genuss von \"la <strong>Freizeitzentrum des Gr\u00fcnen Sees<\/strong> ausgezeichnet mit dem Label\u00a0<a title=\"site label station verte\" href=\"https:\/\/le-val-dunois.stationverte.com\/fr\/respirez\/le-val-dunois\/aire-de-camping-cars-de-dun-sur-meuse_s2054_t52760_59.html\" target=\"_blank\" rel=\"noopener noreferrer\">Gr\u00fcne Station<\/a>. Die Freizeitanlage Lac Vert bietet Familien ein Konzentrat aus Natur und Sport. Wasserfl\u00e4che zum Baden und f\u00fcr Wassersport, Gr\u00fcnfl\u00e4chen f\u00fcr Spazierg\u00e4nge und Picknicks und eine Vielzahl von Veranstaltungen w\u00e4hrend des Sommers.<\/p>\n<p style=\"text-align: justify;\">Der Eintritt in das Freizeitzentrum Lac Vert Plage ist zu Fu\u00df kostenlos, <b>Die Autos der Besucher sind<\/b>\u00a0<strong>auf dem Campingplatz verboten sind.<\/strong><\/p>\n<p>Picknick, rund um die Freizeitanlage Lac Vert Plage stehen Ihnen ein Dutzend Tische zur Verf\u00fcgung, einige im Schatten, andere in der Sonne.<\/p>\n<p>Sie k\u00f6nnen sich auch f\u00fcr die Einfachheit entscheiden und lieber\u00a0<strong>im Gras picknicken<\/strong>.<\/p>\n<p><strong>Die Nutzung von Grills jeglicher Art<\/strong>\u00a0(mit Kohle oder Gas...) <strong>ist per Gemeinderatsbeschluss auf der gesamten Freizeitanlage Lac Vert Plage verboten <\/strong>au\u00dfer f\u00fcr Personen, die auf dem Gel\u00e4nde untergebracht sind.<\/p>\n<p>Von <strong>1. April bis 30. September<\/strong>Entdecken Sie unsere <a title=\"Aufenthalt am Gr\u00fcnen See\" href=\"https:\/\/lacvertplage.fr\/de\/sejournez-au-lac-vert\/\">Unterk\u00fcnfte<\/a>Die meisten von ihnen sind in der Lage, sich selbst zu helfen. <a title=\"Spa\u00df am Gr\u00fcnen See: Bowling, Animationen\" href=\"https:\/\/lacvertplage.fr\/de\/activites-lac-vert-bowling-pedalos\/\">Freizeitaktivit\u00e4ten<\/a>.<\/p>\n<p style=\"text-align: justify;\">Die Freizeitanlage Lac Vert befindet sich auf dem Gel\u00e4nde einer ehemaligen Ballaststofffabrik, die in den 1930er Jahren ausgehoben wurde, und erstreckt sich \u00fcber 18 Hektar um eine 6 Hektar gro\u00dfe Wasserfl\u00e4che. Seit 1950 gibt es dort einen Strand und einen Campingplatz. Seit 1994 wird die Anlage von der Communaut\u00e9 de Communes du pays de Stenay et du Val Dunois verwaltet.<\/p>","protected":false},"excerpt":{"rendered":"<p>Unweit von Belgien, zwischen Sedan und Verdun, im Herzen des Val Dunois, in Doulcon und Dun sur Meuse in Lothringen, genie\u00dfen Sie und bleiben Sie zu zweit, mit Freunden. <a class=\"more-link\" href=\"https:\/\/lacvertplage.fr\/de\/\">Weiterlesen \u2192.<\/a><\/p>","protected":false},"author":1,"featured_media":0,"parent":0,"menu_order":0,"comment_status":"closed","ping_status":"closed","template":"","meta":{"_monsterinsights_skip_tracking":false,"_monsterinsights_sitenote_active":false,"_monsterinsights_sitenote_note":"","_monsterinsights_sitenote_category":0,"_uf_show_specific_survey":0,"_uf_disable_surveys":false,"footnotes":""},"class_list":["post-7","page","type-page","status-publish","hentry","semantictags-base-de-loisirs","semantictags-lac-vert-base-de-loisirs","semantictags-lac-vert-dun-sur-meuse","semantictags-lac-vert-meuse","semantictags-lac-vert-plage","semantictags-lac-vert-plage-doulcon","semantictags-lorraine","semantictags-meuse","semantictags-reims","semantictags-sedan","semantictags-station-verte-lac-vert-doulcon-55","semantictags-stenay","semantictags-verdun"],"aioseo_notices":[],"yoast_head":"<!-- This site is optimized with the Yoast SEO plugin v27.3 - https:\/\/yoast.com\/product\/yoast-seo-wordpress\/ -->\n<title>Base de loisirs du Lac Vert \u00e0 Doulcon \/ Dun-sur-Meuse - Meuse - Lorraine<\/title>\n<meta name=\"description\" content=\"La base de loisirs du Lac Vert vous accueille \u00e0 Doulcon entre Sedan et Verdun (Meuse - Lorraine). Camping 2 \u00e9toiles, p\u00eache, plage, sport nautique...\" \/>\n<meta name=\"robots\" content=\"index, follow, max-snippet:-1, max-image-preview:large, max-video-preview:-1\" \/>\n<link rel=\"canonical\" href=\"https:\/\/lacvertplage.fr\/de\/\" \/>\n<meta property=\"og:locale\" content=\"de_DE\" \/>\n<meta property=\"og:type\" content=\"article\" \/>\n<meta property=\"og:title\" content=\"Base de loisirs du Lac Vert \u00e0 Doulcon \/ Dun-sur-Meuse - Meuse - Lorraine\" \/>\n<meta property=\"og:description\" content=\"La base de loisirs du Lac Vert vous accueille \u00e0 Doulcon entre Sedan et Verdun (Meuse - Lorraine). Camping 2 \u00e9toiles, p\u00eache, plage, sport nautique...\" \/>\n<meta property=\"og:url\" content=\"https:\/\/lacvertplage.fr\/de\/\" \/>\n<meta property=\"og:site_name\" content=\"Base de Loisirs du Lac Vert Plage\" \/>\n<meta property=\"article:modified_time\" content=\"2025-07-03T14:11:27+00:00\" \/>\n<meta name=\"twitter:label1\" content=\"Gesch\u00e4tzte Lesezeit\" \/>\n\t<meta name=\"twitter:data1\" content=\"2\u00a0Minuten\" \/>\n<script type=\"application\/ld+json\" class=\"yoast-schema-graph\">{\"@context\":\"https:\\\/\\\/schema.org\",\"@graph\":[{\"@type\":\"WebPage\",\"@id\":\"https:\\\/\\\/lacvertplage.fr\\\/\",\"url\":\"https:\\\/\\\/lacvertplage.fr\\\/\",\"name\":\"Base de loisirs du Lac Vert \u00e0 Doulcon \\\/ Dun-sur-Meuse - Meuse - Lorraine\",\"isPartOf\":{\"@id\":\"https:\\\/\\\/lacvertplage.fr\\\/#website\"},\"datePublished\":\"2014-11-13T09:33:10+00:00\",\"dateModified\":\"2025-07-03T14:11:27+00:00\",\"description\":\"La base de loisirs du Lac Vert vous accueille \u00e0 Doulcon entre Sedan et Verdun (Meuse - Lorraine). Camping 2 \u00e9toiles, p\u00eache, plage, sport nautique...\",\"breadcrumb\":{\"@id\":\"https:\\\/\\\/lacvertplage.fr\\\/#breadcrumb\"},\"inLanguage\":\"de\",\"potentialAction\":[{\"@type\":\"ReadAction\",\"target\":[\"https:\\\/\\\/lacvertplage.fr\\\/\"]}]},{\"@type\":\"BreadcrumbList\",\"@id\":\"https:\\\/\\\/lacvertplage.fr\\\/#breadcrumb\",\"itemListElement\":[{\"@type\":\"ListItem\",\"position\":1,\"name\":\"Accueil\",\"item\":\"https:\\\/\\\/lacvertplage.fr\\\/\"},{\"@type\":\"ListItem\",\"position\":2,\"name\":\"Base de loisirs du Lac Vert &#038; son camping\"}]},{\"@type\":\"WebSite\",\"@id\":\"https:\\\/\\\/lacvertplage.fr\\\/#website\",\"url\":\"https:\\\/\\\/lacvertplage.fr\\\/\",\"name\":\"Base de Loisirs du Lac Vert Plage\",\"description\":\"\u00e0 Doulcon dans le Val Dunois en Meuse Lorraine\",\"potentialAction\":[{\"@type\":\"SearchAction\",\"target\":{\"@type\":\"EntryPoint\",\"urlTemplate\":\"https:\\\/\\\/lacvertplage.fr\\\/?s={search_term_string}\"},\"query-input\":{\"@type\":\"PropertyValueSpecification\",\"valueRequired\":true,\"valueName\":\"search_term_string\"}}],\"inLanguage\":\"de\"}]}<\/script>\n<!-- \/ Yoast SEO plugin. -->","yoast_head_json":{"title":"Freizeitzentrum Lac Vert in Doulcon \/ Dun-sur-Meuse - Meuse - Lorraine","description":"Die Freizeitanlage Lac Vert empf\u00e4ngt Sie in Doulcon zwischen Sedan und Verdun (Meuse - Lothringen). 2-Sterne-Campingplatz, Angeln, Strand, Wassersport...","robots":{"index":"index","follow":"follow","max-snippet":"max-snippet:-1","max-image-preview":"max-image-preview:large","max-video-preview":"max-video-preview:-1"},"canonical":"https:\/\/lacvertplage.fr\/de\/","og_locale":"de_DE","og_type":"article","og_title":"Base de loisirs du Lac Vert \u00e0 Doulcon \/ Dun-sur-Meuse - Meuse - Lorraine","og_description":"La base de loisirs du Lac Vert vous accueille \u00e0 Doulcon entre Sedan et Verdun (Meuse - Lorraine). Camping 2 \u00e9toiles, p\u00eache, plage, sport nautique...","og_url":"https:\/\/lacvertplage.fr\/de\/","og_site_name":"Base de Loisirs du Lac Vert Plage","article_modified_time":"2025-07-03T14:11:27+00:00","twitter_misc":{"Gesch\u00e4tzte Lesezeit":"2\u00a0Minuten"},"schema":{"@context":"https:\/\/schema.org","@graph":[{"@type":"WebPage","@id":"https:\/\/lacvertplage.fr\/","url":"https:\/\/lacvertplage.fr\/","name":"Freizeitzentrum Lac Vert in Doulcon \/ Dun-sur-Meuse - Meuse - Lorraine","isPartOf":{"@id":"https:\/\/lacvertplage.fr\/#website"},"datePublished":"2014-11-13T09:33:10+00:00","dateModified":"2025-07-03T14:11:27+00:00","description":"Die Freizeitanlage Lac Vert empf\u00e4ngt Sie in Doulcon zwischen Sedan und Verdun (Meuse - Lothringen). 2-Sterne-Campingplatz, Angeln, Strand, Wassersport...","breadcrumb":{"@id":"https:\/\/lacvertplage.fr\/#breadcrumb"},"inLanguage":"de","potentialAction":[{"@type":"ReadAction","target":["https:\/\/lacvertplage.fr\/"]}]},{"@type":"BreadcrumbList","@id":"https:\/\/lacvertplage.fr\/#breadcrumb","itemListElement":[{"@type":"ListItem","position":1,"name":"Accueil","item":"https:\/\/lacvertplage.fr\/"},{"@type":"ListItem","position":2,"name":"Base de loisirs du Lac Vert &#038; son camping"}]},{"@type":"WebSite","@id":"https:\/\/lacvertplage.fr\/#website","url":"https:\/\/lacvertplage.fr\/","name":"Base de Loisirs du Lac Vert Plage","description":"in Doulcon im Val Dunois in Meuse Lorraine","potentialAction":[{"@type":"SearchAction","target":{"@type":"EntryPoint","urlTemplate":"https:\/\/lacvertplage.fr\/?s={search_term_string}"},"query-input":{"@type":"PropertyValueSpecification","valueRequired":true,"valueName":"search_term_string"}}],"inLanguage":"de"}]}},"_links":{"self":[{"href":"https:\/\/lacvertplage.fr\/de\/wp-json\/wp\/v2\/pages\/7","targetHints":{"allow":["GET"]}}],"collection":[{"href":"https:\/\/lacvertplage.fr\/de\/wp-json\/wp\/v2\/pages"}],"about":[{"href":"https:\/\/lacvertplage.fr\/de\/wp-json\/wp\/v2\/types\/page"}],"author":[{"embeddable":true,"href":"https:\/\/lacvertplage.fr\/de\/wp-json\/wp\/v2\/users\/1"}],"replies":[{"embeddable":true,"href":"https:\/\/lacvertplage.fr\/de\/wp-json\/wp\/v2\/comments?post=7"}],"version-history":[{"count":22,"href":"https:\/\/lacvertplage.fr\/de\/wp-json\/wp\/v2\/pages\/7\/revisions"}],"predecessor-version":[{"id":942,"href":"https:\/\/lacvertplage.fr\/de\/wp-json\/wp\/v2\/pages\/7\/revisions\/942"}],"wp:attachment":[{"href":"https:\/\/lacvertplage.fr\/de\/wp-json\/wp\/v2\/media?parent=7"}],"curies":[{"name":"wp","href":"https:\/\/api.w.org\/{rel}","templated":true}]}}