{"id":49,"date":"2014-11-13T11:05:18","date_gmt":"2014-11-13T11:05:18","guid":{"rendered":"http:\/\/lacvertplage.fr\/?page_id=49"},"modified":"2024-06-22T13:57:46","modified_gmt":"2024-06-22T13:57:46","slug":"acces","status":"publish","type":"page","link":"https:\/\/lacvertplage.fr\/de\/acces\/","title":{"rendered":"Zugang"},"content":{"rendered":"<p><iframe loading=\"lazy\" style=\"border: 0;\" src=\"https:\/\/www.google.com\/maps\/embed?pb=!1m14!1m8!1m3!1d5195.080929261499!2d5.178020321948854!3d49.37976759336797!3m2!1i1024!2i768!4f13.1!3m3!1m2!1s0x0000000000000000%3A0x6a19e0dd27c7e1bf!2sCamping+Lac+Vert+Plage!5e0!3m2!1sfr!2sfr!4v1415876634632\" width=\"100%\" height=\"450\" frameborder=\"0\"><\/iframe><\/p>\r\n\r\n\r\n\r\n<h2 class=\"wp-block-heading\">Adresse<\/h2>\r\n\r\n<p>Freizeitzentrum Lac Vert Plage<br \/>3 bis rue de la Gare<br \/>55110 - DOULCON<\/p>\r\n\r\n<h2 class=\"wp-block-heading\">Stadt in der N\u00e4he<\/h2>\r\n\r\n<ul>\r\n<li>Dun-sur-Meuse 100 m<\/li>\r\n<li>Stenay 10 km<\/li>\r\n<li>Verdun 30 km<\/li>\r\n<li>Clermont-en-Argonne 30 km<\/li>\r\n<li>Varennes-en-Argonne 20 km<\/li>\r\n<li>Vouziers 40km<\/li>\r\n<li>Sedan 50 km<\/li>\r\n<li>Charleville-M\u00e9zi\u00e8res 60 km<\/li>\r\n<li>Namur 150 km<\/li>\r\n<li>Paris 350 km<\/li>\r\n<\/ul>","protected":false},"excerpt":{"rendered":"<p>Adresse Base de loisirs du Lac Vert Plage3 bis rue de la Gare55110 - DOULCON Stadt in der N\u00e4he Dun-sur-Meuse 100 m Stenay 10 km Verdun 30 km Clermont-en-Argonne 30 km <a class=\"more-link\" href=\"https:\/\/lacvertplage.fr\/de\/acces\/\">Weiterlesen \u2192.<\/a><\/p>","protected":false},"author":1,"featured_media":0,"parent":0,"menu_order":0,"comment_status":"closed","ping_status":"closed","template":"","meta":{"_monsterinsights_skip_tracking":false,"_monsterinsights_sitenote_active":false,"_monsterinsights_sitenote_note":"","_monsterinsights_sitenote_category":0,"_uf_show_specific_survey":0,"_uf_disable_surveys":false,"footnotes":""},"class_list":["post-49","page","type-page","status-publish","hentry"],"aioseo_notices":[],"yoast_head":"<!-- This site is optimized with the Yoast SEO plugin v27.3 - https:\/\/yoast.com\/product\/yoast-seo-wordpress\/ -->\n<title>Base de Loisirs du Lac Vert Plage en Meuse - Situation et acc\u00e8s<\/title>\n<meta name=\"description\" content=\"La base de loisirs du Lac Vert Plage se situe \u00e0 Doulcon en Meuse \u00e0 30 km de Verdun et de Clermont-en-Argonne. Situation et acc\u00e8s.\" \/>\n<meta name=\"robots\" content=\"index, nofollow, max-snippet:-1, max-image-preview:large, max-video-preview:-1\" \/>\n<link rel=\"canonical\" href=\"https:\/\/lacvertplage.fr\/de\/fr\/acces\/\" \/>\n<meta property=\"og:locale\" content=\"de_DE\" \/>\n<meta property=\"og:type\" content=\"article\" \/>\n<meta property=\"og:title\" content=\"Base de Loisirs du Lac Vert Plage en Meuse - Situation et acc\u00e8s\" \/>\n<meta property=\"og:description\" content=\"La base de loisirs du Lac Vert Plage se situe \u00e0 Doulcon en Meuse \u00e0 30 km de Verdun et de Clermont-en-Argonne. Situation et acc\u00e8s.\" \/>\n<meta property=\"og:url\" content=\"https:\/\/lacvertplage.fr\/de\/fr\/acces\/\" \/>\n<meta property=\"og:site_name\" content=\"Base de Loisirs du Lac Vert Plage\" \/>\n<meta property=\"article:modified_time\" content=\"2024-06-22T13:57:46+00:00\" \/>\n<meta name=\"twitter:label1\" content=\"Gesch\u00e4tzte Lesezeit\" \/>\n\t<meta name=\"twitter:data1\" content=\"1\u00a0Minute\" \/>\n<script type=\"application\/ld+json\" class=\"yoast-schema-graph\">{\"@context\":\"https:\\\/\\\/schema.org\",\"@graph\":[{\"@type\":\"WebPage\",\"@id\":\"https:\\\/\\\/lacvertplage.fr\\\/fr\\\/acces\\\/\",\"url\":\"https:\\\/\\\/lacvertplage.fr\\\/fr\\\/acces\\\/\",\"name\":\"Base de Loisirs du Lac Vert Plage en Meuse - Situation et acc\u00e8s\",\"isPartOf\":{\"@id\":\"https:\\\/\\\/lacvertplage.fr\\\/#website\"},\"datePublished\":\"2014-11-13T11:05:18+00:00\",\"dateModified\":\"2024-06-22T13:57:46+00:00\",\"description\":\"La base de loisirs du Lac Vert Plage se situe \u00e0 Doulcon en Meuse \u00e0 30 km de Verdun et de Clermont-en-Argonne. Situation et acc\u00e8s.\",\"breadcrumb\":{\"@id\":\"https:\\\/\\\/lacvertplage.fr\\\/fr\\\/acces\\\/#breadcrumb\"},\"inLanguage\":\"de\",\"potentialAction\":[{\"@type\":\"ReadAction\",\"target\":[\"https:\\\/\\\/lacvertplage.fr\\\/fr\\\/acces\\\/\"]}]},{\"@type\":\"BreadcrumbList\",\"@id\":\"https:\\\/\\\/lacvertplage.fr\\\/fr\\\/acces\\\/#breadcrumb\",\"itemListElement\":[{\"@type\":\"ListItem\",\"position\":1,\"name\":\"Accueil\",\"item\":\"https:\\\/\\\/lacvertplage.fr\\\/\"},{\"@type\":\"ListItem\",\"position\":2,\"name\":\"Acc\u00e8s\"}]},{\"@type\":\"WebSite\",\"@id\":\"https:\\\/\\\/lacvertplage.fr\\\/#website\",\"url\":\"https:\\\/\\\/lacvertplage.fr\\\/\",\"name\":\"Base de Loisirs du Lac Vert Plage\",\"description\":\"\u00e0 Doulcon dans le Val Dunois en Meuse Lorraine\",\"potentialAction\":[{\"@type\":\"SearchAction\",\"target\":{\"@type\":\"EntryPoint\",\"urlTemplate\":\"https:\\\/\\\/lacvertplage.fr\\\/?s={search_term_string}\"},\"query-input\":{\"@type\":\"PropertyValueSpecification\",\"valueRequired\":true,\"valueName\":\"search_term_string\"}}],\"inLanguage\":\"de\"}]}<\/script>\n<!-- \/ Yoast SEO plugin. -->","yoast_head_json":{"title":"Base de Loisirs du Lac Vert Plage en Meuse - Situation et acc\u00e8s","description":"La base de loisirs du Lac Vert Plage se situe \u00e0 Doulcon en Meuse \u00e0 30 km de Verdun et de Clermont-en-Argonne. Situation et acc\u00e8s.","robots":{"index":"index","follow":"nofollow","max-snippet":"max-snippet:-1","max-image-preview":"max-image-preview:large","max-video-preview":"max-video-preview:-1"},"canonical":"https:\/\/lacvertplage.fr\/de\/fr\/acces\/","og_locale":"de_DE","og_type":"article","og_title":"Base de Loisirs du Lac Vert Plage en Meuse - Situation et acc\u00e8s","og_description":"La base de loisirs du Lac Vert Plage se situe \u00e0 Doulcon en Meuse \u00e0 30 km de Verdun et de Clermont-en-Argonne. Situation et acc\u00e8s.","og_url":"https:\/\/lacvertplage.fr\/de\/fr\/acces\/","og_site_name":"Base de Loisirs du Lac Vert Plage","article_modified_time":"2024-06-22T13:57:46+00:00","twitter_misc":{"Gesch\u00e4tzte Lesezeit":"1\u00a0Minute"},"schema":{"@context":"https:\/\/schema.org","@graph":[{"@type":"WebPage","@id":"https:\/\/lacvertplage.fr\/fr\/acces\/","url":"https:\/\/lacvertplage.fr\/fr\/acces\/","name":"Base de Loisirs du Lac Vert Plage en Meuse - Situation et acc\u00e8s","isPartOf":{"@id":"https:\/\/lacvertplage.fr\/#website"},"datePublished":"2014-11-13T11:05:18+00:00","dateModified":"2024-06-22T13:57:46+00:00","description":"La base de loisirs du Lac Vert Plage se situe \u00e0 Doulcon en Meuse \u00e0 30 km de Verdun et de Clermont-en-Argonne. Situation et acc\u00e8s.","breadcrumb":{"@id":"https:\/\/lacvertplage.fr\/fr\/acces\/#breadcrumb"},"inLanguage":"de","potentialAction":[{"@type":"ReadAction","target":["https:\/\/lacvertplage.fr\/fr\/acces\/"]}]},{"@type":"BreadcrumbList","@id":"https:\/\/lacvertplage.fr\/fr\/acces\/#breadcrumb","itemListElement":[{"@type":"ListItem","position":1,"name":"Accueil","item":"https:\/\/lacvertplage.fr\/"},{"@type":"ListItem","position":2,"name":"Acc\u00e8s"}]},{"@type":"WebSite","@id":"https:\/\/lacvertplage.fr\/#website","url":"https:\/\/lacvertplage.fr\/","name":"Base de Loisirs du Lac Vert Plage","description":"in Doulcon im Val Dunois in Meuse Lorraine","potentialAction":[{"@type":"SearchAction","target":{"@type":"EntryPoint","urlTemplate":"https:\/\/lacvertplage.fr\/?s={search_term_string}"},"query-input":{"@type":"PropertyValueSpecification","valueRequired":true,"valueName":"search_term_string"}}],"inLanguage":"de"}]}},"_links":{"self":[{"href":"https:\/\/lacvertplage.fr\/de\/wp-json\/wp\/v2\/pages\/49","targetHints":{"allow":["GET"]}}],"collection":[{"href":"https:\/\/lacvertplage.fr\/de\/wp-json\/wp\/v2\/pages"}],"about":[{"href":"https:\/\/lacvertplage.fr\/de\/wp-json\/wp\/v2\/types\/page"}],"author":[{"embeddable":true,"href":"https:\/\/lacvertplage.fr\/de\/wp-json\/wp\/v2\/users\/1"}],"replies":[{"embeddable":true,"href":"https:\/\/lacvertplage.fr\/de\/wp-json\/wp\/v2\/comments?post=49"}],"version-history":[{"count":9,"href":"https:\/\/lacvertplage.fr\/de\/wp-json\/wp\/v2\/pages\/49\/revisions"}],"predecessor-version":[{"id":887,"href":"https:\/\/lacvertplage.fr\/de\/wp-json\/wp\/v2\/pages\/49\/revisions\/887"}],"wp:attachment":[{"href":"https:\/\/lacvertplage.fr\/de\/wp-json\/wp\/v2\/media?parent=49"}],"curies":[{"name":"wp","href":"https:\/\/api.w.org\/{rel}","templated":true}]}}