{"id":456,"date":"2020-03-05T12:49:28","date_gmt":"2020-03-05T12:49:28","guid":{"rendered":"https:\/\/lacvertplage.fr\/?page_id=456"},"modified":"2024-06-22T13:58:11","modified_gmt":"2024-06-22T13:58:11","slug":"accueil-velo","status":"publish","type":"page","link":"https:\/\/lacvertplage.fr\/de\/accueil-velo\/","title":{"rendered":"Startseite Fahrrad"},"content":{"rendered":"<p>Sie durchlaufen die <a href=\"https:\/\/www.lameuse.fr\/decouvir-departement-de-la-meuse\/la-nature-en-meuse\/la-meuse-a-velo\">Maas mit dem Fahrrad,<\/a> le lac vert plage in Doulcon liegt weniger als 800 Meter von der EuroVelo19-Route entfernt.<\/p>\r\n<p>Machen Sie einen Zwischenstopp f\u00fcr die Nacht oder ein kleines Pic-Nic\u00a0<\/p>\r\n<p>Sie m\u00f6chten auf dem Campingplatz Lac Vert Plage \u00fcbernachten, dann haben Sie die Wahl:<\/p>\r\n<ul>\r\n<li><strong>Wir verf\u00fcgen \u00fcber einen Bereich f\u00fcr Fahrradtouristen, in dem Sie Ihr Zelt neben einem \u00fcberdachten Picknicktisch aufstellen k\u00f6nnen.<\/strong><\/li>\r\n<\/ul>\r\n<p><a href=\"https:\/\/lacvertplage.fr\/wp-content\/uploads\/2023\/06\/Table_-velo_pic_nic_web_.jpg\" data-rel=\"lightbox-gallery-jPKb53Qg\" data-rl_title=\"Table_ velo_pic_nic_web_\" data-rl_caption=\"Table_ velo_pic_nic_web_\" title=\"Table_ velo_pic_nic_web_\"><img loading=\"lazy\" decoding=\"async\" class=\"alignnone size-medium wp-image-821\" src=\"https:\/\/lacvertplage.fr\/wp-content\/uploads\/2023\/06\/Table_-velo_pic_nic_web_-300x220.jpg\" alt=\"\" width=\"300\" height=\"220\" srcset=\"https:\/\/lacvertplage.fr\/wp-content\/uploads\/2023\/06\/Table_-velo_pic_nic_web_-300x220.jpg 300w, https:\/\/lacvertplage.fr\/wp-content\/uploads\/2023\/06\/Table_-velo_pic_nic_web_-768x563.jpg 768w, https:\/\/lacvertplage.fr\/wp-content\/uploads\/2023\/06\/Table_-velo_pic_nic_web_.jpg 800w\" sizes=\"auto, (max-width: 300px) 100vw, 300px\" \/><\/a><\/p>\r\n<ul>\r\n<li><strong>Keine Lust, das Zelt aufzubauen, unsere PODS stehen Ihnen zur Verf\u00fcgung<\/strong>.\r\n<p>Die Holzh\u00fctte in Form eines halben Baumstamms gegen\u00fcber dem See<\/p>\r\n<p>Schlafen Sie in einem unserer 4 PODS. Diese ungew\u00f6hnliche Unterkunft ist ein einfaches Konzept einer komfortablen H\u00fctte ohne Sanit\u00e4ranlagen und liegt weniger als 100 Meter von den gemeinsamen Sanit\u00e4ranlagen des Campingplatzes entfernt.<\/p>\r\n<p>Es verf\u00fcgt \u00fcber 2 Betten 80X190cm, einen Tisch und St\u00fchle und ist au\u00dferdem mit Strom ausgestattet. Kissen und Decken werden gestellt<\/p>\r\n<\/li>\r\n<\/ul>\r\n<div class=\"rl-gallery-container rl-loading\" id=\"rl-gallery-container-1\" data-gallery_id=\"822\"> <div class=\"rl-gallery rl-basicgrid-gallery rl-hover-effect-1 rl-hover-icon-9\" id=\"rl-gallery-1\" data-gallery_no=\"1\"> <div class=\"rl-gallery-item\"><a href=\"https:\/\/lacvertplage.fr\/wp-content\/uploads\/2023\/06\/Pod_vue-densemble_web.jpg\" title=\"Pod_\u00dcbersicht_web\" data-rl_title=\"Pod_vue d&rsquo;ensemble_web\" class=\"rl-gallery-link\" data-rl_caption=\"Pod_vue d&rsquo;ensemble_web\" data-rel=\"lightbox-gallery-1\"><img loading=\"lazy\" decoding=\"async\" src=\"https:\/\/lacvertplage.fr\/wp-content\/uploads\/2023\/06\/Pod_vue-densemble_web-270x300.jpg\" width=\"270\" height=\"300\" alt=\"\" \/><span class=\"rl-gallery-caption\"><span class=\"rl-gallery-item-title\">Pod_\u00dcbersicht_web<\/span><span class=\"rl-gallery-item-caption\">Pod_\u00dcbersicht_web<\/span><\/span><\/a><\/div><div class=\"rl-gallery-item\"><a href=\"https:\/\/lacvertplage.fr\/wp-content\/uploads\/2023\/05\/346462767_794137778996499_2113272835405348405_n.jpg\" title=\"346462767_794137778996499_2113272835405348405_n\" data-rl_title=\"346462767_794137778996499_2113272835405348405_n\" class=\"rl-gallery-link\" data-rl_caption=\"346462767_794137778996499_2113272835405348405_n\" data-rel=\"lightbox-gallery-1\"><img loading=\"lazy\" decoding=\"async\" src=\"https:\/\/lacvertplage.fr\/wp-content\/uploads\/2023\/05\/346462767_794137778996499_2113272835405348405_n-225x300.jpg\" width=\"225\" height=\"300\" alt=\"\" \/><span class=\"rl-gallery-caption\"><span class=\"rl-gallery-item-title\">346462767_794137778996499_2113272835405348405_n<\/span><span class=\"rl-gallery-item-caption\">346462767_794137778996499_2113272835405348405_n<\/span><\/span><\/a><\/div><div class=\"rl-gallery-item\"><a href=\"https:\/\/lacvertplage.fr\/wp-content\/uploads\/2023\/05\/346315969_964282651672823_5260559313446634620_n.jpg\" title=\"346315969_964282651672823_5260559313446634620_n\" data-rl_title=\"346315969_964282651672823_5260559313446634620_n\" class=\"rl-gallery-link\" data-rl_caption=\"346315969_964282651672823_5260559313446634620_n\" data-rel=\"lightbox-gallery-1\"><img loading=\"lazy\" decoding=\"async\" src=\"https:\/\/lacvertplage.fr\/wp-content\/uploads\/2023\/05\/346315969_964282651672823_5260559313446634620_n-225x300.jpg\" width=\"225\" height=\"300\" alt=\"\" \/><span class=\"rl-gallery-caption\"><span class=\"rl-gallery-item-title\">346315969_964282651672823_5260559313446634620_n<\/span><span class=\"rl-gallery-item-caption\">346315969_964282651672823_5260559313446634620_n<\/span><\/span><\/a><\/div><div class=\"rl-gallery-item\"><a href=\"https:\/\/lacvertplage.fr\/wp-content\/uploads\/2023\/05\/346290819_959445905194137_6364422543539868904_n.jpg\" title=\"346290819_959445905194137_6364422543539868904_n\" data-rl_title=\"346290819_959445905194137_6364422543539868904_n\" class=\"rl-gallery-link\" data-rl_caption=\"346290819_959445905194137_6364422543539868904_n\" data-rel=\"lightbox-gallery-1\"><img loading=\"lazy\" decoding=\"async\" src=\"https:\/\/lacvertplage.fr\/wp-content\/uploads\/2023\/05\/346290819_959445905194137_6364422543539868904_n-225x300.jpg\" width=\"225\" height=\"300\" alt=\"Pod logement insolite pour 2 personnes\" \/><span class=\"rl-gallery-caption\"><span class=\"rl-gallery-item-title\">346290819_959445905194137_6364422543539868904_n<\/span><span class=\"rl-gallery-item-caption\">346290819_959445905194137_6364422543539868904_n<\/span><\/span><\/a><\/div> <\/div> <\/div>\r\n\r\n\r\n\r\n<p><iframe loading=\"lazy\" style=\"border: 0;\" src=\"https:\/\/www.google.com\/maps\/embed?pb=!1m22!1m8!1m3!1d5194.762403993373!2d5.17039909069443!3d49.382780655695754!3m2!1i1024!2i768!4f13.1!4m11!3e0!4m3!3m2!1d49.3807621!2d5.1688488!4m5!1s0x47eaf85d60924ac7%3A0x6a19e0dd27c7e1bf!2sLac%20Vert%20Plage%20%C3%A0%20DOULCON%20Meuse%2C%203%20bis%20rue%20de%20la%20gare%2C%2055110%20Doulcon!3m2!1d49.383793999999995!2d5.179561!5e0!3m2!1sfr!2sfr!4v1583412479327!5m2!1sfr!2sfr\" width=\"600\" height=\"450\" frameborder=\"0\" allowfullscreen=\"allowfullscreen\"><\/iframe><\/p>\r\n<p>Entdecken Sie die Wander- und Radwege in der N\u00e4he des Lac Vert Plage : <a href=\"https:\/\/www.cirkwi.com\/fr\/recherche?lat=49.37824&amp;lng=5.1646&amp;zoom=12&amp;types=circuit;poi;&amp;locomotions=2;27;28;24;39;4;3;16;15;26;29;25;38;37;36;7;12;8;30;6;5;35;9;10;11;20;31;32;33;34;18;19;13;21;22;23;&amp;categories=6;3;4;8;11;7;10;&amp;offset=1\">klicke hier<\/a><\/p>\r\n<p>Sie sind auch in Papierform an der Rezeption erh\u00e4ltlich.<\/p>","protected":false},"excerpt":{"rendered":"<p>Sie fahren mit dem Fahrrad durch die Maas. Der Lac vert plage in Doulcon liegt weniger als 800 Meter von der EuroVelo19-Route entfernt. Machen Sie einen Zwischenstopp f\u00fcr eine \u00dcbernachtung oder <a class=\"more-link\" href=\"https:\/\/lacvertplage.fr\/de\/accueil-velo\/\">Weiterlesen \u2192.<\/a><\/p>","protected":false},"author":1,"featured_media":0,"parent":0,"menu_order":0,"comment_status":"closed","ping_status":"closed","template":"","meta":{"_monsterinsights_skip_tracking":false,"_monsterinsights_sitenote_active":false,"_monsterinsights_sitenote_note":"","_monsterinsights_sitenote_category":0,"_uf_show_specific_survey":0,"_uf_disable_surveys":false,"footnotes":""},"class_list":["post-456","page","type-page","status-publish","hentry"],"aioseo_notices":[],"yoast_head":"<!-- This site is optimized with the Yoast SEO plugin v27.3 - https:\/\/yoast.com\/product\/yoast-seo-wordpress\/ -->\n<title>Accueil v\u00e9lo - Base de Loisirs du Lac Vert Plage<\/title>\n<meta name=\"robots\" content=\"index, follow, max-snippet:-1, max-image-preview:large, max-video-preview:-1\" \/>\n<link rel=\"canonical\" href=\"https:\/\/lacvertplage.fr\/de\/fr\/accueil-velo\/\" \/>\n<meta property=\"og:locale\" content=\"de_DE\" \/>\n<meta property=\"og:type\" content=\"article\" \/>\n<meta property=\"og:title\" content=\"Accueil v\u00e9lo - Base de Loisirs du Lac Vert Plage\" \/>\n<meta property=\"og:description\" content=\"Vous parcourez la Meuse \u00e0 v\u00e9lo, le lac vert plage \u00e0 Doulcon\u00a0 se trouve \u00e0 moins de 800 m\u00e8tres de l&rsquo;itin\u00e9raire EuroVelo19. Faites une halte pour la nuit, ou une Lire la suite \u2192\" \/>\n<meta property=\"og:url\" content=\"https:\/\/lacvertplage.fr\/de\/fr\/accueil-velo\/\" \/>\n<meta property=\"og:site_name\" content=\"Base de Loisirs du Lac Vert Plage\" \/>\n<meta property=\"article:modified_time\" content=\"2024-06-22T13:58:11+00:00\" \/>\n<meta property=\"og:image\" content=\"https:\/\/lacvertplage.fr\/wp-content\/uploads\/2023\/06\/Table_-velo_pic_nic_web_-300x220.jpg\" \/>\n<meta name=\"twitter:label1\" content=\"Gesch\u00e4tzte Lesezeit\" \/>\n\t<meta name=\"twitter:data1\" content=\"2\u00a0Minuten\" \/>\n<script type=\"application\/ld+json\" class=\"yoast-schema-graph\">{\"@context\":\"https:\\\/\\\/schema.org\",\"@graph\":[{\"@type\":\"WebPage\",\"@id\":\"https:\\\/\\\/lacvertplage.fr\\\/fr\\\/accueil-velo\\\/\",\"url\":\"https:\\\/\\\/lacvertplage.fr\\\/fr\\\/accueil-velo\\\/\",\"name\":\"Accueil v\u00e9lo - Base de Loisirs du Lac Vert Plage\",\"isPartOf\":{\"@id\":\"https:\\\/\\\/lacvertplage.fr\\\/#website\"},\"primaryImageOfPage\":{\"@id\":\"https:\\\/\\\/lacvertplage.fr\\\/fr\\\/accueil-velo\\\/#primaryimage\"},\"image\":{\"@id\":\"https:\\\/\\\/lacvertplage.fr\\\/fr\\\/accueil-velo\\\/#primaryimage\"},\"thumbnailUrl\":\"https:\\\/\\\/lacvertplage.fr\\\/wp-content\\\/uploads\\\/2023\\\/06\\\/Table_-velo_pic_nic_web_-300x220.jpg\",\"datePublished\":\"2020-03-05T12:49:28+00:00\",\"dateModified\":\"2024-06-22T13:58:11+00:00\",\"breadcrumb\":{\"@id\":\"https:\\\/\\\/lacvertplage.fr\\\/fr\\\/accueil-velo\\\/#breadcrumb\"},\"inLanguage\":\"de\",\"potentialAction\":[{\"@type\":\"ReadAction\",\"target\":[\"https:\\\/\\\/lacvertplage.fr\\\/fr\\\/accueil-velo\\\/\"]}]},{\"@type\":\"ImageObject\",\"inLanguage\":\"de\",\"@id\":\"https:\\\/\\\/lacvertplage.fr\\\/fr\\\/accueil-velo\\\/#primaryimage\",\"url\":\"https:\\\/\\\/lacvertplage.fr\\\/wp-content\\\/uploads\\\/2023\\\/06\\\/Table_-velo_pic_nic_web_-300x220.jpg\",\"contentUrl\":\"https:\\\/\\\/lacvertplage.fr\\\/wp-content\\\/uploads\\\/2023\\\/06\\\/Table_-velo_pic_nic_web_-300x220.jpg\"},{\"@type\":\"BreadcrumbList\",\"@id\":\"https:\\\/\\\/lacvertplage.fr\\\/fr\\\/accueil-velo\\\/#breadcrumb\",\"itemListElement\":[{\"@type\":\"ListItem\",\"position\":1,\"name\":\"Accueil\",\"item\":\"https:\\\/\\\/lacvertplage.fr\\\/\"},{\"@type\":\"ListItem\",\"position\":2,\"name\":\"Accueil v\u00e9lo\"}]},{\"@type\":\"WebSite\",\"@id\":\"https:\\\/\\\/lacvertplage.fr\\\/#website\",\"url\":\"https:\\\/\\\/lacvertplage.fr\\\/\",\"name\":\"Base de Loisirs du Lac Vert Plage\",\"description\":\"\u00e0 Doulcon dans le Val Dunois en Meuse Lorraine\",\"potentialAction\":[{\"@type\":\"SearchAction\",\"target\":{\"@type\":\"EntryPoint\",\"urlTemplate\":\"https:\\\/\\\/lacvertplage.fr\\\/?s={search_term_string}\"},\"query-input\":{\"@type\":\"PropertyValueSpecification\",\"valueRequired\":true,\"valueName\":\"search_term_string\"}}],\"inLanguage\":\"de\"}]}<\/script>\n<!-- \/ Yoast SEO plugin. -->","yoast_head_json":{"title":"Startseite Fahrrad - Freizeitzentrum Lac Vert Plage","robots":{"index":"index","follow":"follow","max-snippet":"max-snippet:-1","max-image-preview":"max-image-preview:large","max-video-preview":"max-video-preview:-1"},"canonical":"https:\/\/lacvertplage.fr\/de\/fr\/accueil-velo\/","og_locale":"de_DE","og_type":"article","og_title":"Accueil v\u00e9lo - Base de Loisirs du Lac Vert Plage","og_description":"Vous parcourez la Meuse \u00e0 v\u00e9lo, le lac vert plage \u00e0 Doulcon\u00a0 se trouve \u00e0 moins de 800 m\u00e8tres de l&rsquo;itin\u00e9raire EuroVelo19. Faites une halte pour la nuit, ou une Lire la suite \u2192","og_url":"https:\/\/lacvertplage.fr\/de\/fr\/accueil-velo\/","og_site_name":"Base de Loisirs du Lac Vert Plage","article_modified_time":"2024-06-22T13:58:11+00:00","og_image":[{"url":"https:\/\/lacvertplage.fr\/wp-content\/uploads\/2023\/06\/Table_-velo_pic_nic_web_-300x220.jpg","type":"","width":"","height":""}],"twitter_misc":{"Gesch\u00e4tzte Lesezeit":"2\u00a0Minuten"},"schema":{"@context":"https:\/\/schema.org","@graph":[{"@type":"WebPage","@id":"https:\/\/lacvertplage.fr\/fr\/accueil-velo\/","url":"https:\/\/lacvertplage.fr\/fr\/accueil-velo\/","name":"Startseite Fahrrad - Freizeitzentrum Lac Vert Plage","isPartOf":{"@id":"https:\/\/lacvertplage.fr\/#website"},"primaryImageOfPage":{"@id":"https:\/\/lacvertplage.fr\/fr\/accueil-velo\/#primaryimage"},"image":{"@id":"https:\/\/lacvertplage.fr\/fr\/accueil-velo\/#primaryimage"},"thumbnailUrl":"https:\/\/lacvertplage.fr\/wp-content\/uploads\/2023\/06\/Table_-velo_pic_nic_web_-300x220.jpg","datePublished":"2020-03-05T12:49:28+00:00","dateModified":"2024-06-22T13:58:11+00:00","breadcrumb":{"@id":"https:\/\/lacvertplage.fr\/fr\/accueil-velo\/#breadcrumb"},"inLanguage":"de","potentialAction":[{"@type":"ReadAction","target":["https:\/\/lacvertplage.fr\/fr\/accueil-velo\/"]}]},{"@type":"ImageObject","inLanguage":"de","@id":"https:\/\/lacvertplage.fr\/fr\/accueil-velo\/#primaryimage","url":"https:\/\/lacvertplage.fr\/wp-content\/uploads\/2023\/06\/Table_-velo_pic_nic_web_-300x220.jpg","contentUrl":"https:\/\/lacvertplage.fr\/wp-content\/uploads\/2023\/06\/Table_-velo_pic_nic_web_-300x220.jpg"},{"@type":"BreadcrumbList","@id":"https:\/\/lacvertplage.fr\/fr\/accueil-velo\/#breadcrumb","itemListElement":[{"@type":"ListItem","position":1,"name":"Accueil","item":"https:\/\/lacvertplage.fr\/"},{"@type":"ListItem","position":2,"name":"Accueil v\u00e9lo"}]},{"@type":"WebSite","@id":"https:\/\/lacvertplage.fr\/#website","url":"https:\/\/lacvertplage.fr\/","name":"Base de Loisirs du Lac Vert Plage","description":"in Doulcon im Val Dunois in Meuse Lorraine","potentialAction":[{"@type":"SearchAction","target":{"@type":"EntryPoint","urlTemplate":"https:\/\/lacvertplage.fr\/?s={search_term_string}"},"query-input":{"@type":"PropertyValueSpecification","valueRequired":true,"valueName":"search_term_string"}}],"inLanguage":"de"}]}},"_links":{"self":[{"href":"https:\/\/lacvertplage.fr\/de\/wp-json\/wp\/v2\/pages\/456","targetHints":{"allow":["GET"]}}],"collection":[{"href":"https:\/\/lacvertplage.fr\/de\/wp-json\/wp\/v2\/pages"}],"about":[{"href":"https:\/\/lacvertplage.fr\/de\/wp-json\/wp\/v2\/types\/page"}],"author":[{"embeddable":true,"href":"https:\/\/lacvertplage.fr\/de\/wp-json\/wp\/v2\/users\/1"}],"replies":[{"embeddable":true,"href":"https:\/\/lacvertplage.fr\/de\/wp-json\/wp\/v2\/comments?post=456"}],"version-history":[{"count":16,"href":"https:\/\/lacvertplage.fr\/de\/wp-json\/wp\/v2\/pages\/456\/revisions"}],"predecessor-version":[{"id":824,"href":"https:\/\/lacvertplage.fr\/de\/wp-json\/wp\/v2\/pages\/456\/revisions\/824"}],"wp:attachment":[{"href":"https:\/\/lacvertplage.fr\/de\/wp-json\/wp\/v2\/media?parent=456"}],"curies":[{"name":"wp","href":"https:\/\/api.w.org\/{rel}","templated":true}]}}