{"id":18,"date":"2014-11-13T09:57:37","date_gmt":"2014-11-13T09:57:37","guid":{"rendered":"http:\/\/lacvertplage.fr\/?page_id=18"},"modified":"2024-06-22T14:02:16","modified_gmt":"2024-06-22T14:02:16","slug":"sejournez-au-lac-vert","status":"publish","type":"page","link":"https:\/\/lacvertplage.fr\/de\/sejournez-au-lac-vert\/","title":{"rendered":"Aufenthalt am Gr\u00fcnen See"},"content":{"rendered":"<p style=\"text-align: justify;\"><strong>Bleiben Sie in Le Lac Vert auf seinem 2-Sterne-Campingplatz<\/strong>, eingebettet im Herzen der <strong>Maastal in Doulcon, Dun-sur-Meuse<\/strong>. Wir freuen uns, Sie auf unserer gr\u00fcnen Anlage begr\u00fc\u00dfen zu d\u00fcrfen. Der Campingplatz Lac Vert verf\u00fcgt \u00fcber eine authentische und ger\u00e4umige Anlage, die sich f\u00fcr Erholung und Freizeitgestaltung eignet.<\/p>\r\n<p style=\"text-align: justify;\">Wir stellen Ihren Komfort und die Harmonie mit der Natur in den Mittelpunkt unserer Aufmerksamkeit. Es ist eines der gr\u00f6\u00dften in Meuse und wir bieten Ihnen <a title=\"Campingplatz du Lac Vert\" href=\"http:\/\/lacvertplage.fr\/de\/sejournez-au-lac-vert\/camping-lac-vert-doulcon\/\">423 Stellpl\u00e4tze<\/a> <a title=\"Chalets in der Freizeitanlage Lac vert mieten\" href=\"http:\/\/lacvertplage.fr\/de\/sejournez-au-lac-vert\/locations-de-chalets-lac-vert\/\">,18 Chalets und 4 Pods<\/a>.<\/p>\r\n<p style=\"text-align: justify;\">Wir legen besonderen Wert auf Ihre Ruhe und Ihr Wohlbefinden, insbesondere durch die \u00e4u\u00dferst sorgf\u00e4ltige Pflege der Bereiche dieses friedlichen Ortes.<\/p>\r\n\r\n<figure class=\"wp-block-image size-large\"><a href=\"https:\/\/lacvertplage.fr\/wp-content\/uploads\/2020\/08\/Plan-lac-retrace\u0301-de\u0301f-.jpg\" data-rel=\"lightbox-gallery-UQIKLBaE\" data-rl_title=\"Plan lac retrace\u0301 de\u0301f\" data-rl_caption=\"Plan lac retrace\u0301 de\u0301f\" title=\"Plan lac retrac\u00e9 d\u00e9f\"><img loading=\"lazy\" decoding=\"async\" width=\"1024\" height=\"544\" class=\"wp-image-527\" src=\"https:\/\/lacvertplage.fr\/wp-content\/uploads\/2020\/08\/Plan-lac-retrace\u0301-de\u0301f--1024x544.jpg\" alt=\"\" srcset=\"https:\/\/lacvertplage.fr\/wp-content\/uploads\/2020\/08\/Plan-lac-retrace\u0301-de\u0301f--1024x544.jpg 1024w, https:\/\/lacvertplage.fr\/wp-content\/uploads\/2020\/08\/Plan-lac-retrace\u0301-de\u0301f--300x159.jpg 300w, https:\/\/lacvertplage.fr\/wp-content\/uploads\/2020\/08\/Plan-lac-retrace\u0301-de\u0301f--768x408.jpg 768w, https:\/\/lacvertplage.fr\/wp-content\/uploads\/2020\/08\/Plan-lac-retrace\u0301-de\u0301f-.jpg 1065w\" sizes=\"auto, (max-width: 1024px) 100vw, 1024px\" \/><\/a><\/figure>","protected":false},"excerpt":{"rendered":"<p>Verbringen Sie Ihren Aufenthalt in Le Lac Vert auf seinem 2-Sterne-Campingplatz, der im Herzen des Maastals in Doulcon, Dun-sur-Meuse, eingebettet ist. Wir freuen uns, Sie auf unserer Seite begr\u00fc\u00dfen zu d\u00fcrfen <a class=\"more-link\" href=\"https:\/\/lacvertplage.fr\/de\/sejournez-au-lac-vert\/\">Weiterlesen \u2192.<\/a><\/p>","protected":false},"author":1,"featured_media":0,"parent":0,"menu_order":0,"comment_status":"closed","ping_status":"closed","template":"","meta":{"_monsterinsights_skip_tracking":false,"_monsterinsights_sitenote_active":false,"_monsterinsights_sitenote_note":"","_monsterinsights_sitenote_category":0,"_uf_show_specific_survey":0,"_uf_disable_surveys":false,"footnotes":""},"class_list":["post-18","page","type-page","status-publish","hentry","semantictags-camping","semantictags-camping-2etoiles","semantictags-camping-doulcon","semantictags-camping-dun-sur-meuse","semantictags-camping-familial-meuse","semantictags-camping-lac-meuse","semantictags-camping-lorraine","semantictags-camping-meuse","semantictags-camping-pas-cher-en-meuse","semantictags-camping-stenay","semantictags-camping-verdun","semantictags-lac-vert-base-de-loisirs","semantictags-lac-vert-doulcon","semantictags-location-chalet","semantictags-location-chalet-lac-vert-55","semantictags-location-emplacement-camping-car","semantictags-location-emplacement-camping-lac-vert","semantictags-location-emplacement-camping-lac-vert-plage","semantictags-location-emplacement-caravane"],"aioseo_notices":[],"yoast_head":"<!-- This site is optimized with the Yoast SEO plugin v27.5 - https:\/\/yoast.com\/product\/yoast-seo-wordpress\/ -->\n<title>S\u00e9journez au Lac Vert Plage dans le Val Dunois en Meuse<\/title>\n<meta name=\"description\" content=\"Dans le Val Dunois, entre Stenay et Verdun en Meuse, s\u00e9journez au Lac Vert Plage pour un week-end ou une semaine. Camping familial et nombreuses activit\u00e9s.\" \/>\n<meta name=\"robots\" content=\"index, follow, max-snippet:-1, max-image-preview:large, max-video-preview:-1\" \/>\n<link rel=\"canonical\" href=\"https:\/\/lacvertplage.fr\/de\/fr\/sejournez-au-lac-vert\/\" \/>\n<meta property=\"og:locale\" content=\"de_DE\" \/>\n<meta property=\"og:type\" content=\"article\" \/>\n<meta property=\"og:title\" content=\"S\u00e9journez au Lac Vert Plage dans le Val Dunois en Meuse\" \/>\n<meta property=\"og:description\" content=\"Dans le Val Dunois, entre Stenay et Verdun en Meuse, s\u00e9journez au Lac Vert Plage pour un week-end ou une semaine. Camping familial et nombreuses activit\u00e9s.\" \/>\n<meta property=\"og:url\" content=\"https:\/\/lacvertplage.fr\/de\/fr\/sejournez-au-lac-vert\/\" \/>\n<meta property=\"og:site_name\" content=\"Base de Loisirs du Lac Vert Plage\" \/>\n<meta property=\"article:modified_time\" content=\"2024-06-22T14:02:16+00:00\" \/>\n<meta name=\"twitter:label1\" content=\"Gesch\u00e4tzte Lesezeit\" \/>\n\t<meta name=\"twitter:data1\" content=\"1\u00a0Minute\" \/>\n<script type=\"application\/ld+json\" class=\"yoast-schema-graph\">{\"@context\":\"https:\\\/\\\/schema.org\",\"@graph\":[{\"@type\":\"WebPage\",\"@id\":\"https:\\\/\\\/lacvertplage.fr\\\/fr\\\/sejournez-au-lac-vert\\\/\",\"url\":\"https:\\\/\\\/lacvertplage.fr\\\/fr\\\/sejournez-au-lac-vert\\\/\",\"name\":\"S\u00e9journez au Lac Vert Plage dans le Val Dunois en Meuse\",\"isPartOf\":{\"@id\":\"https:\\\/\\\/lacvertplage.fr\\\/#website\"},\"datePublished\":\"2014-11-13T09:57:37+00:00\",\"dateModified\":\"2024-06-22T14:02:16+00:00\",\"description\":\"Dans le Val Dunois, entre Stenay et Verdun en Meuse, s\u00e9journez au Lac Vert Plage pour un week-end ou une semaine. Camping familial et nombreuses activit\u00e9s.\",\"breadcrumb\":{\"@id\":\"https:\\\/\\\/lacvertplage.fr\\\/fr\\\/sejournez-au-lac-vert\\\/#breadcrumb\"},\"inLanguage\":\"de\",\"potentialAction\":[{\"@type\":\"ReadAction\",\"target\":[\"https:\\\/\\\/lacvertplage.fr\\\/fr\\\/sejournez-au-lac-vert\\\/\"]}]},{\"@type\":\"BreadcrumbList\",\"@id\":\"https:\\\/\\\/lacvertplage.fr\\\/fr\\\/sejournez-au-lac-vert\\\/#breadcrumb\",\"itemListElement\":[{\"@type\":\"ListItem\",\"position\":1,\"name\":\"Accueil\",\"item\":\"https:\\\/\\\/lacvertplage.fr\\\/\"},{\"@type\":\"ListItem\",\"position\":2,\"name\":\"S\u00e9journez au Lac Vert\"}]},{\"@type\":\"WebSite\",\"@id\":\"https:\\\/\\\/lacvertplage.fr\\\/#website\",\"url\":\"https:\\\/\\\/lacvertplage.fr\\\/\",\"name\":\"Base de Loisirs du Lac Vert Plage\",\"description\":\"\u00e0 Doulcon dans le Val Dunois en Meuse Lorraine\",\"potentialAction\":[{\"@type\":\"SearchAction\",\"target\":{\"@type\":\"EntryPoint\",\"urlTemplate\":\"https:\\\/\\\/lacvertplage.fr\\\/?s={search_term_string}\"},\"query-input\":{\"@type\":\"PropertyValueSpecification\",\"valueRequired\":true,\"valueName\":\"search_term_string\"}}],\"inLanguage\":\"de\"}]}<\/script>\n<!-- \/ Yoast SEO plugin. -->","yoast_head_json":{"title":"Aufenthalt in Lac Vert Plage im Val Dunois in Meuse","description":"Im Val Dunois, zwischen Stenay und Verdun en Meuse, wohnen Sie f\u00fcr ein Wochenende oder eine Woche im Lac Vert Plage. Familiencampingplatz und zahlreiche Aktivit\u00e4ten.","robots":{"index":"index","follow":"follow","max-snippet":"max-snippet:-1","max-image-preview":"max-image-preview:large","max-video-preview":"max-video-preview:-1"},"canonical":"https:\/\/lacvertplage.fr\/de\/fr\/sejournez-au-lac-vert\/","og_locale":"de_DE","og_type":"article","og_title":"S\u00e9journez au Lac Vert Plage dans le Val Dunois en Meuse","og_description":"Dans le Val Dunois, entre Stenay et Verdun en Meuse, s\u00e9journez au Lac Vert Plage pour un week-end ou une semaine. Camping familial et nombreuses activit\u00e9s.","og_url":"https:\/\/lacvertplage.fr\/de\/fr\/sejournez-au-lac-vert\/","og_site_name":"Base de Loisirs du Lac Vert Plage","article_modified_time":"2024-06-22T14:02:16+00:00","twitter_misc":{"Gesch\u00e4tzte Lesezeit":"1\u00a0Minute"},"schema":{"@context":"https:\/\/schema.org","@graph":[{"@type":"WebPage","@id":"https:\/\/lacvertplage.fr\/fr\/sejournez-au-lac-vert\/","url":"https:\/\/lacvertplage.fr\/fr\/sejournez-au-lac-vert\/","name":"Aufenthalt in Lac Vert Plage im Val Dunois in Meuse","isPartOf":{"@id":"https:\/\/lacvertplage.fr\/#website"},"datePublished":"2014-11-13T09:57:37+00:00","dateModified":"2024-06-22T14:02:16+00:00","description":"Im Val Dunois, zwischen Stenay und Verdun en Meuse, wohnen Sie f\u00fcr ein Wochenende oder eine Woche im Lac Vert Plage. Familiencampingplatz und zahlreiche Aktivit\u00e4ten.","breadcrumb":{"@id":"https:\/\/lacvertplage.fr\/fr\/sejournez-au-lac-vert\/#breadcrumb"},"inLanguage":"de","potentialAction":[{"@type":"ReadAction","target":["https:\/\/lacvertplage.fr\/fr\/sejournez-au-lac-vert\/"]}]},{"@type":"BreadcrumbList","@id":"https:\/\/lacvertplage.fr\/fr\/sejournez-au-lac-vert\/#breadcrumb","itemListElement":[{"@type":"ListItem","position":1,"name":"Accueil","item":"https:\/\/lacvertplage.fr\/"},{"@type":"ListItem","position":2,"name":"S\u00e9journez au Lac Vert"}]},{"@type":"WebSite","@id":"https:\/\/lacvertplage.fr\/#website","url":"https:\/\/lacvertplage.fr\/","name":"Base de Loisirs du Lac Vert Plage","description":"in Doulcon im Val Dunois in Meuse Lorraine","potentialAction":[{"@type":"SearchAction","target":{"@type":"EntryPoint","urlTemplate":"https:\/\/lacvertplage.fr\/?s={search_term_string}"},"query-input":{"@type":"PropertyValueSpecification","valueRequired":true,"valueName":"search_term_string"}}],"inLanguage":"de"}]}},"_links":{"self":[{"href":"https:\/\/lacvertplage.fr\/de\/wp-json\/wp\/v2\/pages\/18","targetHints":{"allow":["GET"]}}],"collection":[{"href":"https:\/\/lacvertplage.fr\/de\/wp-json\/wp\/v2\/pages"}],"about":[{"href":"https:\/\/lacvertplage.fr\/de\/wp-json\/wp\/v2\/types\/page"}],"author":[{"embeddable":true,"href":"https:\/\/lacvertplage.fr\/de\/wp-json\/wp\/v2\/users\/1"}],"replies":[{"embeddable":true,"href":"https:\/\/lacvertplage.fr\/de\/wp-json\/wp\/v2\/comments?post=18"}],"version-history":[{"count":16,"href":"https:\/\/lacvertplage.fr\/de\/wp-json\/wp\/v2\/pages\/18\/revisions"}],"predecessor-version":[{"id":668,"href":"https:\/\/lacvertplage.fr\/de\/wp-json\/wp\/v2\/pages\/18\/revisions\/668"}],"wp:attachment":[{"href":"https:\/\/lacvertplage.fr\/de\/wp-json\/wp\/v2\/media?parent=18"}],"curies":[{"name":"wp","href":"https:\/\/api.w.org\/{rel}","templated":true}]}}