{"id":127,"date":"2014-11-14T08:55:20","date_gmt":"2014-11-14T08:55:20","guid":{"rendered":"http:\/\/lacvertplage.fr\/?page_id=127"},"modified":"2026-04-02T15:41:37","modified_gmt":"2026-04-02T15:41:37","slug":"tarifs","status":"publish","type":"page","link":"https:\/\/lacvertplage.fr\/de\/sejournez-au-lac-vert\/tarifs\/","title":{"rendered":"Unsere Preise"},"content":{"rendered":"<p style=\"text-align: justify;\">Die<strong> camping du Lac Vert in Doulcon<\/strong> bietet Ihnen zahlreiche Campingpl\u00e4tze, auf denen Sie Zelte, Wohnwagen und Wohnmobile aufstellen k\u00f6nnen. Die Stellpl\u00e4tze sind schattig und liegen am Ufer des Sees. Die Preise f\u00fcr die Stellpl\u00e4tze finden Sie unten.<\/p>\r\n\r\n<h2 class=\"wp-block-heading\">Herunterladbare Dokumente<\/h2>\r\n<div class=\"wp-block-columns\">\r\n<div class=\"wp-block-column\">\r\n<div class=\"wp-block-buttons\">\r\n<div><a href=\"https:\/\/lacvertplage.fr\/wp-content\/uploads\/2026\/04\/Doc-Chalet-2026.pdf\"><img loading=\"lazy\" decoding=\"async\" class=\"alignnone wp-image-972\" src=\"https:\/\/lacvertplage.fr\/wp-content\/uploads\/2026\/04\/Bouton-tarifs-Chalet-300x62.jpeg\" alt=\"\" width=\"295\" height=\"61\" srcset=\"https:\/\/lacvertplage.fr\/wp-content\/uploads\/2026\/04\/Bouton-tarifs-Chalet-300x62.jpeg 300w, https:\/\/lacvertplage.fr\/wp-content\/uploads\/2026\/04\/Bouton-tarifs-Chalet-18x4.jpeg 18w, https:\/\/lacvertplage.fr\/wp-content\/uploads\/2026\/04\/Bouton-tarifs-Chalet.jpeg 671w\" sizes=\"auto, (max-width: 295px) 100vw, 295px\" \/> \u00a0 \u00a0 \u00a0<\/a><a href=\"https:\/\/lacvertplage.fr\/wp-content\/uploads\/2026\/04\/Tarifs-camping-2026.pdf\"><img loading=\"lazy\" decoding=\"async\" class=\"alignnone wp-image-971 size-medium\" src=\"https:\/\/lacvertplage.fr\/wp-content\/uploads\/2026\/04\/Bouton-tarifs-Camping-300x62.jpeg\" alt=\"\" width=\"300\" height=\"62\" srcset=\"https:\/\/lacvertplage.fr\/wp-content\/uploads\/2026\/04\/Bouton-tarifs-Camping-300x62.jpeg 300w, https:\/\/lacvertplage.fr\/wp-content\/uploads\/2026\/04\/Bouton-tarifs-Camping-18x4.jpeg 18w, https:\/\/lacvertplage.fr\/wp-content\/uploads\/2026\/04\/Bouton-tarifs-Camping.jpeg 677w\" sizes=\"auto, (max-width: 300px) 100vw, 300px\" \/><\/a><\/div>\r\n<div>\u00a0<\/div>\r\n<div><a href=\"https:\/\/lacvertplage.fr\/wp-content\/uploads\/2026\/04\/fiche-de-reservation-emplacement-2026.pdf\"><img loading=\"lazy\" decoding=\"async\" class=\"alignnone wp-image-970 size-medium\" src=\"https:\/\/lacvertplage.fr\/wp-content\/uploads\/2026\/04\/Bouton-Reservation-Emplacement-300x78.jpeg\" alt=\"\" width=\"300\" height=\"78\" srcset=\"https:\/\/lacvertplage.fr\/wp-content\/uploads\/2026\/04\/Bouton-Reservation-Emplacement-300x78.jpeg 300w, https:\/\/lacvertplage.fr\/wp-content\/uploads\/2026\/04\/Bouton-Reservation-Emplacement-18x5.jpeg 18w, https:\/\/lacvertplage.fr\/wp-content\/uploads\/2026\/04\/Bouton-Reservation-Emplacement.jpeg 674w\" sizes=\"auto, (max-width: 300px) 100vw, 300px\" \/><\/a> \u00a0 \u00a0 <a href=\"https:\/\/lacvertplage.fr\/wp-content\/uploads\/2026\/04\/contrat-de-location-chalet-2026.pdf\"><img loading=\"lazy\" decoding=\"async\" class=\"alignnone size-medium wp-image-969\" src=\"https:\/\/lacvertplage.fr\/wp-content\/uploads\/2026\/04\/Bouton-Reservation-Chalet-300x74.jpeg\" alt=\"\" width=\"300\" height=\"74\" srcset=\"https:\/\/lacvertplage.fr\/wp-content\/uploads\/2026\/04\/Bouton-Reservation-Chalet-300x74.jpeg 300w, https:\/\/lacvertplage.fr\/wp-content\/uploads\/2026\/04\/Bouton-Reservation-Chalet-18x4.jpeg 18w, https:\/\/lacvertplage.fr\/wp-content\/uploads\/2026\/04\/Bouton-Reservation-Chalet.jpeg 675w\" sizes=\"auto, (max-width: 300px) 100vw, 300px\" \/>\u00a0\u00a0<\/a><\/div>\r\n<div>\u00a0<\/div>\r\n<h2><strong>Tarife Eintritt Freizeitbasis<\/strong><\/h2>\r\n<\/div>\r\n<\/div>\r\n<\/div>\r\n\r\n<p style=\"text-align: justify;\">Der Eintritt in die Freizeitanlage Lac Vert Plage ist zu Fu\u00df kostenlos, Besucherfahrzeuge sind auf dem Campingplatz verboten (Parkplatz am Eingang des Campingplatzes).<\/p>\r\n<p><strong>grillen ist verboten\u00a0<\/strong> \u00a0<\/p>\r\n\r\n<h2 class=\"wp-block-heading\"><strong>Tarifs Camping 2026<\/strong><\/h2>\r\n\r\n\r\n\r\n<figure class=\"wp-block-table\">\r\n<table>\r\n<tbody>\r\n<tr>\r\n<td class=\"has-text-align-left\" data-align=\"left\"><strong>Pauschale Stellpl\u00e4tze pro Nacht<\/strong><\/td>\r\n<td class=\"has-text-align-center\" data-align=\"center\">Preis in \u20ac<\/td>\r\n<\/tr>\r\n<tr>\r\n<td class=\"has-text-align-left\" data-align=\"left\"><strong>Stellplatz Camping Classic<\/strong> \u00a0<br \/>Pauschale f\u00fcr einen Stellplatz f\u00fcr 2 Personen und ein Fahrzeug auf dem Stellplatz, M\u00fcll inbegriffen<\/td>\r\n<td class=\"has-text-align-center\" data-align=\"center\">11.50 \u20ac<\/td>\r\n<\/tr>\r\n<tr>\r\n<td class=\"has-text-align-left\" data-align=\"left\"><strong>Stellplatz Camping Komfort<\/strong> \u00a0<br \/>Idem classic, aber inklusive 6-Ampere-Stromanschluss, inklusive Hausm\u00fcll.<\/td>\r\n<td class=\"has-text-align-center\" data-align=\"center\">16.50 \u20ac<\/td>\r\n<\/tr>\r\n<tr>\r\n<td class=\"has-text-align-left\" data-align=\"left\"><strong>Pauschale Halt Cyclo\/Rando<\/strong> \u00a0<br \/>1 Stellplatz, 1 Person, 1 Zelt und ein Fahrrad oder Motorrad ohne Anschluss, inklusive Hausm\u00fcll.<\/td>\r\n<td class=\"has-text-align-center\" data-align=\"center\">6.20 \u20ac<\/td>\r\n<\/tr>\r\n<tr>\r\n<td class=\"has-text-align-left\" data-align=\"left\"><strong>Pauschale Wohnmobil Classic<\/strong> \u00a0<br \/>Pauschale f\u00fcr einen Stellplatz f\u00fcr 2 Personen und ein Fahrzeug auf dem Stellplatz, M\u00fcll inbegriffen<\/td>\r\n<td class=\"has-text-align-center\" data-align=\"center\">11.10 \u20ac<\/td>\r\n<\/tr>\r\n<tr>\r\n<td class=\"has-text-align-left\" data-align=\"left\"><strong>Pauschale Wohnmobil Confort<\/strong> \u00a0<br \/>Idem classic, aber inklusive 6-Ampere-Stromanschluss, inklusive Hausm\u00fcll.<\/td>\r\n<td class=\"has-text-align-center\" data-align=\"center\">16.10 \u20ac<\/td>\r\n<\/tr>\r\n<\/tbody>\r\n<\/table>\r\n<\/figure>\r\n\r\n\r\n\r\n<h2 class=\"wp-block-heading\">Zuschlag zu den \u00dcbernachtungspreisen<\/h2>\r\n\r\n\r\n\r\n<figure class=\"wp-block-table\">\r\n<table>\r\n<tbody>\r\n<tr>\r\n<td>Zus\u00e4tzliche Person \u00fcber 10 Jahre<\/td>\r\n<td class=\"has-text-align-center\" data-align=\"center\">3.60 \u20ac<\/td>\r\n<\/tr>\r\n<tr>\r\n<td>Kind von 3 bis 10 Jahren<\/td>\r\n<td class=\"has-text-align-center\" data-align=\"center\">1.90 \u20ac<\/td>\r\n<\/tr>\r\n<tr>\r\n<td>Fahrzeug<\/td>\r\n<td class=\"has-text-align-center\" data-align=\"center\">1.80 \u20ac<\/td>\r\n<\/tr>\r\n<tr>\r\n<td>Zus\u00e4tzliches Zelt<\/td>\r\n<td class=\"has-text-align-center\" data-align=\"center\">2.60 \u20ac<\/td>\r\n<\/tr>\r\n<tr>\r\n<td>Elektrizit\u00e4t<\/td>\r\n<td class=\"has-text-align-center\" data-align=\"center\">5.00 \u20ac<\/td>\r\n<\/tr>\r\n<tr>\r\n<td>Haustiere<\/td>\r\n<td class=\"has-text-align-center\" data-align=\"center\">2.40 \u20ac<\/td>\r\n<\/tr>\r\n<\/tbody>\r\n<\/table>\r\n<\/figure>\r\n\r\n\r\n\r\n<h2 class=\"wp-block-heading\"><strong>Tarifs Location de Chalets 2026<\/strong><\/h2>\r\n\r\n\r\n\r\n<figure class=\"wp-block-table aligncenter\">\r\n<table>\r\n<tbody>\r\n<tr>\r\n<td>Kurtaxe<\/td>\r\n<td>0.22 \u20ac<\/td>\r\n<\/tr>\r\n<tr>\r\n<td>Buchungsgeb\u00fchr<\/td>\r\n<td>17.00 \u20ac<\/td>\r\n<\/tr>\r\n<tr>\r\n<td>Zus\u00e4tzliches Zelt<\/td>\r\n<td>2.50 \u20ac<\/td>\r\n<\/tr>\r\n<tr>\r\n<td>Haustiere<\/td>\r\n<td>2.40 \u20ac<\/td>\r\n<\/tr>\r\n<tr>\r\n<td>Beteiligung an der M\u00fcllabfuhr<\/td>\r\n<td>0.50 \u20ac<\/td>\r\n<\/tr>\r\n<\/tbody>\r\n<\/table>\r\n<\/figure>\r\n\r\n\r\n\r\n<h2 class=\"wp-block-heading\">Preise f\u00fcr Chalets<\/h2>\r\n\r\n\r\n\r\n<figure class=\"wp-block-image size-full\"><\/figure>\r\n<figure class=\"wp-block-image size-full\">\r\n<figcaption class=\"wp-element-caption\"><strong><a href=\"https:\/\/lacvertplage.fr\/wp-content\/uploads\/2026\/04\/Tarifs-Chalet-2026_.jpg\" data-rel=\"lightbox-gallery-oIoGCg1f\" data-rl_title=\"Tarifs Chalet 2026_\" data-rl_caption=\"Tarifs Chalet 2026_\" title=\"Tarifs Chalet 2026_\"><img loading=\"lazy\" decoding=\"async\" class=\"alignnone size-medium wp-image-964\" src=\"https:\/\/lacvertplage.fr\/wp-content\/uploads\/2026\/04\/Tarifs-Chalet-2026_-273x300.jpg\" alt=\"\" width=\"273\" height=\"300\" srcset=\"https:\/\/lacvertplage.fr\/wp-content\/uploads\/2026\/04\/Tarifs-Chalet-2026_-273x300.jpg 273w, https:\/\/lacvertplage.fr\/wp-content\/uploads\/2026\/04\/Tarifs-Chalet-2026_-11x12.jpg 11w, https:\/\/lacvertplage.fr\/wp-content\/uploads\/2026\/04\/Tarifs-Chalet-2026_.jpg 759w\" sizes=\"auto, (max-width: 273px) 100vw, 273px\" \/><\/a><br \/><br \/><\/strong><\/figcaption>\r\n<\/figure>","protected":false},"excerpt":{"rendered":"<p>Der Campingplatz Lac Vert in Doulcon bietet Ihnen zahlreiche Campingpl\u00e4tze, auf denen Sie Zelte, Wohnwagen und Wohnmobile aufstellen k\u00f6nnen. Die Stellpl\u00e4tze liegen schattig und am Ufer des Sees. Sie finden die <a class=\"more-link\" href=\"https:\/\/lacvertplage.fr\/de\/sejournez-au-lac-vert\/tarifs\/\">Weiterlesen \u2192.<\/a><\/p>","protected":false},"author":1,"featured_media":0,"parent":18,"menu_order":0,"comment_status":"closed","ping_status":"closed","template":"","meta":{"_monsterinsights_skip_tracking":false,"_monsterinsights_sitenote_active":false,"_monsterinsights_sitenote_note":"","_monsterinsights_sitenote_category":0,"_uf_show_specific_survey":0,"_uf_disable_surveys":false,"footnotes":""},"class_list":["post-127","page","type-page","status-publish","hentry"],"aioseo_notices":[],"yoast_head":"<!-- This site is optimized with the Yoast SEO plugin v27.5 - https:\/\/yoast.com\/product\/yoast-seo-wordpress\/ -->\n<title>Tarifs - Base de Loisirs du Lac Vert Plage - Camping en Meuse<\/title>\n<meta name=\"description\" content=\"Le camping du Lac Vert en Meuse propose des emplacements de camping pour tentes, caravanes et camping-cars. Emplacements ombrag\u00e9s au bord du Lac.\" \/>\n<meta name=\"robots\" content=\"index, nofollow, max-snippet:-1, max-image-preview:large, max-video-preview:-1\" \/>\n<link rel=\"canonical\" href=\"https:\/\/lacvertplage.fr\/de\/sejournez-au-lac-vert\/tarifs\/\" \/>\n<meta property=\"og:locale\" content=\"de_DE\" \/>\n<meta property=\"og:type\" content=\"article\" \/>\n<meta property=\"og:title\" content=\"Tarifs - Base de Loisirs du Lac Vert Plage - Camping en Meuse\" \/>\n<meta property=\"og:description\" content=\"Le camping du Lac Vert en Meuse propose des emplacements de camping pour tentes, caravanes et camping-cars. Emplacements ombrag\u00e9s au bord du Lac.\" \/>\n<meta property=\"og:url\" content=\"https:\/\/lacvertplage.fr\/de\/sejournez-au-lac-vert\/tarifs\/\" \/>\n<meta property=\"og:site_name\" content=\"Base de Loisirs du Lac Vert Plage\" \/>\n<meta property=\"article:modified_time\" content=\"2026-04-02T15:41:37+00:00\" \/>\n<meta property=\"og:image\" content=\"https:\/\/lacvertplage.fr\/wp-content\/uploads\/2026\/04\/Bouton-tarifs-Chalet.jpeg\" \/>\n\t<meta property=\"og:image:width\" content=\"671\" \/>\n\t<meta property=\"og:image:height\" content=\"139\" \/>\n\t<meta property=\"og:image:type\" content=\"image\/jpeg\" \/>\n<meta name=\"twitter:label1\" content=\"Gesch\u00e4tzte Lesezeit\" \/>\n\t<meta name=\"twitter:data1\" content=\"3\u00a0Minuten\" \/>\n<script type=\"application\/ld+json\" class=\"yoast-schema-graph\">{\"@context\":\"https:\\\/\\\/schema.org\",\"@graph\":[{\"@type\":\"WebPage\",\"@id\":\"https:\\\/\\\/lacvertplage.fr\\\/sejournez-au-lac-vert\\\/tarifs\\\/\",\"url\":\"https:\\\/\\\/lacvertplage.fr\\\/sejournez-au-lac-vert\\\/tarifs\\\/\",\"name\":\"Tarifs - Base de Loisirs du Lac Vert Plage - Camping en Meuse\",\"isPartOf\":{\"@id\":\"https:\\\/\\\/lacvertplage.fr\\\/#website\"},\"primaryImageOfPage\":{\"@id\":\"https:\\\/\\\/lacvertplage.fr\\\/sejournez-au-lac-vert\\\/tarifs\\\/#primaryimage\"},\"image\":{\"@id\":\"https:\\\/\\\/lacvertplage.fr\\\/sejournez-au-lac-vert\\\/tarifs\\\/#primaryimage\"},\"thumbnailUrl\":\"https:\\\/\\\/lacvertplage.fr\\\/wp-content\\\/uploads\\\/2026\\\/04\\\/Bouton-tarifs-Chalet-300x62.jpeg\",\"datePublished\":\"2014-11-14T08:55:20+00:00\",\"dateModified\":\"2026-04-02T15:41:37+00:00\",\"description\":\"Le camping du Lac Vert en Meuse propose des emplacements de camping pour tentes, caravanes et camping-cars. Emplacements ombrag\u00e9s au bord du Lac.\",\"breadcrumb\":{\"@id\":\"https:\\\/\\\/lacvertplage.fr\\\/sejournez-au-lac-vert\\\/tarifs\\\/#breadcrumb\"},\"inLanguage\":\"de\",\"potentialAction\":[{\"@type\":\"ReadAction\",\"target\":[\"https:\\\/\\\/lacvertplage.fr\\\/sejournez-au-lac-vert\\\/tarifs\\\/\"]}]},{\"@type\":\"ImageObject\",\"inLanguage\":\"de\",\"@id\":\"https:\\\/\\\/lacvertplage.fr\\\/sejournez-au-lac-vert\\\/tarifs\\\/#primaryimage\",\"url\":\"https:\\\/\\\/lacvertplage.fr\\\/wp-content\\\/uploads\\\/2026\\\/04\\\/Bouton-tarifs-Chalet-300x62.jpeg\",\"contentUrl\":\"https:\\\/\\\/lacvertplage.fr\\\/wp-content\\\/uploads\\\/2026\\\/04\\\/Bouton-tarifs-Chalet-300x62.jpeg\"},{\"@type\":\"BreadcrumbList\",\"@id\":\"https:\\\/\\\/lacvertplage.fr\\\/sejournez-au-lac-vert\\\/tarifs\\\/#breadcrumb\",\"itemListElement\":[{\"@type\":\"ListItem\",\"position\":1,\"name\":\"Accueil\",\"item\":\"https:\\\/\\\/lacvertplage.fr\\\/\"},{\"@type\":\"ListItem\",\"position\":2,\"name\":\"S\u00e9journez au Lac Vert\",\"item\":\"https:\\\/\\\/lacvertplage.fr\\\/fr\\\/sejournez-au-lac-vert\\\/\"},{\"@type\":\"ListItem\",\"position\":3,\"name\":\"Nos tarifs\"}]},{\"@type\":\"WebSite\",\"@id\":\"https:\\\/\\\/lacvertplage.fr\\\/#website\",\"url\":\"https:\\\/\\\/lacvertplage.fr\\\/\",\"name\":\"Base de Loisirs du Lac Vert Plage\",\"description\":\"\u00e0 Doulcon dans le Val Dunois en Meuse Lorraine\",\"potentialAction\":[{\"@type\":\"SearchAction\",\"target\":{\"@type\":\"EntryPoint\",\"urlTemplate\":\"https:\\\/\\\/lacvertplage.fr\\\/?s={search_term_string}\"},\"query-input\":{\"@type\":\"PropertyValueSpecification\",\"valueRequired\":true,\"valueName\":\"search_term_string\"}}],\"inLanguage\":\"de\"}]}<\/script>\n<!-- \/ Yoast SEO plugin. -->","yoast_head_json":{"title":"Preise - Base de Loisirs du Lac Vert Plage - Camping en Meuse","description":"Der Campingplatz Lac Vert im Departement Meuse bietet Campingpl\u00e4tze f\u00fcr Zelte, Wohnwagen und Wohnmobile. Schattige Stellpl\u00e4tze am Ufer des Sees.","robots":{"index":"index","follow":"nofollow","max-snippet":"max-snippet:-1","max-image-preview":"max-image-preview:large","max-video-preview":"max-video-preview:-1"},"canonical":"https:\/\/lacvertplage.fr\/de\/sejournez-au-lac-vert\/tarifs\/","og_locale":"de_DE","og_type":"article","og_title":"Tarifs - Base de Loisirs du Lac Vert Plage - Camping en Meuse","og_description":"Le camping du Lac Vert en Meuse propose des emplacements de camping pour tentes, caravanes et camping-cars. Emplacements ombrag\u00e9s au bord du Lac.","og_url":"https:\/\/lacvertplage.fr\/de\/sejournez-au-lac-vert\/tarifs\/","og_site_name":"Base de Loisirs du Lac Vert Plage","article_modified_time":"2026-04-02T15:41:37+00:00","og_image":[{"width":671,"height":139,"url":"https:\/\/lacvertplage.fr\/wp-content\/uploads\/2026\/04\/Bouton-tarifs-Chalet.jpeg","type":"image\/jpeg"}],"twitter_misc":{"Gesch\u00e4tzte Lesezeit":"3\u00a0Minuten"},"schema":{"@context":"https:\/\/schema.org","@graph":[{"@type":"WebPage","@id":"https:\/\/lacvertplage.fr\/sejournez-au-lac-vert\/tarifs\/","url":"https:\/\/lacvertplage.fr\/sejournez-au-lac-vert\/tarifs\/","name":"Preise - Base de Loisirs du Lac Vert Plage - Camping en Meuse","isPartOf":{"@id":"https:\/\/lacvertplage.fr\/#website"},"primaryImageOfPage":{"@id":"https:\/\/lacvertplage.fr\/sejournez-au-lac-vert\/tarifs\/#primaryimage"},"image":{"@id":"https:\/\/lacvertplage.fr\/sejournez-au-lac-vert\/tarifs\/#primaryimage"},"thumbnailUrl":"https:\/\/lacvertplage.fr\/wp-content\/uploads\/2026\/04\/Bouton-tarifs-Chalet-300x62.jpeg","datePublished":"2014-11-14T08:55:20+00:00","dateModified":"2026-04-02T15:41:37+00:00","description":"Der Campingplatz Lac Vert im Departement Meuse bietet Campingpl\u00e4tze f\u00fcr Zelte, Wohnwagen und Wohnmobile. Schattige Stellpl\u00e4tze am Ufer des Sees.","breadcrumb":{"@id":"https:\/\/lacvertplage.fr\/sejournez-au-lac-vert\/tarifs\/#breadcrumb"},"inLanguage":"de","potentialAction":[{"@type":"ReadAction","target":["https:\/\/lacvertplage.fr\/sejournez-au-lac-vert\/tarifs\/"]}]},{"@type":"ImageObject","inLanguage":"de","@id":"https:\/\/lacvertplage.fr\/sejournez-au-lac-vert\/tarifs\/#primaryimage","url":"https:\/\/lacvertplage.fr\/wp-content\/uploads\/2026\/04\/Bouton-tarifs-Chalet-300x62.jpeg","contentUrl":"https:\/\/lacvertplage.fr\/wp-content\/uploads\/2026\/04\/Bouton-tarifs-Chalet-300x62.jpeg"},{"@type":"BreadcrumbList","@id":"https:\/\/lacvertplage.fr\/sejournez-au-lac-vert\/tarifs\/#breadcrumb","itemListElement":[{"@type":"ListItem","position":1,"name":"Accueil","item":"https:\/\/lacvertplage.fr\/"},{"@type":"ListItem","position":2,"name":"S\u00e9journez au Lac Vert","item":"https:\/\/lacvertplage.fr\/fr\/sejournez-au-lac-vert\/"},{"@type":"ListItem","position":3,"name":"Nos tarifs"}]},{"@type":"WebSite","@id":"https:\/\/lacvertplage.fr\/#website","url":"https:\/\/lacvertplage.fr\/","name":"Base de Loisirs du Lac Vert Plage","description":"in Doulcon im Val Dunois in Meuse Lorraine","potentialAction":[{"@type":"SearchAction","target":{"@type":"EntryPoint","urlTemplate":"https:\/\/lacvertplage.fr\/?s={search_term_string}"},"query-input":{"@type":"PropertyValueSpecification","valueRequired":true,"valueName":"search_term_string"}}],"inLanguage":"de"}]}},"_links":{"self":[{"href":"https:\/\/lacvertplage.fr\/de\/wp-json\/wp\/v2\/pages\/127","targetHints":{"allow":["GET"]}}],"collection":[{"href":"https:\/\/lacvertplage.fr\/de\/wp-json\/wp\/v2\/pages"}],"about":[{"href":"https:\/\/lacvertplage.fr\/de\/wp-json\/wp\/v2\/types\/page"}],"author":[{"embeddable":true,"href":"https:\/\/lacvertplage.fr\/de\/wp-json\/wp\/v2\/users\/1"}],"replies":[{"embeddable":true,"href":"https:\/\/lacvertplage.fr\/de\/wp-json\/wp\/v2\/comments?post=127"}],"version-history":[{"count":84,"href":"https:\/\/lacvertplage.fr\/de\/wp-json\/wp\/v2\/pages\/127\/revisions"}],"predecessor-version":[{"id":977,"href":"https:\/\/lacvertplage.fr\/de\/wp-json\/wp\/v2\/pages\/127\/revisions\/977"}],"up":[{"embeddable":true,"href":"https:\/\/lacvertplage.fr\/de\/wp-json\/wp\/v2\/pages\/18"}],"wp:attachment":[{"href":"https:\/\/lacvertplage.fr\/de\/wp-json\/wp\/v2\/media?parent=127"}],"curies":[{"name":"wp","href":"https:\/\/api.w.org\/{rel}","templated":true}]}}