{"id":108,"date":"2014-11-13T16:24:50","date_gmt":"2014-11-13T16:24:50","guid":{"rendered":"http:\/\/lacvertplage.fr\/?page_id=108"},"modified":"2025-07-17T12:04:50","modified_gmt":"2025-07-17T12:04:50","slug":"activites-lac-vert-bowling-pedalos","status":"publish","type":"page","link":"https:\/\/lacvertplage.fr\/de\/activites-lac-vert-bowling-pedalos\/","title":{"rendered":"Unsere Aktivit\u00e4ten am Lac Vert Plage"},"content":{"rendered":"<h2 class=\"wp-block-heading\">Unsere Wasseraktivit\u00e4ten im Jahr 2025<\/h2>\r\n\r\n\r\n\r\n<p style=\"text-align: justify;\">Auf <strong>Gr\u00fcner See in Doulcon\/ Dun-sur-Meuse,<\/strong> bis etwa <strong>30 Min. von Verdun und Sedan entfernt<\/strong>,\u00a0<\/p>\r\n<p style=\"text-align: justify;\">F\u00fcr<strong> f\u00fcr die Kleinen wie f\u00fcr die Gro\u00dfen<\/strong>Entdecken Sie unsere 48 Meter lange Wasserrutsche, die in ein Auffangbecken f\u00fchrt.\u00a0<\/p>\r\n\r\n<blockquote>\r\n<h3>Gut zu wissen:<\/h3>\r\n<ul>\r\n<li>Das Baden ist unbeaufsichtigt und wird wegen fehlender Aufsicht im Jahr 2025 verboten.<\/li>\r\n<li>Der Eintritt in das Freizeitzentrum Lac Vert Plage ist zu Fu\u00df kostenlos,\u00a0<b>Die Fahrzeuge der Besucher sind<\/b>\u00a0verboten, das Gel\u00e4nde von\u00a0<b>camping.<\/b><\/li>\r\n<li>Grillen ist verboten.<\/li>\r\n<\/ul>\r\n<\/blockquote>\r\n\r\n<figure class=\"wp-block-gallery has-nested-images columns-default is-cropped wp-block-gallery-1 is-layout-flex wp-block-gallery-is-layout-flex\">\r\n\r\n\r\n<figure class=\"wp-block-image size-large\"><a href=\"https:\/\/lacvertplage.fr\/wp-content\/uploads\/2014\/11\/bandeau-lac-vert2.jpg\" data-rel=\"lightbox-gallery-0NPBuQoh\" data-rl_title=\"bandeau lac vert2\" data-rl_caption=\"bandeau lac vert2\" title=\"Stirnband gr\u00fcner See2\"><img loading=\"lazy\" decoding=\"async\" width=\"1024\" height=\"440\" data-id=\"67\" class=\"wp-image-67\" src=\"https:\/\/lacvertplage.fr\/wp-content\/uploads\/2014\/11\/bandeau-lac-vert2-1024x440.jpg\" alt=\"Camping p\u00e9dalo 2 \u00e9toiles \u00e0 Dun-sur-Meuse, vall\u00e9e Meusienne, entre Stenay et Verdun\" srcset=\"https:\/\/lacvertplage.fr\/wp-content\/uploads\/2014\/11\/bandeau-lac-vert2-1024x440.jpg 1024w, https:\/\/lacvertplage.fr\/wp-content\/uploads\/2014\/11\/bandeau-lac-vert2-300x129.jpg 300w, https:\/\/lacvertplage.fr\/wp-content\/uploads\/2014\/11\/bandeau-lac-vert2.jpg 1280w\" sizes=\"auto, (max-width: 1024px) 100vw, 1024px\" \/><\/a><\/figure>\r\n<\/figure>\r\n\r\n\r\n\r\n<h2 class=\"wp-block-heading\">Unsere Aktivit\u00e4ten auf dem Wasser<\/h2>\r\n\r\n\r\n\r\n<h3 class=\"wp-block-heading\">Eine kleine Rundfahrt um den See mit dem Tretboot?<\/h3>\r\n\r\n<p style=\"text-align: justify;\">Auf<strong> Snackbar,<\/strong> k\u00f6nnen Sie ein Tretboot mieten, um<strong> 5 oder 6 Personen f\u00fcr 8\u20ac pro halbe Stunde und 15\u20ac pro Stunde.<\/strong> Gehen Sie an Bord, um die Umgebung des Sees zu erkunden.<\/p>\r\n<p style=\"text-align: justify;\">Sie segeln \u00fcber den See und haben nur die planschenden Enten und ein paar Libellen, die sich Ihnen gegen\u00fcber freundlich zeigen, als Gesellschaft. Sie werden etwa eine halbe Stunde brauchen, um den Gr\u00fcnen See zu umrunden. Um das Ende Ihrer Tretbootfahrt etwas aufzulockern, k\u00f6nnten Sie sich ein Wettrennen mit einer Ente liefern, die landeinw\u00e4rts f\u00e4hrt. Wer als Erster am Steg ankommt, gewinnt...<\/p>\r\n\r\n<h2 class=\"wp-block-heading\">Ausstattung und Bedingungen :<\/h2>\r\n\r\n<ul>\r\n<li>Kommen Sie in Basketball<\/li>\r\n<li>Schwimmweste f\u00fcr jeden Passagier erforderlich<\/li>\r\n<li>Kind in Begleitung eines Erwachsenen<\/li>\r\n<li>Ge\u00f6ffnet von Mai bis September<\/li>\r\n<\/ul>\r\n\r\n<figure class=\"wp-block-gallery has-nested-images columns-default is-cropped wp-block-gallery-2 is-layout-flex wp-block-gallery-is-layout-flex\">\r\n<figure class=\"wp-block-image size-large\"><a href=\"https:\/\/lacvertplage.fr\/wp-content\/uploads\/2014\/11\/bandeau_lavert1.jpg\" data-rel=\"lightbox-gallery-0NPBuQoh\" data-rl_title=\"camping lac vert plage base de loisirs\" data-rl_caption=\"camping lac vert plage base de loisirs\" title=\"camping gr\u00fcner see strand freizeitzentrum\"><img loading=\"lazy\" decoding=\"async\" width=\"1024\" height=\"442\" data-id=\"68\" class=\"wp-image-68\" src=\"https:\/\/lacvertplage.fr\/wp-content\/uploads\/2014\/11\/bandeau_lavert1-1024x442.jpg\" alt=\"Camping lac vert plage doulcon Meuse Lorraine\" srcset=\"https:\/\/lacvertplage.fr\/wp-content\/uploads\/2014\/11\/bandeau_lavert1-1024x442.jpg 1024w, https:\/\/lacvertplage.fr\/wp-content\/uploads\/2014\/11\/bandeau_lavert1-300x129.jpg 300w, https:\/\/lacvertplage.fr\/wp-content\/uploads\/2014\/11\/bandeau_lavert1.jpg 1280w\" sizes=\"auto, (max-width: 1024px) 100vw, 1024px\" \/><\/a><\/figure>\r\n\r\n\r\n\r\n<figure class=\"wp-block-image size-large\"><a href=\"https:\/\/lacvertplage.fr\/wp-content\/uploads\/2014\/11\/LacVert1_Codecom-Val-Dunois1260-e1415888396550.jpg\" data-rel=\"lightbox-gallery-0NPBuQoh\" data-rl_title=\"Lac Vert Val Dunois en Meuse lorraine\" data-rl_caption=\"Lac Vert Val Dunois en Meuse lorraine\" title=\"Lac Vert Val Dunois in der lothringischen Maas\"><img loading=\"lazy\" decoding=\"async\" width=\"1024\" height=\"768\" data-id=\"77\" class=\"wp-image-77\" src=\"https:\/\/lacvertplage.fr\/wp-content\/uploads\/2014\/11\/LacVert1_Codecom-Val-Dunois1260-1024x768.jpg\" alt=\"base de loisirs lac vert plage \u00e0 Doulcon en Meuse Lorraine pr\u00e8s de Verdun\" \/><\/a><\/figure>\r\n\r\n\r\n\r\n<figure class=\"wp-block-image size-large\"><a href=\"https:\/\/lacvertplage.fr\/wp-content\/uploads\/2014\/11\/Dun-sur-Meuse-depuis-Meuse-clich\u00e9-OT-Val-Dunois-S-Provost-e1425551915595.jpg\" data-rel=\"lightbox-gallery-0NPBuQoh\" data-rl_title=\"Dun-sur-Meuse depuis Meuse &#8211; clich\u00e9 OT Val Dunois &#8211; S Provost\" data-rl_caption=\"Dun-sur-Meuse depuis Meuse &#8211; clich\u00e9 OT Val Dunois &#8211; S Provost\" title=\"Dun-sur-Meuse von der Maas aus - clich\u00e9 OT Val Dunois - S Provost\"><img loading=\"lazy\" decoding=\"async\" width=\"1024\" height=\"768\" data-id=\"92\" class=\"wp-image-92\" src=\"https:\/\/lacvertplage.fr\/wp-content\/uploads\/2014\/11\/Dun-sur-Meuse-depuis-Meuse-clich\u00e9-OT-Val-Dunois-S-Provost-1024x768.jpg\" alt=\"Village station verte Dun sur Meuse Lac Vert plage Lorraine\" \/><\/a><\/figure>\r\n<\/figure>\r\n\r\n\r\n\r\n<h2 class=\"wp-block-heading\">Aktivit\u00e4ten Angeln<\/h2>\r\n\r\n<p style=\"text-align: justify;\">Unser Lac Vert Plage vereint alle Freuden des gr\u00fcnen Tourismus und des Angelns. Hechte, Zander, Barsche und Karpfen erwarten Sie in den verschiedenen Angelgebieten: See, Fluss Maas oder Ballasttanks, die dem Angelverein geh\u00f6ren.<\/p>\r\n<blockquote>\r\n<h3 style=\"text-align: justify;\">Gut zu wissen<\/h3>\r\n<ul>\r\n<li style=\"text-align: justify;\">Nehmen Sie eine Angelkarte mit, die Sie im Caf\u00e9 an der Schleuse oder im Tabakladen erhalten.<\/li>\r\n<li style=\"text-align: justify;\">Die Angelpl\u00e4tze am Lac Vert: Am Lac Vert in einer g\u00fcnstigen und ruhigen Ecke k\u00f6nnen Sie an mehreren Stellen angeln. F\u00fcr Ihren Komfort stehen Ihnen einige Meter entfernt Picknicktische zur Verf\u00fcgung.<\/li>\r\n<\/ul>\r\n<\/blockquote>\r\n<p style=\"text-align: justify;\">F\u00fcr Ihre Unterkunft haben Sie die Wahl zwischen\u00a0<a href=\"http:\/\/lacvertplage.fr\/de\/sejournez-au-lac-vert\/\">der Campingplatz<\/a> oder die<a href=\"http:\/\/lacvertplage.fr\/de\/sejournez-au-lac-vert\/locations-de-chalets-lac-vert\/\"> Chalets<\/a>.<\/p>\r\n<p style=\"text-align: justify;\">Der Lac Vert Plage ist ein lebendiges Freizeitzentrum mit <strong>zahlreiche Vorschl\u00e4ge f\u00fcr Animationen vor Ort<\/strong>Dabei wird die Ruhe des Ortes respektiert. Wir haben auch viele touristische Partner im Val Dunois.<\/p>","protected":false},"excerpt":{"rendered":"<p>Unsere Aktivit\u00e4ten im Wasser im Jahr 2025 Am Lac Vert in Doulcon\/ Dun-sur-Meuse, ca. 30 min von Verdun und Sedan entfernt, Entdecken Sie f\u00fcr Gro\u00df und Klein unsere <a class=\"more-link\" href=\"https:\/\/lacvertplage.fr\/de\/activites-lac-vert-bowling-pedalos\/\">Weiterlesen \u2192.<\/a><\/p>","protected":false},"author":1,"featured_media":0,"parent":0,"menu_order":0,"comment_status":"closed","ping_status":"closed","template":"","meta":{"_monsterinsights_skip_tracking":false,"_monsterinsights_sitenote_active":false,"_monsterinsights_sitenote_note":"","_monsterinsights_sitenote_category":0,"_uf_show_specific_survey":0,"_uf_disable_surveys":false,"footnotes":""},"class_list":["post-108","page","type-page","status-publish","hentry","semantictags-activites-au-lac-vert-a-doulcon","semantictags-activites-avec-les-enfants","semantictags-activites-en-famille","semantictags-bar","semantictags-dun-sur-meuse","semantictags-lac-vert-doulcon","semantictags-lac-vert-dun-sur-meuse","semantictags-lac-vert-plage","semantictags-soiree-au-lac","semantictags-soiree-au-lac-vert","semantictags-soiree-lac-vert-doulcon","semantictags-st-nicolas-au-lac-vert","semantictags-vacances-en-famille"],"aioseo_notices":[],"yoast_head":"<!-- This site is optimized with the Yoast SEO plugin v27.3 - https:\/\/yoast.com\/product\/yoast-seo-wordpress\/ -->\n<title>Activit\u00e9s pour s&#039;amuser au Lac Vert Plage : p\u00e9dalos, plage, p\u00eache, soir\u00e9es<\/title>\n<meta name=\"description\" content=\"Amusez-vous en famille ou entre amis gr\u00e2ce aux activit\u00e9s du Lac Vert Plage \u00e0 Dun-sur-Meuse \u00e0 30 min de Verdun : plage, p\u00e9dalos, animations, soir\u00e9es\u2026\" \/>\n<meta name=\"robots\" content=\"index, follow, max-snippet:-1, max-image-preview:large, max-video-preview:-1\" \/>\n<link rel=\"canonical\" href=\"https:\/\/lacvertplage.fr\/de\/activites-lac-vert-bowling-pedalos\/\" \/>\n<meta property=\"og:locale\" content=\"de_DE\" \/>\n<meta property=\"og:type\" content=\"article\" \/>\n<meta property=\"og:title\" content=\"Activit\u00e9s pour s&#039;amuser au Lac Vert Plage : p\u00e9dalos, plage, p\u00eache, soir\u00e9es\" \/>\n<meta property=\"og:description\" content=\"Amusez-vous en famille ou entre amis gr\u00e2ce aux activit\u00e9s du Lac Vert Plage \u00e0 Dun-sur-Meuse \u00e0 30 min de Verdun : plage, p\u00e9dalos, animations, soir\u00e9es\u2026\" \/>\n<meta property=\"og:url\" content=\"https:\/\/lacvertplage.fr\/de\/activites-lac-vert-bowling-pedalos\/\" \/>\n<meta property=\"og:site_name\" content=\"Base de Loisirs du Lac Vert Plage\" \/>\n<meta property=\"article:modified_time\" content=\"2025-07-17T12:04:50+00:00\" \/>\n<meta property=\"og:image\" content=\"https:\/\/lacvertplage.fr\/wp-content\/uploads\/2014\/11\/bandeau-lac-vert2.jpg\" \/>\n\t<meta property=\"og:image:width\" content=\"1280\" \/>\n\t<meta property=\"og:image:height\" content=\"551\" \/>\n\t<meta property=\"og:image:type\" content=\"image\/jpeg\" \/>\n<meta name=\"twitter:label1\" content=\"Gesch\u00e4tzte Lesezeit\" \/>\n\t<meta name=\"twitter:data1\" content=\"3\u00a0Minuten\" \/>\n<script type=\"application\/ld+json\" class=\"yoast-schema-graph\">{\"@context\":\"https:\\\/\\\/schema.org\",\"@graph\":[{\"@type\":\"WebPage\",\"@id\":\"https:\\\/\\\/lacvertplage.fr\\\/activites-lac-vert-bowling-pedalos\\\/\",\"url\":\"https:\\\/\\\/lacvertplage.fr\\\/activites-lac-vert-bowling-pedalos\\\/\",\"name\":\"Activit\u00e9s pour s'amuser au Lac Vert Plage : p\u00e9dalos, plage, p\u00eache, soir\u00e9es\",\"isPartOf\":{\"@id\":\"https:\\\/\\\/lacvertplage.fr\\\/#website\"},\"primaryImageOfPage\":{\"@id\":\"https:\\\/\\\/lacvertplage.fr\\\/activites-lac-vert-bowling-pedalos\\\/#primaryimage\"},\"image\":{\"@id\":\"https:\\\/\\\/lacvertplage.fr\\\/activites-lac-vert-bowling-pedalos\\\/#primaryimage\"},\"thumbnailUrl\":\"https:\\\/\\\/lacvertplage.fr\\\/wp-content\\\/uploads\\\/2014\\\/11\\\/bandeau-lac-vert2-1024x440.jpg\",\"datePublished\":\"2014-11-13T16:24:50+00:00\",\"dateModified\":\"2025-07-17T12:04:50+00:00\",\"description\":\"Amusez-vous en famille ou entre amis gr\u00e2ce aux activit\u00e9s du Lac Vert Plage \u00e0 Dun-sur-Meuse \u00e0 30 min de Verdun : plage, p\u00e9dalos, animations, soir\u00e9es\u2026\",\"breadcrumb\":{\"@id\":\"https:\\\/\\\/lacvertplage.fr\\\/activites-lac-vert-bowling-pedalos\\\/#breadcrumb\"},\"inLanguage\":\"de\",\"potentialAction\":[{\"@type\":\"ReadAction\",\"target\":[\"https:\\\/\\\/lacvertplage.fr\\\/activites-lac-vert-bowling-pedalos\\\/\"]}]},{\"@type\":\"ImageObject\",\"inLanguage\":\"de\",\"@id\":\"https:\\\/\\\/lacvertplage.fr\\\/activites-lac-vert-bowling-pedalos\\\/#primaryimage\",\"url\":\"https:\\\/\\\/lacvertplage.fr\\\/wp-content\\\/uploads\\\/2014\\\/11\\\/bandeau-lac-vert2-1024x440.jpg\",\"contentUrl\":\"https:\\\/\\\/lacvertplage.fr\\\/wp-content\\\/uploads\\\/2014\\\/11\\\/bandeau-lac-vert2-1024x440.jpg\"},{\"@type\":\"BreadcrumbList\",\"@id\":\"https:\\\/\\\/lacvertplage.fr\\\/activites-lac-vert-bowling-pedalos\\\/#breadcrumb\",\"itemListElement\":[{\"@type\":\"ListItem\",\"position\":1,\"name\":\"Accueil\",\"item\":\"https:\\\/\\\/lacvertplage.fr\\\/\"},{\"@type\":\"ListItem\",\"position\":2,\"name\":\"Nos activit\u00e9s au lac Vert Plage\"}]},{\"@type\":\"WebSite\",\"@id\":\"https:\\\/\\\/lacvertplage.fr\\\/#website\",\"url\":\"https:\\\/\\\/lacvertplage.fr\\\/\",\"name\":\"Base de Loisirs du Lac Vert Plage\",\"description\":\"\u00e0 Doulcon dans le Val Dunois en Meuse Lorraine\",\"potentialAction\":[{\"@type\":\"SearchAction\",\"target\":{\"@type\":\"EntryPoint\",\"urlTemplate\":\"https:\\\/\\\/lacvertplage.fr\\\/?s={search_term_string}\"},\"query-input\":{\"@type\":\"PropertyValueSpecification\",\"valueRequired\":true,\"valueName\":\"search_term_string\"}}],\"inLanguage\":\"de\"}]}<\/script>\n<!-- \/ Yoast SEO plugin. -->","yoast_head_json":{"title":"Aktivit\u00e4ten, um sich am Lac Vert Plage zu am\u00fcsieren: Tretboote, Strand, Angeln, Abendveranstaltungen","description":"Am\u00fcsieren Sie sich mit der Familie oder mit Freunden dank der Aktivit\u00e4ten des Lac Vert Plage in Dun-sur-Meuse, 30 Minuten von Verdun entfernt: Strand, Tretboote, Animationen, Abendveranstaltungen...","robots":{"index":"index","follow":"follow","max-snippet":"max-snippet:-1","max-image-preview":"max-image-preview:large","max-video-preview":"max-video-preview:-1"},"canonical":"https:\/\/lacvertplage.fr\/de\/activites-lac-vert-bowling-pedalos\/","og_locale":"de_DE","og_type":"article","og_title":"Activit\u00e9s pour s'amuser au Lac Vert Plage : p\u00e9dalos, plage, p\u00eache, soir\u00e9es","og_description":"Amusez-vous en famille ou entre amis gr\u00e2ce aux activit\u00e9s du Lac Vert Plage \u00e0 Dun-sur-Meuse \u00e0 30 min de Verdun : plage, p\u00e9dalos, animations, soir\u00e9es\u2026","og_url":"https:\/\/lacvertplage.fr\/de\/activites-lac-vert-bowling-pedalos\/","og_site_name":"Base de Loisirs du Lac Vert Plage","article_modified_time":"2025-07-17T12:04:50+00:00","og_image":[{"width":1280,"height":551,"url":"https:\/\/lacvertplage.fr\/wp-content\/uploads\/2014\/11\/bandeau-lac-vert2.jpg","type":"image\/jpeg"}],"twitter_misc":{"Gesch\u00e4tzte Lesezeit":"3\u00a0Minuten"},"schema":{"@context":"https:\/\/schema.org","@graph":[{"@type":"WebPage","@id":"https:\/\/lacvertplage.fr\/activites-lac-vert-bowling-pedalos\/","url":"https:\/\/lacvertplage.fr\/activites-lac-vert-bowling-pedalos\/","name":"Aktivit\u00e4ten, um sich am Lac Vert Plage zu am\u00fcsieren: Tretboote, Strand, Angeln, Abendveranstaltungen","isPartOf":{"@id":"https:\/\/lacvertplage.fr\/#website"},"primaryImageOfPage":{"@id":"https:\/\/lacvertplage.fr\/activites-lac-vert-bowling-pedalos\/#primaryimage"},"image":{"@id":"https:\/\/lacvertplage.fr\/activites-lac-vert-bowling-pedalos\/#primaryimage"},"thumbnailUrl":"https:\/\/lacvertplage.fr\/wp-content\/uploads\/2014\/11\/bandeau-lac-vert2-1024x440.jpg","datePublished":"2014-11-13T16:24:50+00:00","dateModified":"2025-07-17T12:04:50+00:00","description":"Am\u00fcsieren Sie sich mit der Familie oder mit Freunden dank der Aktivit\u00e4ten des Lac Vert Plage in Dun-sur-Meuse, 30 Minuten von Verdun entfernt: Strand, Tretboote, Animationen, Abendveranstaltungen...","breadcrumb":{"@id":"https:\/\/lacvertplage.fr\/activites-lac-vert-bowling-pedalos\/#breadcrumb"},"inLanguage":"de","potentialAction":[{"@type":"ReadAction","target":["https:\/\/lacvertplage.fr\/activites-lac-vert-bowling-pedalos\/"]}]},{"@type":"ImageObject","inLanguage":"de","@id":"https:\/\/lacvertplage.fr\/activites-lac-vert-bowling-pedalos\/#primaryimage","url":"https:\/\/lacvertplage.fr\/wp-content\/uploads\/2014\/11\/bandeau-lac-vert2-1024x440.jpg","contentUrl":"https:\/\/lacvertplage.fr\/wp-content\/uploads\/2014\/11\/bandeau-lac-vert2-1024x440.jpg"},{"@type":"BreadcrumbList","@id":"https:\/\/lacvertplage.fr\/activites-lac-vert-bowling-pedalos\/#breadcrumb","itemListElement":[{"@type":"ListItem","position":1,"name":"Accueil","item":"https:\/\/lacvertplage.fr\/"},{"@type":"ListItem","position":2,"name":"Nos activit\u00e9s au lac Vert Plage"}]},{"@type":"WebSite","@id":"https:\/\/lacvertplage.fr\/#website","url":"https:\/\/lacvertplage.fr\/","name":"Base de Loisirs du Lac Vert Plage","description":"in Doulcon im Val Dunois in Meuse Lorraine","potentialAction":[{"@type":"SearchAction","target":{"@type":"EntryPoint","urlTemplate":"https:\/\/lacvertplage.fr\/?s={search_term_string}"},"query-input":{"@type":"PropertyValueSpecification","valueRequired":true,"valueName":"search_term_string"}}],"inLanguage":"de"}]}},"_links":{"self":[{"href":"https:\/\/lacvertplage.fr\/de\/wp-json\/wp\/v2\/pages\/108","targetHints":{"allow":["GET"]}}],"collection":[{"href":"https:\/\/lacvertplage.fr\/de\/wp-json\/wp\/v2\/pages"}],"about":[{"href":"https:\/\/lacvertplage.fr\/de\/wp-json\/wp\/v2\/types\/page"}],"author":[{"embeddable":true,"href":"https:\/\/lacvertplage.fr\/de\/wp-json\/wp\/v2\/users\/1"}],"replies":[{"embeddable":true,"href":"https:\/\/lacvertplage.fr\/de\/wp-json\/wp\/v2\/comments?post=108"}],"version-history":[{"count":26,"href":"https:\/\/lacvertplage.fr\/de\/wp-json\/wp\/v2\/pages\/108\/revisions"}],"predecessor-version":[{"id":946,"href":"https:\/\/lacvertplage.fr\/de\/wp-json\/wp\/v2\/pages\/108\/revisions\/946"}],"wp:attachment":[{"href":"https:\/\/lacvertplage.fr\/de\/wp-json\/wp\/v2\/media?parent=108"}],"curies":[{"name":"wp","href":"https:\/\/api.w.org\/{rel}","templated":true}]}}