{"id":23,"date":"2014-11-13T10:11:20","date_gmt":"2014-11-13T10:11:20","guid":{"rendered":"http:\/\/lacvertplage.fr\/?page_id=23"},"modified":"2024-07-25T16:13:19","modified_gmt":"2024-07-25T16:13:19","slug":"camping-lac-vert-doulcon","status":"publish","type":"page","link":"http:\/\/lacvertplage.fr\/nl_nl\/sejournez-au-lac-vert\/camping-lac-vert-doulcon\/","title":{"rendered":"Camping Du Lac Vert"},"content":{"rendered":"<h2 class=\"wp-block-heading\">Onze Locaties :<\/h2>\r\n\r\n\r\n\r\n<div class=\"wp-block-columns is-layout-flex wp-container-core-columns-is-layout-9d6595d7 wp-block-columns-is-layout-flex\">\r\n<div class=\"wp-block-column is-layout-flow wp-block-column-is-layout-flow\" style=\"flex-basis: 33.33%;\">\r\n<figure class=\"wp-block-image size-large\"><a href=\"https:\/\/lacvertplage.fr\/wp-content\/uploads\/2014\/11\/campings.jpg\" data-rel=\"lightbox-gallery-kxRSorpH\" data-rl_title=\"Camping lac vert plage meuse\" data-rl_caption=\"Camping lac vert plage meuse\" title=\"Camping lac vert plage meuse\"><img loading=\"lazy\" decoding=\"async\" width=\"300\" height=\"225\" class=\"wp-image-53\" src=\"https:\/\/lacvertplage.fr\/wp-content\/uploads\/2014\/11\/campings.jpg\" alt=\"Camping 2 \u00e9toiles dun sur meuse\" \/><\/a><\/figure>\r\n<\/div>\r\n\r\n\r\n\r\n<div class=\"wp-block-column is-layout-flow wp-block-column-is-layout-flow\" style=\"flex-basis: 66.66%;\">\r\n<p style=\"text-align: justify;\">We bieden 431 staanplaatsen van 70 tot 150 m<sup>2<\/sup>\u00a0<\/p>\r\n<p style=\"text-align: justify;\">131 Vrije tijd 292 Toerisme<\/p>\r\n<p style=\"text-align: justify;\">De 431 plaatsen zijn als volgt verdeeld: 372 plaatsen zonder sanitair 51 plaatsen met sanitair, waaronder 18 huurplaatsen. We hebben ook 8 camperplaatsen.\u00a0\u00a0<\/p>\r\n<p style=\"text-align: justify;\">van <a title=\"Onze tarieven\" href=\"http:\/\/lacvertplage.fr\/nl_nl\/sejournez-au-lac-vert\/tarifs\/\">11,50 per nacht<\/a>. Of je nu met je tent of je caravan komt, ontwaak in het hart van het lieflijke Val Dunois op een rustgevende camping. s Ochtends kun je in het stadje Dun-sur-Meuse warme croissants en vers brood halen bij de bakker op een steenworp afstand van de camping.<\/p>\r\n<\/div>\r\n<\/div>\r\n\r\n\r\n\r\n<h2 class=\"wp-block-heading\">De kampeerders :<\/h2>\r\n\r\n<p style=\"text-align: justify;\">Kies de locatie die het beste bij je past. Gezinnen met jonge kinderen geven misschien de voorkeur aan het midden van de camping, dicht bij de volledig uitgeruste sanitaire voorzieningen en de speeltuin. Anderen geven de voorkeur aan het uiterste puntje van de camping, met gemakkelijke toegang tot het meer om te vissen, rond het meer te wandelen of gewoon om even uit te rusten en de natuur te observeren.<\/p>\r\n<p style=\"text-align: justify;\">Elke kampeerplaats is geschikt voor maximaal 6 personen.<\/p>\r\n<p style=\"text-align: justify;\">Onze kampeerplaatsen zijn allemaal voorzien van elektriciteit (10 Amp). Vergeet niet een verlengsnoer en een Europese stekker mee te nemen. We hebben staanplaatsen en sanitaire voorzieningen voor mensen met beperkte mobiliteit.<\/p>\r\n<p><a href=\"https:\/\/lacvertplage.fr\/wp-content\/uploads\/2024\/07\/raccordement-electrique-pour-le-camping.jpg\" data-rel=\"lightbox-gallery-kxRSorpH\" data-rl_title=\"raccordement-electrique-pour-le-camping\" data-rl_caption=\"raccordement-electrique-pour-le-camping\" title=\"elektrische-aansluiting-voor-camping\"><img loading=\"lazy\" decoding=\"async\" class=\"alignnone  wp-image-906\" src=\"https:\/\/lacvertplage.fr\/wp-content\/uploads\/2024\/07\/raccordement-electrique-pour-le-camping-300x300.jpg\" alt=\"\" width=\"131\" height=\"131\" srcset=\"https:\/\/lacvertplage.fr\/wp-content\/uploads\/2024\/07\/raccordement-electrique-pour-le-camping-300x300.jpg 300w, https:\/\/lacvertplage.fr\/wp-content\/uploads\/2024\/07\/raccordement-electrique-pour-le-camping-150x150.jpg 150w, https:\/\/lacvertplage.fr\/wp-content\/uploads\/2024\/07\/raccordement-electrique-pour-le-camping-768x768.jpg 768w, https:\/\/lacvertplage.fr\/wp-content\/uploads\/2024\/07\/raccordement-electrique-pour-le-camping-12x12.jpg 12w, https:\/\/lacvertplage.fr\/wp-content\/uploads\/2024\/07\/raccordement-electrique-pour-le-camping.jpg 969w\" sizes=\"auto, (max-width: 131px) 100vw, 131px\" \/><\/a><\/p>\r\n<p style=\"text-align: justify;\">Minderjarigen mogen niet alleen boeken of verblijven op de camping. Ze moeten tijdens hun hele verblijf begeleid worden door hun ouders.<\/p>\r\n<p style=\"text-align: justify;\">Een identiteitsbewijs is verplicht voor iedereen die op camping Lac Vert Plage wil verblijven.<\/p>\r\n<p style=\"text-align: justify;\">U kunt het beste een kampeerplaats reserveren per telefoon op 03 29 80 90 38 of via de <a href=\"https:\/\/lacvertplage.fr\/nl_nl\/sejournez-au-lac-vert\/pre-reservation-en-ligne\/\">voorboeking<\/a>.<\/p>\r\n\r\n<h2 class=\"wp-block-heading\">Residenti\u00eble of langdurige kampeerders :<\/h2>\r\n\r\n<p style=\"text-align: justify;\">Ben je een liefhebber van het buitenleven en wil je 3 maanden, 6 maanden of de hele tijd dat de camping open is blijven? Samen vinden we het pakket en de kampeerplaats die bij je passen.<\/p>\r\n<p style=\"text-align: justify;\"><a title=\"Neem contact met ons op\" href=\"https:\/\/lacvertplage.fr\/nl_nl\/contactez\/\">Neem nu contact met ons op!<\/a><\/p>\r\n\r\n<h2 class=\"wp-block-heading\">Onze diensten :<\/h2>\r\n\r\n<ul>\r\n<li style=\"text-align: justify;\">Onze camping is uitgerust met 6 toiletgebouwen met wastafels, douches en toiletten, en toiletten voor mensen met een beperkte mobiliteit, die \u00e9\u00e9n keer per dag worden schoongemaakt.<\/li>\r\n<li style=\"text-align: justify;\">Onze wasfaciliteiten, wasdroger en wasmachine staan tot je beschikking.<\/li>\r\n<li style=\"text-align: justify;\">Bij de ingang van de camping vind je een wasserette met 1 x 16kg en 2 x 8kg wasmachines en een 16kg wasdroger.<\/li>\r\n<li style=\"text-align: justify;\">Voor een hapje eten is er een nabijgelegen snackbar met een terras met 60 zitplaatsen en een uitzonderlijk uitzicht over Lac Vert, waar we je in het weekend en van maandag tot zondag van juli tot eind augustus verwelkomen.<\/li>\r\n<li style=\"text-align: justify;\">Je kunt ook de partnerrestaurants van de stad verkennen.<\/li>\r\n<li style=\"text-align: justify;\">Onze camping is uitgerust met gratis beveiligde WiFi-toegang.<\/li>\r\n<\/ul>\r\n\r\n<h2 class=\"wp-block-heading\">Op zoek naar een kruidenierswinkel?<\/h2>\r\n\r\n\r\n\r\n<div class=\"wp-block-columns is-layout-flex wp-container-core-columns-is-layout-9d6595d7 wp-block-columns-is-layout-flex\">\r\n<div class=\"wp-block-column is-layout-flow wp-block-column-is-layout-flow\" style=\"flex-basis: 66.66%;\">\r\n<p style=\"text-align: justify;\">Op loopafstand vind je de Coccinelle-supermarkt die van maandag- en zondagochtend geopend is van 8.00 tot 19.00 uur, en de Intermarch\u00e9-vestiging die van maandag tot zaterdag geopend is. Ze hebben alles wat je nodig hebt voor je verblijf.<\/p>\r\n<\/div>\r\n\r\n\r\n\r\n<div class=\"wp-block-column is-layout-flow wp-block-column-is-layout-flow\" style=\"flex-basis: 33.33%;\">\r\n<figure class=\"wp-block-image size-large\"><a href=\"https:\/\/lacvertplage.fr\/wp-content\/uploads\/2014\/11\/stationverte_logo_144px.jpg\" data-rel=\"lightbox-gallery-kxRSorpH\" data-rl_title=\"station_verte_logo_144px\" data-rl_caption=\"station_verte_logo_144px\" title=\"station_verte_logo_144px\"><img loading=\"lazy\" decoding=\"async\" width=\"144\" height=\"144\" class=\"wp-image-13\" src=\"https:\/\/lacvertplage.fr\/wp-content\/uploads\/2014\/11\/stationverte_logo_144px.jpg\" alt=\"logo lac vert doulcon station verte\" \/><\/a><\/figure>\r\n<\/div>\r\n<\/div>","protected":false},"excerpt":{"rendered":"<p>Onze kampeerplaatsen : Wij bieden 431 staanplaatsen van 70 tot 150 m2 131 Recreatie 292 Toerisme De 431 staanplaatsen zijn als volgt onderverdeeld: 372 staanplaatsen zonder afwatering 51 staanplaatsen met afwatering <a class=\"more-link\" href=\"http:\/\/lacvertplage.fr\/nl_nl\/sejournez-au-lac-vert\/camping-lac-vert-doulcon\/\">Lees meer \u2192<\/a><\/p>","protected":false},"author":1,"featured_media":0,"parent":18,"menu_order":0,"comment_status":"closed","ping_status":"closed","template":"","meta":{"_monsterinsights_skip_tracking":false,"_monsterinsights_sitenote_active":false,"_monsterinsights_sitenote_note":"","_monsterinsights_sitenote_category":0,"_uf_show_specific_survey":0,"_uf_disable_surveys":false,"footnotes":""},"class_list":["post-23","page","type-page","status-publish","hentry","semantictags-bas-e-de-loisirs-lac-vert-55","semantictags-campeurs","semantictags-camping","semantictags-camping-2-etoiles-doulcon","semantictags-camping-2-etoiles-lorraine","semantictags-camping-2-etoiles-meuse","semantictags-camping-2etoiles","semantictags-camping-doulcon","semantictags-camping-dun-sur-meuse","semantictags-camping-famille","semantictags-camping-lorraine","semantictags-camping-meuse","semantictags-camping-stenay","semantictags-lac-vert","semantictags-lac-vert-doulcon","semantictags-location-emplacement-camping-2-etoiles","semantictags-location-emplacement-camping-lac-vert","semantictags-location-emplacement-camping-lac-vert-plage","semantictags-station-verte-lac-vert-doulcon-55","semantictags-toile-de-tente"],"aioseo_notices":[],"yoast_head":"<!-- This site is optimized with the Yoast SEO plugin v27.5 - https:\/\/yoast.com\/product\/yoast-seo-wordpress\/ -->\n<title>Camping du Lac Vert pr\u00e8s de Dun-sur-Meuse - Lorraine<\/title>\n<meta name=\"description\" content=\"Le camping du Lac Vert est situ\u00e9 pr\u00e8s de Dun-sur-Meuse en Lorraine. Plus de 400 emplacements pour tentes, caravanes ou camping-cars. Class\u00e9 2 \u00e9toiles.\" \/>\n<meta name=\"robots\" content=\"index, follow, max-snippet:-1, max-image-preview:large, max-video-preview:-1\" \/>\n<link rel=\"canonical\" href=\"https:\/\/lacvertplage.fr\/nl_nl\/sejournez-au-lac-vert\/camping-lac-vert-doulcon\/\" \/>\n<meta property=\"og:locale\" content=\"nl_NL\" \/>\n<meta property=\"og:type\" content=\"article\" \/>\n<meta property=\"og:title\" content=\"Camping du Lac Vert pr\u00e8s de Dun-sur-Meuse - Lorraine\" \/>\n<meta property=\"og:description\" content=\"Le camping du Lac Vert est situ\u00e9 pr\u00e8s de Dun-sur-Meuse en Lorraine. Plus de 400 emplacements pour tentes, caravanes ou camping-cars. Class\u00e9 2 \u00e9toiles.\" \/>\n<meta property=\"og:url\" content=\"https:\/\/lacvertplage.fr\/nl_nl\/sejournez-au-lac-vert\/camping-lac-vert-doulcon\/\" \/>\n<meta property=\"og:site_name\" content=\"Base de Loisirs du Lac Vert Plage\" \/>\n<meta property=\"article:modified_time\" content=\"2024-07-25T16:13:19+00:00\" \/>\n<meta property=\"og:image\" content=\"https:\/\/lacvertplage.fr\/wp-content\/uploads\/2014\/11\/campings.jpg\" \/>\n<meta name=\"twitter:label1\" content=\"Geschatte leestijd\" \/>\n\t<meta name=\"twitter:data1\" content=\"4 minuten\" \/>\n<script type=\"application\/ld+json\" class=\"yoast-schema-graph\">{\"@context\":\"https:\\\/\\\/schema.org\",\"@graph\":[{\"@type\":\"WebPage\",\"@id\":\"https:\\\/\\\/lacvertplage.fr\\\/sejournez-au-lac-vert\\\/camping-lac-vert-doulcon\\\/\",\"url\":\"https:\\\/\\\/lacvertplage.fr\\\/sejournez-au-lac-vert\\\/camping-lac-vert-doulcon\\\/\",\"name\":\"Camping du Lac Vert pr\u00e8s de Dun-sur-Meuse - Lorraine\",\"isPartOf\":{\"@id\":\"https:\\\/\\\/lacvertplage.fr\\\/#website\"},\"primaryImageOfPage\":{\"@id\":\"https:\\\/\\\/lacvertplage.fr\\\/sejournez-au-lac-vert\\\/camping-lac-vert-doulcon\\\/#primaryimage\"},\"image\":{\"@id\":\"https:\\\/\\\/lacvertplage.fr\\\/sejournez-au-lac-vert\\\/camping-lac-vert-doulcon\\\/#primaryimage\"},\"thumbnailUrl\":\"https:\\\/\\\/lacvertplage.fr\\\/wp-content\\\/uploads\\\/2014\\\/11\\\/campings.jpg\",\"datePublished\":\"2014-11-13T10:11:20+00:00\",\"dateModified\":\"2024-07-25T16:13:19+00:00\",\"description\":\"Le camping du Lac Vert est situ\u00e9 pr\u00e8s de Dun-sur-Meuse en Lorraine. Plus de 400 emplacements pour tentes, caravanes ou camping-cars. Class\u00e9 2 \u00e9toiles.\",\"breadcrumb\":{\"@id\":\"https:\\\/\\\/lacvertplage.fr\\\/sejournez-au-lac-vert\\\/camping-lac-vert-doulcon\\\/#breadcrumb\"},\"inLanguage\":\"nl-NL\",\"potentialAction\":[{\"@type\":\"ReadAction\",\"target\":[\"https:\\\/\\\/lacvertplage.fr\\\/sejournez-au-lac-vert\\\/camping-lac-vert-doulcon\\\/\"]}]},{\"@type\":\"ImageObject\",\"inLanguage\":\"nl-NL\",\"@id\":\"https:\\\/\\\/lacvertplage.fr\\\/sejournez-au-lac-vert\\\/camping-lac-vert-doulcon\\\/#primaryimage\",\"url\":\"https:\\\/\\\/lacvertplage.fr\\\/wp-content\\\/uploads\\\/2014\\\/11\\\/campings.jpg\",\"contentUrl\":\"https:\\\/\\\/lacvertplage.fr\\\/wp-content\\\/uploads\\\/2014\\\/11\\\/campings.jpg\"},{\"@type\":\"BreadcrumbList\",\"@id\":\"https:\\\/\\\/lacvertplage.fr\\\/sejournez-au-lac-vert\\\/camping-lac-vert-doulcon\\\/#breadcrumb\",\"itemListElement\":[{\"@type\":\"ListItem\",\"position\":1,\"name\":\"Accueil\",\"item\":\"https:\\\/\\\/lacvertplage.fr\\\/\"},{\"@type\":\"ListItem\",\"position\":2,\"name\":\"S\u00e9journez au Lac Vert\",\"item\":\"https:\\\/\\\/lacvertplage.fr\\\/fr\\\/sejournez-au-lac-vert\\\/\"},{\"@type\":\"ListItem\",\"position\":3,\"name\":\"Camping du Lac Vert\"}]},{\"@type\":\"WebSite\",\"@id\":\"https:\\\/\\\/lacvertplage.fr\\\/#website\",\"url\":\"https:\\\/\\\/lacvertplage.fr\\\/\",\"name\":\"Base de Loisirs du Lac Vert Plage\",\"description\":\"\u00e0 Doulcon dans le Val Dunois en Meuse Lorraine\",\"potentialAction\":[{\"@type\":\"SearchAction\",\"target\":{\"@type\":\"EntryPoint\",\"urlTemplate\":\"https:\\\/\\\/lacvertplage.fr\\\/?s={search_term_string}\"},\"query-input\":{\"@type\":\"PropertyValueSpecification\",\"valueRequired\":true,\"valueName\":\"search_term_string\"}}],\"inLanguage\":\"nl-NL\"}]}<\/script>\n<!-- \/ Yoast SEO plugin. -->","yoast_head_json":{"title":"Camping du Lac Vert bij Dun-sur-Meuse - Lotharingen","description":"Camping Lac Vert ligt bij Dun-sur-Meuse in Lotharingen. Meer dan 400 plaatsen voor tenten, caravans of campers. Beoordeling 2 sterren.","robots":{"index":"index","follow":"follow","max-snippet":"max-snippet:-1","max-image-preview":"max-image-preview:large","max-video-preview":"max-video-preview:-1"},"canonical":"https:\/\/lacvertplage.fr\/nl_nl\/sejournez-au-lac-vert\/camping-lac-vert-doulcon\/","og_locale":"nl_NL","og_type":"article","og_title":"Camping du Lac Vert pr\u00e8s de Dun-sur-Meuse - Lorraine","og_description":"Le camping du Lac Vert est situ\u00e9 pr\u00e8s de Dun-sur-Meuse en Lorraine. Plus de 400 emplacements pour tentes, caravanes ou camping-cars. Class\u00e9 2 \u00e9toiles.","og_url":"https:\/\/lacvertplage.fr\/nl_nl\/sejournez-au-lac-vert\/camping-lac-vert-doulcon\/","og_site_name":"Base de Loisirs du Lac Vert Plage","article_modified_time":"2024-07-25T16:13:19+00:00","og_image":[{"url":"https:\/\/lacvertplage.fr\/wp-content\/uploads\/2014\/11\/campings.jpg","type":"","width":"","height":""}],"twitter_misc":{"Geschatte leestijd":"4 minuten"},"schema":{"@context":"https:\/\/schema.org","@graph":[{"@type":"WebPage","@id":"https:\/\/lacvertplage.fr\/sejournez-au-lac-vert\/camping-lac-vert-doulcon\/","url":"https:\/\/lacvertplage.fr\/sejournez-au-lac-vert\/camping-lac-vert-doulcon\/","name":"Camping du Lac Vert bij Dun-sur-Meuse - Lotharingen","isPartOf":{"@id":"https:\/\/lacvertplage.fr\/#website"},"primaryImageOfPage":{"@id":"https:\/\/lacvertplage.fr\/sejournez-au-lac-vert\/camping-lac-vert-doulcon\/#primaryimage"},"image":{"@id":"https:\/\/lacvertplage.fr\/sejournez-au-lac-vert\/camping-lac-vert-doulcon\/#primaryimage"},"thumbnailUrl":"https:\/\/lacvertplage.fr\/wp-content\/uploads\/2014\/11\/campings.jpg","datePublished":"2014-11-13T10:11:20+00:00","dateModified":"2024-07-25T16:13:19+00:00","description":"Camping Lac Vert ligt bij Dun-sur-Meuse in Lotharingen. Meer dan 400 plaatsen voor tenten, caravans of campers. Beoordeling 2 sterren.","breadcrumb":{"@id":"https:\/\/lacvertplage.fr\/sejournez-au-lac-vert\/camping-lac-vert-doulcon\/#breadcrumb"},"inLanguage":"nl-NL","potentialAction":[{"@type":"ReadAction","target":["https:\/\/lacvertplage.fr\/sejournez-au-lac-vert\/camping-lac-vert-doulcon\/"]}]},{"@type":"ImageObject","inLanguage":"nl-NL","@id":"https:\/\/lacvertplage.fr\/sejournez-au-lac-vert\/camping-lac-vert-doulcon\/#primaryimage","url":"https:\/\/lacvertplage.fr\/wp-content\/uploads\/2014\/11\/campings.jpg","contentUrl":"https:\/\/lacvertplage.fr\/wp-content\/uploads\/2014\/11\/campings.jpg"},{"@type":"BreadcrumbList","@id":"https:\/\/lacvertplage.fr\/sejournez-au-lac-vert\/camping-lac-vert-doulcon\/#breadcrumb","itemListElement":[{"@type":"ListItem","position":1,"name":"Accueil","item":"https:\/\/lacvertplage.fr\/"},{"@type":"ListItem","position":2,"name":"S\u00e9journez au Lac Vert","item":"https:\/\/lacvertplage.fr\/fr\/sejournez-au-lac-vert\/"},{"@type":"ListItem","position":3,"name":"Camping du Lac Vert"}]},{"@type":"WebSite","@id":"https:\/\/lacvertplage.fr\/#website","url":"https:\/\/lacvertplage.fr\/","name":"Recreatiebasis Lac Vert Plage","description":"bij Doulcon in de Val Dunois in Maas-Lotharingen","potentialAction":[{"@type":"SearchAction","target":{"@type":"EntryPoint","urlTemplate":"https:\/\/lacvertplage.fr\/?s={search_term_string}"},"query-input":{"@type":"PropertyValueSpecification","valueRequired":true,"valueName":"search_term_string"}}],"inLanguage":"nl-NL"}]}},"_links":{"self":[{"href":"http:\/\/lacvertplage.fr\/nl_nl\/wp-json\/wp\/v2\/pages\/23","targetHints":{"allow":["GET"]}}],"collection":[{"href":"http:\/\/lacvertplage.fr\/nl_nl\/wp-json\/wp\/v2\/pages"}],"about":[{"href":"http:\/\/lacvertplage.fr\/nl_nl\/wp-json\/wp\/v2\/types\/page"}],"author":[{"embeddable":true,"href":"http:\/\/lacvertplage.fr\/nl_nl\/wp-json\/wp\/v2\/users\/1"}],"replies":[{"embeddable":true,"href":"http:\/\/lacvertplage.fr\/nl_nl\/wp-json\/wp\/v2\/comments?post=23"}],"version-history":[{"count":35,"href":"http:\/\/lacvertplage.fr\/nl_nl\/wp-json\/wp\/v2\/pages\/23\/revisions"}],"predecessor-version":[{"id":907,"href":"http:\/\/lacvertplage.fr\/nl_nl\/wp-json\/wp\/v2\/pages\/23\/revisions\/907"}],"up":[{"embeddable":true,"href":"http:\/\/lacvertplage.fr\/nl_nl\/wp-json\/wp\/v2\/pages\/18"}],"wp:attachment":[{"href":"http:\/\/lacvertplage.fr\/nl_nl\/wp-json\/wp\/v2\/media?parent=23"}],"curies":[{"name":"wp","href":"https:\/\/api.w.org\/{rel}","templated":true}]}}