{"id":7,"date":"2014-11-13T09:33:10","date_gmt":"2014-11-13T09:33:10","guid":{"rendered":"http:\/\/lacvertplage.fr\/?page_id=7"},"modified":"2025-07-03T14:11:27","modified_gmt":"2025-07-03T14:11:27","slug":"base-de-loisirs-lac-vert-camping","status":"publish","type":"page","link":"http:\/\/lacvertplage.fr\/en\/","title":{"rendered":"Lac Vert leisure centre and campsite"},"content":{"rendered":"<p style=\"text-align: justify;\">Not far from the <strong>Belgium<\/strong> between <strong>Sedan<\/strong> and <strong>Verdun<\/strong>at the heart of the <strong>Val Dunois, in Doulcon and Dun sur Meuse in Lorraine<\/strong>come and enjoy a stay for 2, with friends or family at the <strong>Lac Vert leisure centre<\/strong> labelled\u00a0<a title=\"green resort label site\" href=\"https:\/\/le-val-dunois.stationverte.com\/fr\/respirez\/le-val-dunois\/aire-de-camping-cars-de-dun-sur-meuse_s2054_t52760_59.html\" target=\"_blank\" rel=\"noopener noreferrer\">Station Verte<\/a>. The Lac Vert leisure park offers families a concentrate of nature and sport. There's a lake for swimming and water sports, green spaces for walks and picnics, and a host of activities throughout the summer.<\/p>\n<p style=\"text-align: justify;\">Entrance to the Lac Vert Plage leisure centre is free on foot, <b>Visitors' cars are<\/b>\u00a0<strong>prohibited in the campsite.<\/strong><\/p>\n<p>Picnics: a dozen tables are available around the Lac Vert Plage leisure centre, some in the shade, others in the sun.<\/p>\n<p>You can also opt for simplicity and prefer\u00a0<strong>picnic on the grass<\/strong>.<\/p>\n<p><strong>Use of barbecues of any kind<\/strong>\u00a0(coal or gas...) <strong>is prohibited by municipal decree throughout the Lac Vert Plage leisure park <\/strong>except for people staying on site.<\/p>\n<p>From <strong>1st April to 30th September<\/strong>discover our <a title=\"Stay at Lac Vert\" href=\"https:\/\/lacvertplage.fr\/en\/sejournez-au-lac-vert\/\">accommodation<\/a>our Lac Vert campsite and our <a title=\"Fun at Lac Vert: Bowling, entertainment\" href=\"https:\/\/lacvertplage.fr\/en\/activites-lac-vert-bowling-pedalos\/\">leisure activities<\/a>.<\/p>\n<p style=\"text-align: justify;\">Located on the site of a former ballasti\u00e8re dug out in the 1930s, the Lac Vert leisure centre covers 18 hectares around a 6-hectare lake. Developed with a beach and campsite since 1950, the site has been managed by the Communaut\u00e9 de Communes du pays de Stenay et du Val Dunois since 1994.<\/p>","protected":false},"excerpt":{"rendered":"<p>Not far from Belgium, between Sedan and Verdun, in the heart of the Val Dunois, in Doulcon and Dun sur Meuse in Lorraine, come and enjoy a stay for 2, with friends or family. <a class=\"more-link\" href=\"http:\/\/lacvertplage.fr\/en\/\">Read more \u2192<\/a><\/p>","protected":false},"author":1,"featured_media":0,"parent":0,"menu_order":0,"comment_status":"closed","ping_status":"closed","template":"","meta":{"_monsterinsights_skip_tracking":false,"_monsterinsights_sitenote_active":false,"_monsterinsights_sitenote_note":"","_monsterinsights_sitenote_category":0,"_uf_show_specific_survey":0,"_uf_disable_surveys":false,"footnotes":""},"class_list":["post-7","page","type-page","status-publish","hentry","semantictags-base-de-loisirs","semantictags-lac-vert-base-de-loisirs","semantictags-lac-vert-dun-sur-meuse","semantictags-lac-vert-meuse","semantictags-lac-vert-plage","semantictags-lac-vert-plage-doulcon","semantictags-lorraine","semantictags-meuse","semantictags-reims","semantictags-sedan","semantictags-station-verte-lac-vert-doulcon-55","semantictags-stenay","semantictags-verdun"],"aioseo_notices":[],"yoast_head":"<!-- This site is optimized with the Yoast SEO plugin v27.3 - https:\/\/yoast.com\/product\/yoast-seo-wordpress\/ -->\n<title>Base de loisirs du Lac Vert \u00e0 Doulcon \/ Dun-sur-Meuse - Meuse - Lorraine<\/title>\n<meta name=\"description\" content=\"La base de loisirs du Lac Vert vous accueille \u00e0 Doulcon entre Sedan et Verdun (Meuse - Lorraine). Camping 2 \u00e9toiles, p\u00eache, plage, sport nautique...\" \/>\n<meta name=\"robots\" content=\"index, follow, max-snippet:-1, max-image-preview:large, max-video-preview:-1\" \/>\n<link rel=\"canonical\" href=\"https:\/\/lacvertplage.fr\/en\/\" \/>\n<meta property=\"og:locale\" content=\"en_GB\" \/>\n<meta property=\"og:type\" content=\"article\" \/>\n<meta property=\"og:title\" content=\"Base de loisirs du Lac Vert \u00e0 Doulcon \/ Dun-sur-Meuse - Meuse - Lorraine\" \/>\n<meta property=\"og:description\" content=\"La base de loisirs du Lac Vert vous accueille \u00e0 Doulcon entre Sedan et Verdun (Meuse - Lorraine). Camping 2 \u00e9toiles, p\u00eache, plage, sport nautique...\" \/>\n<meta property=\"og:url\" content=\"https:\/\/lacvertplage.fr\/en\/\" \/>\n<meta property=\"og:site_name\" content=\"Base de Loisirs du Lac Vert Plage\" \/>\n<meta property=\"article:modified_time\" content=\"2025-07-03T14:11:27+00:00\" \/>\n<meta name=\"twitter:label1\" content=\"Estimated reading time\" \/>\n\t<meta name=\"twitter:data1\" content=\"2 minutes\" \/>\n<script type=\"application\/ld+json\" class=\"yoast-schema-graph\">{\"@context\":\"https:\\\/\\\/schema.org\",\"@graph\":[{\"@type\":\"WebPage\",\"@id\":\"https:\\\/\\\/lacvertplage.fr\\\/\",\"url\":\"https:\\\/\\\/lacvertplage.fr\\\/\",\"name\":\"Base de loisirs du Lac Vert \u00e0 Doulcon \\\/ Dun-sur-Meuse - Meuse - Lorraine\",\"isPartOf\":{\"@id\":\"https:\\\/\\\/lacvertplage.fr\\\/#website\"},\"datePublished\":\"2014-11-13T09:33:10+00:00\",\"dateModified\":\"2025-07-03T14:11:27+00:00\",\"description\":\"La base de loisirs du Lac Vert vous accueille \u00e0 Doulcon entre Sedan et Verdun (Meuse - Lorraine). Camping 2 \u00e9toiles, p\u00eache, plage, sport nautique...\",\"breadcrumb\":{\"@id\":\"https:\\\/\\\/lacvertplage.fr\\\/#breadcrumb\"},\"inLanguage\":\"en-GB\",\"potentialAction\":[{\"@type\":\"ReadAction\",\"target\":[\"https:\\\/\\\/lacvertplage.fr\\\/\"]}]},{\"@type\":\"BreadcrumbList\",\"@id\":\"https:\\\/\\\/lacvertplage.fr\\\/#breadcrumb\",\"itemListElement\":[{\"@type\":\"ListItem\",\"position\":1,\"name\":\"Accueil\",\"item\":\"https:\\\/\\\/lacvertplage.fr\\\/\"},{\"@type\":\"ListItem\",\"position\":2,\"name\":\"Base de loisirs du Lac Vert &#038; son camping\"}]},{\"@type\":\"WebSite\",\"@id\":\"https:\\\/\\\/lacvertplage.fr\\\/#website\",\"url\":\"https:\\\/\\\/lacvertplage.fr\\\/\",\"name\":\"Base de Loisirs du Lac Vert Plage\",\"description\":\"\u00e0 Doulcon dans le Val Dunois en Meuse Lorraine\",\"potentialAction\":[{\"@type\":\"SearchAction\",\"target\":{\"@type\":\"EntryPoint\",\"urlTemplate\":\"https:\\\/\\\/lacvertplage.fr\\\/?s={search_term_string}\"},\"query-input\":{\"@type\":\"PropertyValueSpecification\",\"valueRequired\":true,\"valueName\":\"search_term_string\"}}],\"inLanguage\":\"en-GB\"}]}<\/script>\n<!-- \/ Yoast SEO plugin. -->","yoast_head_json":{"title":"Lac Vert leisure centre at Doulcon \/ Dun-sur-Meuse - Meuse - Lorraine","description":"The Lac Vert leisure park welcomes you to Doulcon between Sedan and Verdun (Meuse - Lorraine). 2-star campsite, fishing, beach, water sports...","robots":{"index":"index","follow":"follow","max-snippet":"max-snippet:-1","max-image-preview":"max-image-preview:large","max-video-preview":"max-video-preview:-1"},"canonical":"https:\/\/lacvertplage.fr\/en\/","og_locale":"en_GB","og_type":"article","og_title":"Base de loisirs du Lac Vert \u00e0 Doulcon \/ Dun-sur-Meuse - Meuse - Lorraine","og_description":"La base de loisirs du Lac Vert vous accueille \u00e0 Doulcon entre Sedan et Verdun (Meuse - Lorraine). Camping 2 \u00e9toiles, p\u00eache, plage, sport nautique...","og_url":"https:\/\/lacvertplage.fr\/en\/","og_site_name":"Base de Loisirs du Lac Vert Plage","article_modified_time":"2025-07-03T14:11:27+00:00","twitter_misc":{"Estimated reading time":"2 minutes"},"schema":{"@context":"https:\/\/schema.org","@graph":[{"@type":"WebPage","@id":"https:\/\/lacvertplage.fr\/","url":"https:\/\/lacvertplage.fr\/","name":"Lac Vert leisure centre at Doulcon \/ Dun-sur-Meuse - Meuse - Lorraine","isPartOf":{"@id":"https:\/\/lacvertplage.fr\/#website"},"datePublished":"2014-11-13T09:33:10+00:00","dateModified":"2025-07-03T14:11:27+00:00","description":"The Lac Vert leisure park welcomes you to Doulcon between Sedan and Verdun (Meuse - Lorraine). 2-star campsite, fishing, beach, water sports...","breadcrumb":{"@id":"https:\/\/lacvertplage.fr\/#breadcrumb"},"inLanguage":"en-GB","potentialAction":[{"@type":"ReadAction","target":["https:\/\/lacvertplage.fr\/"]}]},{"@type":"BreadcrumbList","@id":"https:\/\/lacvertplage.fr\/#breadcrumb","itemListElement":[{"@type":"ListItem","position":1,"name":"Accueil","item":"https:\/\/lacvertplage.fr\/"},{"@type":"ListItem","position":2,"name":"Base de loisirs du Lac Vert &#038; son camping"}]},{"@type":"WebSite","@id":"https:\/\/lacvertplage.fr\/#website","url":"https:\/\/lacvertplage.fr\/","name":"Base de Loisirs du Lac Vert Plage","description":"at Doulcon in the Val Dunois in Meuse Lorraine","potentialAction":[{"@type":"SearchAction","target":{"@type":"EntryPoint","urlTemplate":"https:\/\/lacvertplage.fr\/?s={search_term_string}"},"query-input":{"@type":"PropertyValueSpecification","valueRequired":true,"valueName":"search_term_string"}}],"inLanguage":"en-GB"}]}},"_links":{"self":[{"href":"http:\/\/lacvertplage.fr\/en\/wp-json\/wp\/v2\/pages\/7","targetHints":{"allow":["GET"]}}],"collection":[{"href":"http:\/\/lacvertplage.fr\/en\/wp-json\/wp\/v2\/pages"}],"about":[{"href":"http:\/\/lacvertplage.fr\/en\/wp-json\/wp\/v2\/types\/page"}],"author":[{"embeddable":true,"href":"http:\/\/lacvertplage.fr\/en\/wp-json\/wp\/v2\/users\/1"}],"replies":[{"embeddable":true,"href":"http:\/\/lacvertplage.fr\/en\/wp-json\/wp\/v2\/comments?post=7"}],"version-history":[{"count":22,"href":"http:\/\/lacvertplage.fr\/en\/wp-json\/wp\/v2\/pages\/7\/revisions"}],"predecessor-version":[{"id":942,"href":"http:\/\/lacvertplage.fr\/en\/wp-json\/wp\/v2\/pages\/7\/revisions\/942"}],"wp:attachment":[{"href":"http:\/\/lacvertplage.fr\/en\/wp-json\/wp\/v2\/media?parent=7"}],"curies":[{"name":"wp","href":"https:\/\/api.w.org\/{rel}","templated":true}]}}