{"id":910,"date":"2025-02-06T09:32:02","date_gmt":"2025-02-06T09:32:02","guid":{"rendered":"https:\/\/lacvertplage.fr\/?page_id=910"},"modified":"2025-02-06T09:37:28","modified_gmt":"2025-02-06T09:37:28","slug":"re-dynamisation-et-developpement-du-lac-vert-plage","status":"publish","type":"page","link":"http:\/\/lacvertplage.fr\/de\/re-dynamisation-et-developpement-du-lac-vert-plage\/","title":{"rendered":"Re Dynamisierung und Entwicklung des Gr\u00fcnen Sees Strand"},"content":{"rendered":"<p><strong>Re Dynamisierung und Entwicklung des touristischen Angebots von Lac Vert Plage<\/strong><\/p>\n<p>Der Gemeindeverband f\u00fchrte ein\u00a0<strong>umfassendes Projekt zur Modernisierung und Entwicklung der Anlage am Gr\u00fcnen See.<\/strong><\/p>\n<p>Sie hat sich ausgestattet mit <strong>6 H\u00fctte<\/strong>s als Ersatz f\u00fcr alte Chalets, die \u00e4lter als 25 Jahre sind und nicht mehr mit der Nachfrage nach Unterk\u00fcnften vereinbar sind, darunter 1 Chalet, das f\u00fcr Menschen mit eingeschr\u00e4nkter Mobilit\u00e4t geeignet ist.<\/p>\n<p>Da der Gr\u00fcne See auch ein Ort der Begegnung zwischen Touristen, Einheimischen mit einer wichtigen sozialen Mischung ist, hat die Gemeinschaft den Campingplatz ausgestattet mit <strong>2 von Spielpl\u00e4tzen<\/strong> sich in die Kulisse des Gr\u00fcnen Sees einf\u00fcgen und mit ihr verschmelzen.<\/p>\n<p>In einem anderen Zusammenhang wird derzeit ein Projekt zur Schaffung einer gr\u00fcnen Fahrradroute ausgearbeitet, die direkt am Campingplatz vorbeif\u00fchren soll. Angesichts der gro\u00dfen Nachfrage von Radfahrern auf der Durchreise, die in der Regel eine Nacht auf dem Campingplatz verbringen m\u00f6chten, hat die Gemeinde folgende Ma\u00dfnahmen ergriffen <strong>4 POD<\/strong>Diese Unterkunft ist ideal f\u00fcr die Nachfrage nach einer einzigen \u00dcbernachtung f\u00fcr Radfahrer, um das Angebot in der Gegend zu erweitern. Dieses Angebot ist einzigartig in der Region. In der Idee, die sanfte Mobilit\u00e4t zu entwickeln und zu f\u00f6rdern, wurde ein Empfangsbereich f\u00fcr Radfahrer eingerichtet, in dem \u00fcberdachte Picknicktische aufgestellt wurden, die es den Menschen erm\u00f6glichen, sich f\u00fcr die Dauer eines Picknicks niederzulassen und sich bei Regen unterstellen zu k\u00f6nnen.<\/p>\n<p>Dieses Projekt wurde erm\u00f6glicht durch die Unterst\u00fctzung von<strong>Europ\u00e4ische Union<\/strong> durch den <strong>Europ\u00e4ischer Landwirtschaftsfonds<\/strong> f\u00fcr die l\u00e4ndliche Entwicklung.<\/p>\n<p>Dieses Projekt kostete 333.832,45 \u20ac und wurde zu 70% durch den <strong>ELER<\/strong>.<\/p>\n<div style=\"width: 750px;\" class=\"wp-video\"><video class=\"wp-video-shortcode\" id=\"video-910-1\" width=\"750\" height=\"750\" preload=\"metadata\" controls=\"controls\"><source type=\"video\/mp4\" src=\"https:\/\/lacvertplage.fr\/wp-content\/uploads\/2025\/02\/Lac-Vert.mp4?_=1\" \/><a href=\"https:\/\/lacvertplage.fr\/wp-content\/uploads\/2025\/02\/Lac-Vert.mp4\">https:\/\/lacvertplage.fr\/wp-content\/uploads\/2025\/02\/Lac-Vert.mp4<\/a><\/video><\/div>","protected":false},"excerpt":{"rendered":"<p>Re Dynamisierung und Entwicklung des touristischen Angebots am Lac Vert Plage Die Kommunalverwaltung hat ein umfassendes Projekt zur Modernisierung und Entwicklung des Standorts Lac Vert durchgef\u00fchrt. Sie <a class=\"more-link\" href=\"http:\/\/lacvertplage.fr\/de\/re-dynamisation-et-developpement-du-lac-vert-plage\/\">Weiterlesen \u2192.<\/a><\/p>","protected":false},"author":1,"featured_media":0,"parent":0,"menu_order":0,"comment_status":"closed","ping_status":"closed","template":"","meta":{"_monsterinsights_skip_tracking":false,"_monsterinsights_sitenote_active":false,"_monsterinsights_sitenote_note":"","_monsterinsights_sitenote_category":0,"_uf_show_specific_survey":0,"_uf_disable_surveys":false,"footnotes":""},"class_list":["post-910","page","type-page","status-publish","hentry"],"aioseo_notices":[],"yoast_head":"<!-- This site is optimized with the Yoast SEO plugin v27.5 - https:\/\/yoast.com\/product\/yoast-seo-wordpress\/ -->\n<title>Re dynamisation et d\u00e9veloppement du Lac Vert Plage - Base de Loisirs du Lac Vert Plage<\/title>\n<meta name=\"robots\" content=\"index, follow, max-snippet:-1, max-image-preview:large, max-video-preview:-1\" \/>\n<link rel=\"canonical\" href=\"https:\/\/lacvertplage.fr\/de\/re-dynamisation-et-developpement-du-lac-vert-plage\/\" \/>\n<meta property=\"og:locale\" content=\"de_DE\" \/>\n<meta property=\"og:type\" content=\"article\" \/>\n<meta property=\"og:title\" content=\"Re dynamisation et d\u00e9veloppement du Lac Vert Plage - Base de Loisirs du Lac Vert Plage\" \/>\n<meta property=\"og:description\" content=\"Re dynamisation et d\u00e9veloppement de l\u2019offre touristique du Lac Vert Plage La communaut\u00e9 de communes a men\u00e9 un\u00a0projet global de modernisation et de d\u00e9veloppement du site du Lac Vert. Elle Lire la suite \u2192\" \/>\n<meta property=\"og:url\" content=\"https:\/\/lacvertplage.fr\/de\/re-dynamisation-et-developpement-du-lac-vert-plage\/\" \/>\n<meta property=\"og:site_name\" content=\"Base de Loisirs du Lac Vert Plage\" \/>\n<meta property=\"article:modified_time\" content=\"2025-02-06T09:37:28+00:00\" \/>\n<meta name=\"twitter:label1\" content=\"Gesch\u00e4tzte Lesezeit\" \/>\n\t<meta name=\"twitter:data1\" content=\"2\u00a0Minuten\" \/>\n<script type=\"application\/ld+json\" class=\"yoast-schema-graph\">{\"@context\":\"https:\\\/\\\/schema.org\",\"@graph\":[{\"@type\":\"WebPage\",\"@id\":\"https:\\\/\\\/lacvertplage.fr\\\/re-dynamisation-et-developpement-du-lac-vert-plage\\\/\",\"url\":\"https:\\\/\\\/lacvertplage.fr\\\/re-dynamisation-et-developpement-du-lac-vert-plage\\\/\",\"name\":\"Re dynamisation et d\u00e9veloppement du Lac Vert Plage - Base de Loisirs du Lac Vert Plage\",\"isPartOf\":{\"@id\":\"https:\\\/\\\/lacvertplage.fr\\\/#website\"},\"datePublished\":\"2025-02-06T09:32:02+00:00\",\"dateModified\":\"2025-02-06T09:37:28+00:00\",\"breadcrumb\":{\"@id\":\"https:\\\/\\\/lacvertplage.fr\\\/re-dynamisation-et-developpement-du-lac-vert-plage\\\/#breadcrumb\"},\"inLanguage\":\"de\",\"potentialAction\":[{\"@type\":\"ReadAction\",\"target\":[\"https:\\\/\\\/lacvertplage.fr\\\/re-dynamisation-et-developpement-du-lac-vert-plage\\\/\"]}]},{\"@type\":\"BreadcrumbList\",\"@id\":\"https:\\\/\\\/lacvertplage.fr\\\/re-dynamisation-et-developpement-du-lac-vert-plage\\\/#breadcrumb\",\"itemListElement\":[{\"@type\":\"ListItem\",\"position\":1,\"name\":\"Accueil\",\"item\":\"https:\\\/\\\/lacvertplage.fr\\\/\"},{\"@type\":\"ListItem\",\"position\":2,\"name\":\"Re dynamisation et d\u00e9veloppement du Lac Vert Plage\"}]},{\"@type\":\"WebSite\",\"@id\":\"https:\\\/\\\/lacvertplage.fr\\\/#website\",\"url\":\"https:\\\/\\\/lacvertplage.fr\\\/\",\"name\":\"Base de Loisirs du Lac Vert Plage\",\"description\":\"\u00e0 Doulcon dans le Val Dunois en Meuse Lorraine\",\"potentialAction\":[{\"@type\":\"SearchAction\",\"target\":{\"@type\":\"EntryPoint\",\"urlTemplate\":\"https:\\\/\\\/lacvertplage.fr\\\/?s={search_term_string}\"},\"query-input\":{\"@type\":\"PropertyValueSpecification\",\"valueRequired\":true,\"valueName\":\"search_term_string\"}}],\"inLanguage\":\"de\"}]}<\/script>\n<!-- \/ Yoast SEO plugin. -->","yoast_head_json":{"title":"Re dynamisation et d\u00e9veloppement du Lac Vert Plage - Base de Loisirs du Lac Vert Plage","robots":{"index":"index","follow":"follow","max-snippet":"max-snippet:-1","max-image-preview":"max-image-preview:large","max-video-preview":"max-video-preview:-1"},"canonical":"https:\/\/lacvertplage.fr\/de\/re-dynamisation-et-developpement-du-lac-vert-plage\/","og_locale":"de_DE","og_type":"article","og_title":"Re dynamisation et d\u00e9veloppement du Lac Vert Plage - Base de Loisirs du Lac Vert Plage","og_description":"Re dynamisation et d\u00e9veloppement de l\u2019offre touristique du Lac Vert Plage La communaut\u00e9 de communes a men\u00e9 un\u00a0projet global de modernisation et de d\u00e9veloppement du site du Lac Vert. Elle Lire la suite \u2192","og_url":"https:\/\/lacvertplage.fr\/de\/re-dynamisation-et-developpement-du-lac-vert-plage\/","og_site_name":"Base de Loisirs du Lac Vert Plage","article_modified_time":"2025-02-06T09:37:28+00:00","twitter_misc":{"Gesch\u00e4tzte Lesezeit":"2\u00a0Minuten"},"schema":{"@context":"https:\/\/schema.org","@graph":[{"@type":"WebPage","@id":"https:\/\/lacvertplage.fr\/re-dynamisation-et-developpement-du-lac-vert-plage\/","url":"https:\/\/lacvertplage.fr\/re-dynamisation-et-developpement-du-lac-vert-plage\/","name":"Re dynamisation et d\u00e9veloppement du Lac Vert Plage - Base de Loisirs du Lac Vert Plage","isPartOf":{"@id":"https:\/\/lacvertplage.fr\/#website"},"datePublished":"2025-02-06T09:32:02+00:00","dateModified":"2025-02-06T09:37:28+00:00","breadcrumb":{"@id":"https:\/\/lacvertplage.fr\/re-dynamisation-et-developpement-du-lac-vert-plage\/#breadcrumb"},"inLanguage":"de","potentialAction":[{"@type":"ReadAction","target":["https:\/\/lacvertplage.fr\/re-dynamisation-et-developpement-du-lac-vert-plage\/"]}]},{"@type":"BreadcrumbList","@id":"https:\/\/lacvertplage.fr\/re-dynamisation-et-developpement-du-lac-vert-plage\/#breadcrumb","itemListElement":[{"@type":"ListItem","position":1,"name":"Accueil","item":"https:\/\/lacvertplage.fr\/"},{"@type":"ListItem","position":2,"name":"Re dynamisation et d\u00e9veloppement du Lac Vert Plage"}]},{"@type":"WebSite","@id":"https:\/\/lacvertplage.fr\/#website","url":"https:\/\/lacvertplage.fr\/","name":"Base de Loisirs du Lac Vert Plage","description":"in Doulcon im Val Dunois in Meuse Lorraine","potentialAction":[{"@type":"SearchAction","target":{"@type":"EntryPoint","urlTemplate":"https:\/\/lacvertplage.fr\/?s={search_term_string}"},"query-input":{"@type":"PropertyValueSpecification","valueRequired":true,"valueName":"search_term_string"}}],"inLanguage":"de"}]}},"_links":{"self":[{"href":"http:\/\/lacvertplage.fr\/de\/wp-json\/wp\/v2\/pages\/910","targetHints":{"allow":["GET"]}}],"collection":[{"href":"http:\/\/lacvertplage.fr\/de\/wp-json\/wp\/v2\/pages"}],"about":[{"href":"http:\/\/lacvertplage.fr\/de\/wp-json\/wp\/v2\/types\/page"}],"author":[{"embeddable":true,"href":"http:\/\/lacvertplage.fr\/de\/wp-json\/wp\/v2\/users\/1"}],"replies":[{"embeddable":true,"href":"http:\/\/lacvertplage.fr\/de\/wp-json\/wp\/v2\/comments?post=910"}],"version-history":[{"count":4,"href":"http:\/\/lacvertplage.fr\/de\/wp-json\/wp\/v2\/pages\/910\/revisions"}],"predecessor-version":[{"id":919,"href":"http:\/\/lacvertplage.fr\/de\/wp-json\/wp\/v2\/pages\/910\/revisions\/919"}],"wp:attachment":[{"href":"http:\/\/lacvertplage.fr\/de\/wp-json\/wp\/v2\/media?parent=910"}],"curies":[{"name":"wp","href":"https:\/\/api.w.org\/{rel}","templated":true}]}}